{"id":486,"date":"2021-09-13T00:00:07","date_gmt":"2021-09-13T00:00:07","guid":{"rendered":"http:\/\/sachaqente.com\/ger\/?page_id=486"},"modified":"2022-02-28T01:43:04","modified_gmt":"2022-02-28T01:43:04","slug":"behandlung","status":"publish","type":"page","link":"https:\/\/sachaqente.com\/ger\/behandlung\/","title":{"rendered":"Behandlung"},"content":{"rendered":"\t\t<div data-elementor-type=\"wp-page\" data-elementor-id=\"486\" class=\"elementor elementor-486\" data-elementor-post-type=\"page\">\n\t\t\t\t\t\t<section class=\"elementor-section elementor-top-section elementor-element elementor-element-51233ce0 elementor-section-boxed elementor-section-height-default elementor-section-height-default\" data-id=\"51233ce0\" data-element_type=\"section\" data-e-type=\"section\">\n\t\t\t\t\t\t<div class=\"elementor-container elementor-column-gap-default\">\n\t\t\t\t\t<div class=\"elementor-column elementor-col-100 elementor-top-column elementor-element elementor-element-7b413dde\" data-id=\"7b413dde\" data-element_type=\"column\" data-e-type=\"column\">\n\t\t\t<div class=\"elementor-widget-wrap elementor-element-populated\">\n\t\t\t\t\t\t<div class=\"elementor-element elementor-element-5deca3b2 elementor-widget elementor-widget-heading\" data-id=\"5deca3b2\" data-element_type=\"widget\" data-e-type=\"widget\" id=\"titulo\" data-widget_type=\"heading.default\">\n\t\t\t\t<div class=\"elementor-widget-container\">\n\t\t\t\t\t<h2 class=\"elementor-heading-title elementor-size-default\">Traditionelle Anden-Amazonas Medizin (MTAAZ)<\/h2>\t\t\t\t<\/div>\n\t\t\t\t<\/div>\n\t\t\t\t<div class=\"elementor-element elementor-element-53e6db78 elementor-widget-divider--view-line elementor-widget elementor-widget-divider\" data-id=\"53e6db78\" data-element_type=\"widget\" data-e-type=\"widget\" data-widget_type=\"divider.default\">\n\t\t\t\t<div class=\"elementor-widget-container\">\n\t\t\t\t\t\t\t<div class=\"elementor-divider\">\n\t\t\t<span class=\"elementor-divider-separator\">\n\t\t\t\t\t\t<\/span>\n\t\t<\/div>\n\t\t\t\t\t\t<\/div>\n\t\t\t\t<\/div>\n\t\t\t\t<div class=\"elementor-element elementor-element-27909ade elementor-widget elementor-widget-text-editor\" data-id=\"27909ade\" data-element_type=\"widget\" data-e-type=\"widget\" id=\"parrafo\" data-widget_type=\"text-editor.default\">\n\t\t\t\t<div class=\"elementor-widget-container\">\n\t\t\t\t\t\t\t\t\t<p>Dr. Pio Vucetich Nu\u00f1ez del Prado ist auf die Behandlung von Suchterkrankungen spezialisiert und kombiniert die Techniken der Traditionellen Anden-Amazonas Medizin (MTAAZ) und der Psychotherapie. Sucht ist nach Auffassung des MTAAZ eine geistige Mangelkrankheit und sollte als solche angegangen werden. Die Person f\u00fchlt eine Leere und das Bed\u00fcrfnis, einen Sinn im Leben zu finden, und da diese nicht zu weiss wie es geht, f\u00fcllt man diese Leere mit Substanzen.<\/p><p>Suchterkrankungen kann man nicht vergleichen, aber das Ziel ist sich zu zentriert, um eine Verbindung zu seinem Inneren herzustellen. Es gibt einige spezielle Pflanzenprotokoll zur Reinigung und Entgiftung, und danach werden die Ayahuasca-Zeremonien durchgef\u00fchrt. Wenn Patienten sich wieder mit ihrem Wesen verbinden, kann man sagen, dass es keine Substanz oder Drogen gibt, die der Erfahrung einer spirituellen Begegnung gleichkommt.<\/p><p>Was wir im MTAAZ suchen ist, dass die Person die F\u00e4higkeit entwickelt, die Sucht sogar noch zu verst\u00e4rken, aber nicht mit der Suchtsubstanz oder -situation, sondern mit sich selbst, mit dem eigenen Wesen, der Seele, mit der eigenen Erfahrung, mit dem, was man in sich hat; und das befreit einen von der Sucht im Au\u00dfen.<\/p>\t\t\t\t\t\t\t\t<\/div>\n\t\t\t\t<\/div>\n\t\t\t\t<div class=\"elementor-element elementor-element-c8acd6f elementor-widget elementor-widget-image\" data-id=\"c8acd6f\" data-element_type=\"widget\" data-e-type=\"widget\" data-widget_type=\"image.default\">\n\t\t\t\t<div class=\"elementor-widget-container\">\n\t\t\t\t\t\t\t\t\t\t\t\t\t\t\t<img fetchpriority=\"high\" decoding=\"async\" width=\"620\" height=\"270\" src=\"https:\/\/sachaqente.com\/ger\/wp-content\/uploads\/2021\/10\/colibri-sachaqente-1.jpg\" class=\"attachment-large size-large wp-image-1170\" alt=\"\" srcset=\"https:\/\/sachaqente.com\/ger\/wp-content\/uploads\/2021\/10\/colibri-sachaqente-1.jpg 620w, https:\/\/sachaqente.com\/ger\/wp-content\/uploads\/2021\/10\/colibri-sachaqente-1-300x131.jpg 300w\" sizes=\"(max-width: 620px) 100vw, 620px\" \/>\t\t\t\t\t\t\t\t\t\t\t\t\t\t\t<\/div>\n\t\t\t\t<\/div>\n\t\t\t\t<div class=\"elementor-element elementor-element-27602d5 elementor-widget elementor-widget-text-editor\" data-id=\"27602d5\" data-element_type=\"widget\" data-e-type=\"widget\" id=\"parrafo\" data-widget_type=\"text-editor.default\">\n\t\t\t\t<div class=\"elementor-widget-container\">\n\t\t\t\t\t\t\t\t\t<p>Das Ayahuasca \u00f6ffnet einen, hilft Blockaden zu l\u00f6sen, sie ist ein Mittel zum Zweck; Man nennt sie auch \u201e\u00e4ltere Schwester\u201c , die uns dabei hilft und leitet und uns zu dieser Wiedervereinigung mit uns selbst f\u00fchren kann. Die Erfahrung, die die Person macht, ist nicht das Ergebnis der Einnahme einer Substanz, sondern das Erlebnis einer Wiederverbindung mit sich, mit seinem \u201eSein\u201c, und genau das kann sp\u00e4ter im t\u00e4glichen Leben angewendet werden.<br \/>Wenn man sich mit sich selbst verbindet, hat man eine Befreiungserfahrung, denn die Seele ist eine unglaubliche Quelle von Gesundheit und Kreativit\u00e4t, auf diese Weise findet der Mensch in sich selbst die Antwort darauf, was er wirklich im Leben tun m\u00f6chte. Es gibt eine wiederaufbauende, reparierende Art der Arbeit, sie beginnt damit, sich mit dem eigenen K\u00f6rper zu vers\u00f6hnen und die eigenen Emotionen zu reinigen.<\/p><p>Suchtbehandlungen bei Sacha Q&#8217;ente sind individuell und abh\u00e4ngig von den Bed\u00fcrfnissen jeder Person.<br \/>Um einen konkreten Fall zu erfragen, kontaktieren Sie uns bitte.<\/p>\t\t\t\t\t\t\t\t<\/div>\n\t\t\t\t<\/div>\n\t\t\t\t\t<\/div>\n\t\t<\/div>\n\t\t\t\t\t<\/div>\n\t\t<\/section>\n\t\t\t\t<section class=\"elementor-section elementor-top-section elementor-element elementor-element-47fee398 elementor-section-boxed elementor-section-height-default elementor-section-height-default\" data-id=\"47fee398\" data-element_type=\"section\" data-e-type=\"section\" data-settings=\"{&quot;background_background&quot;:&quot;classic&quot;}\">\n\t\t\t\t\t\t<div class=\"elementor-container elementor-column-gap-default\">\n\t\t\t\t\t<div class=\"elementor-column elementor-col-100 elementor-top-column elementor-element elementor-element-5f1673c\" data-id=\"5f1673c\" data-element_type=\"column\" data-e-type=\"column\">\n\t\t\t<div class=\"elementor-widget-wrap elementor-element-populated\">\n\t\t\t\t\t\t<div class=\"elementor-element elementor-element-284811cc elementor-cta--skin-classic elementor-animated-content elementor-widget elementor-widget-call-to-action\" data-id=\"284811cc\" data-element_type=\"widget\" data-e-type=\"widget\" data-widget_type=\"call-to-action.default\">\n\t\t\t\t<div class=\"elementor-widget-container\">\n\t\t\t\t\t\t\t<div class=\"elementor-cta\">\n\t\t\t\t\t\t\t<div class=\"elementor-cta__content\">\n\t\t\t\t\n\t\t\t\t\t\t\t\t\t<h2 class=\"elementor-cta__title elementor-cta__content-item elementor-content-item\">\n\t\t\t\t\t\tWollen sie, dass wir ihnen helfen, etwas anderes zu wissen?\t\t\t\t\t<\/h2>\n\t\t\t\t\n\t\t\t\t\n\t\t\t\t\t\t\t\t\t<div class=\"elementor-cta__button-wrapper elementor-cta__content-item elementor-content-item \">\n\t\t\t\t\t<a class=\"elementor-cta__button elementor-button elementor-size-lg\" href=\"https:\/\/sachaqente.com\/ger\/beratung\/\">\n\t\t\t\t\t\tSCHREIBEN SIE UNS\t\t\t\t\t<\/a>\n\t\t\t\t\t<\/div>\n\t\t\t\t\t\t\t<\/div>\n\t\t\t\t\t\t<\/div>\n\t\t\t\t\t\t<\/div>\n\t\t\t\t<\/div>\n\t\t\t\t\t<\/div>\n\t\t<\/div>\n\t\t\t\t\t<\/div>\n\t\t<\/section>\n\t\t\t\t<\/div>\n\t\t","protected":false},"excerpt":{"rendered":"<p>Traditionelle Anden-Amazonas Medizin (MTAAZ) Dr. Pio Vucetich Nu\u00f1ez del Prado ist auf die Behandlung von Suchterkrankungen spezialisiert und kombiniert die Techniken der Traditionellen Anden-Amazonas Medizin (MTAAZ) und der Psychotherapie. Sucht ist nach Auffassung des MTAAZ eine geistige Mangelkrankheit und sollte als solche angegangen werden. Die Person f\u00fchlt eine Leere und das Bed\u00fcrfnis, einen Sinn im &hellip;<\/p>\n<p class=\"read-more\"> <a class=\"\" href=\"https:\/\/sachaqente.com\/ger\/behandlung\/\"> <span class=\"screen-reader-text\">Behandlung<\/span> Leer m\u00e1s &raquo;<\/a><\/p>\n","protected":false},"author":1,"featured_media":0,"parent":0,"menu_order":0,"comment_status":"closed","ping_status":"closed","template":"elementor_header_footer","meta":{"site-sidebar-layout":"no-sidebar","site-content-layout":"page-builder","ast-main-header-display":"","ast-hfb-above-header-display":"","ast-hfb-below-header-display":"","ast-hfb-mobile-header-display":"","site-post-title":"disabled","ast-breadcrumbs-content":"","ast-featured-img":"disabled","footer-sml-layout":"","theme-transparent-header-meta":"default","adv-header-id-meta":"","stick-header-meta":"","header-above-stick-meta":"","header-main-stick-meta":"","header-below-stick-meta":"","footnotes":""},"class_list":["post-486","page","type-page","status-publish","hentry"],"_links":{"self":[{"href":"https:\/\/sachaqente.com\/ger\/wp-json\/wp\/v2\/pages\/486","targetHints":{"allow":["GET"]}}],"collection":[{"href":"https:\/\/sachaqente.com\/ger\/wp-json\/wp\/v2\/pages"}],"about":[{"href":"https:\/\/sachaqente.com\/ger\/wp-json\/wp\/v2\/types\/page"}],"author":[{"embeddable":true,"href":"https:\/\/sachaqente.com\/ger\/wp-json\/wp\/v2\/users\/1"}],"replies":[{"embeddable":true,"href":"https:\/\/sachaqente.com\/ger\/wp-json\/wp\/v2\/comments?post=486"}],"version-history":[{"count":28,"href":"https:\/\/sachaqente.com\/ger\/wp-json\/wp\/v2\/pages\/486\/revisions"}],"predecessor-version":[{"id":2689,"href":"https:\/\/sachaqente.com\/ger\/wp-json\/wp\/v2\/pages\/486\/revisions\/2689"}],"wp:attachment":[{"href":"https:\/\/sachaqente.com\/ger\/wp-json\/wp\/v2\/media?parent=486"}],"curies":[{"name":"wp","href":"https:\/\/api.w.org\/{rel}","templated":true}]}}