{"id":2220,"date":"2021-12-27T23:19:42","date_gmt":"2021-12-27T23:19:42","guid":{"rendered":"http:\/\/sachaqente.com\/ger\/?page_id=2220"},"modified":"2022-03-09T00:00:22","modified_gmt":"2022-03-09T00:00:22","slug":"wie-kommt-man-nach-sacha-qente","status":"publish","type":"page","link":"https:\/\/sachaqente.com\/ger\/praktische-informationen-fur-den-besucher\/wie-kommt-man-nach-sacha-qente\/","title":{"rendered":"Wie kommt man"},"content":{"rendered":"\t\t<div data-elementor-type=\"wp-page\" data-elementor-id=\"2220\" class=\"elementor elementor-2220\" data-elementor-post-type=\"page\">\n\t\t\t\t\t\t<section class=\"elementor-section elementor-top-section elementor-element elementor-element-117dd1dd elementor-section-boxed elementor-section-height-default elementor-section-height-default\" data-id=\"117dd1dd\" data-element_type=\"section\" data-e-type=\"section\">\n\t\t\t\t\t\t<div class=\"elementor-container elementor-column-gap-default\">\n\t\t\t\t\t<div class=\"elementor-column elementor-col-50 elementor-top-column elementor-element elementor-element-57a427dc\" data-id=\"57a427dc\" data-element_type=\"column\" data-e-type=\"column\">\n\t\t\t<div class=\"elementor-widget-wrap elementor-element-populated\">\n\t\t\t\t\t\t<div class=\"elementor-element elementor-element-3830eaee eael_simple_menu_hamburger_disable_selected_menu_no eael-simple-menu-hamburger-align-right eael-hamburger--tablet elementor-widget elementor-widget-eael-simple-menu\" data-id=\"3830eaee\" data-element_type=\"widget\" data-e-type=\"widget\" data-settings=\"{&quot;sticky&quot;:&quot;top&quot;,&quot;sticky_on&quot;:[&quot;desktop&quot;,&quot;tablet&quot;],&quot;sticky_offset&quot;:20,&quot;sticky_effects_offset&quot;:0,&quot;sticky_anchor_link_offset&quot;:0}\" data-widget_type=\"eael-simple-menu.default\">\n\t\t\t\t<div class=\"elementor-widget-container\">\n\t\t\t\t\t<style>\n                        @media screen and (max-width: 1024px) {\n                            .eael-hamburger--tablet {\n                                .eael-simple-menu-horizontal,\n                                .eael-simple-menu-vertical {\n                                    display: none;\n                                }\n                            }\n                            .eael-hamburger--tablet {\n                                .eael-simple-menu-container .eael-simple-menu-toggle {\n                                    display: block;\n                                }\n                            }\n                        }\n                    <\/style>            <div data-hamburger-icon=\"&lt;i aria-hidden=&quot;true&quot; class=&quot;fas fa-bars&quot;&gt;&lt;\/i&gt;\" data-indicator-icon=\"&lt;i aria-hidden=&quot;true&quot; class=&quot;fas fa-angle-down&quot;&gt;&lt;\/i&gt;\" data-dropdown-indicator-icon=\"&lt;i class=&quot;fas fa-angle-down&quot;&gt;&lt;\/i&gt;\" class=\"eael-simple-menu-container eael-simple-menu-align-left eael-simple-menu-dropdown-align-left preset-1\" data-hamburger-breakpoints=\"{&quot;mobile&quot;:&quot;M\\u00f3vil vertical (&gt; 767px)&quot;,&quot;tablet&quot;:&quot;Tableta vertical (&gt; 1024px)&quot;,&quot;desktop&quot;:&quot;Escritorio (&gt; 2400px)&quot;,&quot;none&quot;:&quot;Ninguno&quot;}\" data-hamburger-device=\"tablet\">\n                <ul id=\"menu-informacion-practica\" class=\"eael-simple-menu eael-simple-menu-dropdown-animate-to-top eael-simple-menu-indicator eael-simple-menu-vertical\"><li id=\"menu-item-2145\" class=\"menu-item menu-item-type-post_type menu-item-object-page menu-item-2145\"><a href=\"https:\/\/sachaqente.com\/ger\/praktische-informationen-fur-den-besucher\/\" class=\"menu-link\">Praktische Informationen f\u00fcr den Besucher<\/a><\/li>\n<li id=\"menu-item-2151\" class=\"menu-item menu-item-type-post_type menu-item-object-page menu-item-2151\"><a href=\"https:\/\/sachaqente.com\/ger\/praktische-informationen-fur-den-besucher\/ethischer-kodex\/\" class=\"menu-link\">C\u00f3digo \u00c9tico<\/a><\/li>\n<li id=\"menu-item-2206\" class=\"menu-item menu-item-type-post_type menu-item-object-page menu-item-2206\"><a href=\"https:\/\/sachaqente.com\/ger\/praktische-informationen-fur-den-besucher\/bereiten-sie-ihr-gepack-vor\/\" class=\"menu-link\">Bereiten Sie Ihr Gep\u00e4ck vor<\/a><\/li>\n<li id=\"menu-item-2222\" class=\"menu-item menu-item-type-post_type menu-item-object-page menu-item-2222\"><a href=\"https:\/\/sachaqente.com\/ger\/praktische-informationen-fur-den-besucher\/wie-kommt-man-nach-sacha-qente\/\" class=\"menu-link\">Wie kommt man<\/a><\/li>\n<li id=\"menu-item-2250\" class=\"menu-item menu-item-type-post_type menu-item-object-page menu-item-2250\"><a href=\"https:\/\/sachaqente.com\/ger\/praktische-informationen-fur-den-besucher\/haufige-fragen\/\" class=\"menu-link\">H\u00e4ufige Fragen<\/a><\/li>\n<\/ul>                <button class=\"eael-simple-menu-toggle\">\n                    <span class=\"sr-only \">Men\u00fa conmutador hamburguesa<\/span>\n                    <i aria-hidden=\"true\" class=\"fas fa-bars\"><\/i>                <\/button>\n            <\/div>\n            \t\t\t\t<\/div>\n\t\t\t\t<\/div>\n\t\t\t\t\t<\/div>\n\t\t<\/div>\n\t\t\t\t<div class=\"elementor-column elementor-col-50 elementor-top-column elementor-element elementor-element-379c49dd\" data-id=\"379c49dd\" data-element_type=\"column\" data-e-type=\"column\">\n\t\t\t<div class=\"elementor-widget-wrap elementor-element-populated\">\n\t\t\t\t\t\t<div class=\"elementor-element elementor-element-384fe44e elementor-widget elementor-widget-heading\" data-id=\"384fe44e\" data-element_type=\"widget\" data-e-type=\"widget\" id=\"titulo\" data-widget_type=\"heading.default\">\n\t\t\t\t<div class=\"elementor-widget-container\">\n\t\t\t\t\t<h2 class=\"elementor-heading-title elementor-size-default\">Wie kommt man nach Sacha Q'ente<\/h2>\t\t\t\t<\/div>\n\t\t\t\t<\/div>\n\t\t\t\t<div class=\"elementor-element elementor-element-ad1a7d5 elementor-widget-divider--view-line elementor-widget elementor-widget-divider\" data-id=\"ad1a7d5\" data-element_type=\"widget\" data-e-type=\"widget\" data-widget_type=\"divider.default\">\n\t\t\t\t<div class=\"elementor-widget-container\">\n\t\t\t\t\t\t\t<div class=\"elementor-divider\">\n\t\t\t<span class=\"elementor-divider-separator\">\n\t\t\t\t\t\t<\/span>\n\t\t<\/div>\n\t\t\t\t\t\t<\/div>\n\t\t\t\t<\/div>\n\t\t\t\t<div class=\"elementor-element elementor-element-48aa2183 elementor-widget elementor-widget-text-editor\" data-id=\"48aa2183\" data-element_type=\"widget\" data-e-type=\"widget\" id=\"parrafo\" data-widget_type=\"text-editor.default\">\n\t\t\t\t<div class=\"elementor-widget-container\">\n\t\t\t\t\t\t\t\t\t<p><em>Um nach Sacha Q&#8217;ente zu kommen, muss man zuerst nach Cusco kommen.<\/em><\/p><p><em>Je nachdem, woher man kommt, wenn es sich beispielsweise um eine internationale Reise handelt, empfehlen wir oft, 2 N\u00e4chte zu bleiben, um sich an die H\u00f6he (fast 4000 Meter) zu gew\u00f6hnen und sich zu orientieren, bevor man an einer Di\u00e4t oder einem Retreat im Dschungel teilnimmt.<\/em><\/p><p><em>Wir k\u00f6nnen gerne weiterhelfen, f\u00fcr diejendigen die ein Hotel\/Hostel in Cusco suchen, setzt Euch \u00a0bitte mit uns in Verbindung. Wir haben ein Haus im Heiligen Tal der Inkas in Calca, wo wir Euch unterbringen k\u00f6nnen, wenn jemand dies w\u00fcnscht. Man kann viele touristische Aktivit\u00e4ten in und um Cusco unternehmen. Es gibt viele antike St\u00e4tten der Inkas, z.B. das ber\u00fchmte Macchu Picchu, Saqsaywaman, der Mondtempel und viele andere Ruinen, Berge (z. B. Ausangate oder der Berg der sieben Farben) und Lagunen, Trekking, Museen, M\u00e4rkte usw.<\/em><\/p><p><em>Schreibt uns<\/em><\/p>\t\t\t\t\t\t\t\t<\/div>\n\t\t\t\t<\/div>\n\t\t\t\t<div class=\"elementor-element elementor-element-8c7545b elementor-widget elementor-widget-heading\" data-id=\"8c7545b\" data-element_type=\"widget\" data-e-type=\"widget\" id=\"titulo\" data-widget_type=\"heading.default\">\n\t\t\t\t<div class=\"elementor-widget-container\">\n\t\t\t\t\t<h2 class=\"elementor-heading-title elementor-size-default\">Wie kommt man nach Cusco<\/h2>\t\t\t\t<\/div>\n\t\t\t\t<\/div>\n\t\t\t\t<div class=\"elementor-element elementor-element-c9173b4 elementor-widget elementor-widget-heading\" data-id=\"c9173b4\" data-element_type=\"widget\" data-e-type=\"widget\" id=\"titulo\" data-widget_type=\"heading.default\">\n\t\t\t\t<div class=\"elementor-widget-container\">\n\t\t\t\t\t<h2 class=\"elementor-heading-title elementor-size-default\">Von Lima:<\/h2>\t\t\t\t<\/div>\n\t\t\t\t<\/div>\n\t\t\t\t<div class=\"elementor-element elementor-element-7ed5ba46 elementor-icon-list--layout-traditional elementor-list-item-link-full_width elementor-widget elementor-widget-icon-list\" data-id=\"7ed5ba46\" data-element_type=\"widget\" data-e-type=\"widget\" data-widget_type=\"icon-list.default\">\n\t\t\t\t<div class=\"elementor-widget-container\">\n\t\t\t\t\t\t\t<ul class=\"elementor-icon-list-items\">\n\t\t\t\t\t\t\t<li class=\"elementor-icon-list-item\">\n\t\t\t\t\t\t\t\t\t\t\t<span class=\"elementor-icon-list-icon\">\n\t\t\t\t\t\t\t<i aria-hidden=\"true\" class=\"far fa-check-circle\"><\/i>\t\t\t\t\t\t<\/span>\n\t\t\t\t\t\t\t\t\t\t<span class=\"elementor-icon-list-text\">Mit dem Flugzeug von Lima. Es gibt mehrere Unternehmen, die regelm\u00e4\u00dfig Lima-Cusco-Fl\u00fcge anbieten, die g\u00fcnstigsten Preise sind nicht immer die besten.<\/span>\n\t\t\t\t\t\t\t\t\t<\/li>\n\t\t\t\t\t\t\t\t<li class=\"elementor-icon-list-item\">\n\t\t\t\t\t\t\t\t\t\t\t<span class=\"elementor-icon-list-icon\">\n\t\t\t\t\t\t\t<i aria-hidden=\"true\" class=\"far fa-check-circle\"><\/i>\t\t\t\t\t\t<\/span>\n\t\t\t\t\t\t\t\t\t\t<span class=\"elementor-icon-list-text\">Mit dem Bus von Lima (24 Stunden Fahrt). Mehrere Bustransportunternehmen bieten regelm\u00e4\u00dfige Verbindungen nach Cusco an. Cruz del Sur hat sehr komfortable Busse. Lima ist 20-24 Stunden mit dem Bus entfernt und Tickets kosten ab 120 Soles.<\/span>\n\t\t\t\t\t\t\t\t\t<\/li>\n\t\t\t\t\t\t<\/ul>\n\t\t\t\t\t\t<\/div>\n\t\t\t\t<\/div>\n\t\t\t\t<div class=\"elementor-element elementor-element-5186fdb elementor-widget elementor-widget-heading\" data-id=\"5186fdb\" data-element_type=\"widget\" data-e-type=\"widget\" id=\"titulo\" data-widget_type=\"heading.default\">\n\t\t\t\t<div class=\"elementor-widget-container\">\n\t\t\t\t\t<h2 class=\"elementor-heading-title elementor-size-default\">Aus Bolivien:<\/h2>\t\t\t\t<\/div>\n\t\t\t\t<\/div>\n\t\t\t\t<div class=\"elementor-element elementor-element-b93b65d elementor-icon-list--layout-traditional elementor-list-item-link-full_width elementor-widget elementor-widget-icon-list\" data-id=\"b93b65d\" data-element_type=\"widget\" data-e-type=\"widget\" data-widget_type=\"icon-list.default\">\n\t\t\t\t<div class=\"elementor-widget-container\">\n\t\t\t\t\t\t\t<ul class=\"elementor-icon-list-items\">\n\t\t\t\t\t\t\t<li class=\"elementor-icon-list-item\">\n\t\t\t\t\t\t\t\t\t\t\t<span class=\"elementor-icon-list-icon\">\n\t\t\t\t\t\t\t<i aria-hidden=\"true\" class=\"far fa-check-circle\"><\/i>\t\t\t\t\t\t<\/span>\n\t\t\t\t\t\t\t\t\t\t<span class=\"elementor-icon-list-text\">Mit dem Flugzeug von La Paz. Mit der Firma Aerosur. Tickets beginnen bei 100 $.<\/span>\n\t\t\t\t\t\t\t\t\t<\/li>\n\t\t\t\t\t\t\t\t<li class=\"elementor-icon-list-item\">\n\t\t\t\t\t\t\t\t\t\t\t<span class=\"elementor-icon-list-icon\">\n\t\t\t\t\t\t\t<i aria-hidden=\"true\" class=\"far fa-check-circle\"><\/i>\t\t\t\t\t\t<\/span>\n\t\t\t\t\t\t\t\t\t\t<span class=\"elementor-icon-list-text\">Mit dem Bus von La Paz (Bolivien). La Paz ist 13 Stunden entfernt und die Tickets kosten ab 99 Soles.<\/span>\n\t\t\t\t\t\t\t\t\t<\/li>\n\t\t\t\t\t\t<\/ul>\n\t\t\t\t\t\t<\/div>\n\t\t\t\t<\/div>\n\t\t\t\t<div class=\"elementor-element elementor-element-f68e2aa elementor-widget elementor-widget-text-editor\" data-id=\"f68e2aa\" data-element_type=\"widget\" data-e-type=\"widget\" id=\"parrafo\" data-widget_type=\"text-editor.default\">\n\t\t\t\t<div class=\"elementor-widget-container\">\n\t\t\t\t\t\t\t\t\t<p><em>Taxiservice vom Flughafen:<\/em><\/p><p><em>Auf Wunsch schicken wir gerne ein zuverl\u00e4ssiges Taxi, das Euch am Flughafen abholt. Der Preis liegt zwischen 25 und 80 Soles, abh\u00e4ngig von der Anzahl der Passagiere und der Adresse Ihrer Unterkunft.<\/em><\/p>\t\t\t\t\t\t\t\t<\/div>\n\t\t\t\t<\/div>\n\t\t\t\t<div class=\"elementor-element elementor-element-661dcf8b elementor-widget elementor-widget-heading\" data-id=\"661dcf8b\" data-element_type=\"widget\" data-e-type=\"widget\" id=\"titulo\" data-widget_type=\"heading.default\">\n\t\t\t\t<div class=\"elementor-widget-container\">\n\t\t\t\t\t<h2 class=\"elementor-heading-title elementor-size-default\">Wie komme ich von Cusco nach Calca?<\/h2>\t\t\t\t<\/div>\n\t\t\t\t<\/div>\n\t\t\t\t<div class=\"elementor-element elementor-element-6a4205e elementor-widget elementor-widget-text-editor\" data-id=\"6a4205e\" data-element_type=\"widget\" data-e-type=\"widget\" id=\"parrafo\" data-widget_type=\"text-editor.default\">\n\t\t\t\t<div class=\"elementor-widget-container\">\n\t\t\t\t\t\t\t\t\t<p>Calca ist 50 km von Cusco entfernt. Die Fahrt dauert 1 Stunde. Auf der Puputi Stra\u00dfe in Cusco gibt es Autos und Busse, die regelm\u00e4\u00dfig nach Calca fahren. Das Ticket kostet 5 oder 6 Soles.<br \/>Unsere Adresse in Calca:<br \/>Grau Street, 805. Calca.<br \/>Wir sind 4 Blocks von dem Hauptplaza Calca entfernt.<br \/><br \/>Der Aufenthalt in unserem Zentrum in Calca ist mit zus\u00e4tzlichen Kosten verbunden. Kontaktiert uns gerne, um die Reservierung vorzunehmen.<br \/>In Calca gibt es in der n\u00e4he Heisse Quellen und einige arch\u00e4ologische St\u00e4tten, die Ihr w\u00e4hrend des Aufenthalts in unserem Haus besuchen k\u00f6nnt. Im Valle Sargado de los Incas gibt es viel zu besichtigen.<\/p>\t\t\t\t\t\t\t\t<\/div>\n\t\t\t\t<\/div>\n\t\t\t\t<div class=\"elementor-element elementor-element-1392c49d elementor-widget elementor-widget-heading\" data-id=\"1392c49d\" data-element_type=\"widget\" data-e-type=\"widget\" id=\"titulo\" data-widget_type=\"heading.default\">\n\t\t\t\t<div class=\"elementor-widget-container\">\n\t\t\t\t\t<h2 class=\"elementor-heading-title elementor-size-default\">Reise von Cusco nach Sacha Q'ente<\/h2>\t\t\t\t<\/div>\n\t\t\t\t<\/div>\n\t\t\t\t<div class=\"elementor-element elementor-element-7a7a72e1 elementor-widget elementor-widget-text-editor\" data-id=\"7a7a72e1\" data-element_type=\"widget\" data-e-type=\"widget\" id=\"parrafo\" data-widget_type=\"text-editor.default\">\n\t\t\t\t<div class=\"elementor-widget-container\">\n\t\t\t\t\t\t\t\t\t<p><em>Ihr erhaltet den Treffpunkt und die Uhrzeit in einer E-Mail. Von Cusco fahren wir alle gemeinsam in einem privaten Fahrzeug nach Sacha Q&#8217;ente, je nach Anzahl der Teilnehmer.<\/em><\/p><p><em>Die Fahrt dauert etwa 7 Stunden. Da die Stra\u00dfe nach Sacha Q&#8217;ente unbefestigt ist, kann es manchmal l\u00e4nger dauern. Bei Regen kann es zu Erdrutschen kommen, die die Hin- oder R\u00fcckfahrt verz\u00f6gern, daher empfehlen wir, das R\u00fcckfahrticket nicht sehr kurz vor dem Enddatum des Retreats oder Eures Aufenthalts zu kaufen.<\/em><\/p>\t\t\t\t\t\t\t\t<\/div>\n\t\t\t\t<\/div>\n\t\t\t\t<div class=\"elementor-element elementor-element-4a3b191 elementor-widget elementor-widget-text-editor\" data-id=\"4a3b191\" data-element_type=\"widget\" data-e-type=\"widget\" id=\"parrafo\" data-widget_type=\"text-editor.default\">\n\t\t\t\t<div class=\"elementor-widget-container\">\n\t\t\t\t\t\t\t\t\t<p><iframe style=\"border: 0;\" src=\"https:\/\/www.google.com\/maps\/embed?pb=!1m14!1m8!1m3!1d497636.0991897821!2d-71.401806!3d-12.985789!3m2!1i1024!2i768!4f13.1!3m3!1m2!1s0x0%3A0xf0edb545ed73140e!2sSacha%20Q'ente!5e0!3m2!1ses!2ses!4v1633830437264!5m2!1ses!2ses\" width=\"600\" height=\"300\" allowfullscreen=\"allowfullscreen\"><\/iframe><\/p>\t\t\t\t\t\t\t\t<\/div>\n\t\t\t\t<\/div>\n\t\t\t\t\t<\/div>\n\t\t<\/div>\n\t\t\t\t\t<\/div>\n\t\t<\/section>\n\t\t\t\t<section class=\"elementor-section elementor-top-section elementor-element elementor-element-6de9b803 elementor-section-boxed elementor-section-height-default elementor-section-height-default\" data-id=\"6de9b803\" data-element_type=\"section\" data-e-type=\"section\" data-settings=\"{&quot;background_background&quot;:&quot;classic&quot;}\">\n\t\t\t\t\t\t<div class=\"elementor-container elementor-column-gap-default\">\n\t\t\t\t\t<div class=\"elementor-column elementor-col-100 elementor-top-column elementor-element elementor-element-b1addc3\" data-id=\"b1addc3\" data-element_type=\"column\" data-e-type=\"column\">\n\t\t\t<div class=\"elementor-widget-wrap elementor-element-populated\">\n\t\t\t\t\t\t<div class=\"elementor-element elementor-element-993a3d2 elementor-cta--skin-classic elementor-animated-content elementor-widget elementor-widget-call-to-action\" data-id=\"993a3d2\" data-element_type=\"widget\" data-e-type=\"widget\" data-widget_type=\"call-to-action.default\">\n\t\t\t\t<div class=\"elementor-widget-container\">\n\t\t\t\t\t\t\t<div class=\"elementor-cta\">\n\t\t\t\t\t\t\t<div class=\"elementor-cta__content\">\n\t\t\t\t\n\t\t\t\t\t\t\t\t\t<h2 class=\"elementor-cta__title elementor-cta__content-item elementor-content-item\">\n\t\t\t\t\t\tWollen sie, dass wir ihnen helfen, etwas anderes zu wissen?\t\t\t\t\t<\/h2>\n\t\t\t\t\n\t\t\t\t\n\t\t\t\t\t\t\t\t\t<div class=\"elementor-cta__button-wrapper elementor-cta__content-item elementor-content-item \">\n\t\t\t\t\t<a class=\"elementor-cta__button elementor-button elementor-size-lg\" href=\"https:\/\/sachaqente.com\/ger\/beratung\/\">\n\t\t\t\t\t\tSCHREIBEN SIE UNS\t\t\t\t\t<\/a>\n\t\t\t\t\t<\/div>\n\t\t\t\t\t\t\t<\/div>\n\t\t\t\t\t\t<\/div>\n\t\t\t\t\t\t<\/div>\n\t\t\t\t<\/div>\n\t\t\t\t\t<\/div>\n\t\t<\/div>\n\t\t\t\t\t<\/div>\n\t\t<\/section>\n\t\t\t\t<\/div>\n\t\t","protected":false},"excerpt":{"rendered":"<p>Praktische Informationen f\u00fcr den Besucher C\u00f3digo \u00c9tico Prepara tu Equipaje Wie kommt man Preguntas frecuentes Wie kommt man nach Sacha Q&#8217;ente Um nach Sacha Q&#8217;ente zu kommen, muss man zuerst nach Cusco kommen. Je nachdem, woher man kommt, wenn es sich beispielsweise um eine internationale Reise handelt, empfehlen wir oft, 2 N\u00e4chte zu bleiben, um &hellip;<\/p>\n<p class=\"read-more\"> <a class=\"\" href=\"https:\/\/sachaqente.com\/ger\/praktische-informationen-fur-den-besucher\/wie-kommt-man-nach-sacha-qente\/\"> <span class=\"screen-reader-text\">Wie kommt man<\/span> Leer m\u00e1s &raquo;<\/a><\/p>\n","protected":false},"author":1,"featured_media":0,"parent":729,"menu_order":0,"comment_status":"closed","ping_status":"closed","template":"","meta":{"site-sidebar-layout":"no-sidebar","site-content-layout":"page-builder","ast-main-header-display":"","ast-hfb-above-header-display":"","ast-hfb-below-header-display":"","ast-hfb-mobile-header-display":"","site-post-title":"disabled","ast-breadcrumbs-content":"","ast-featured-img":"disabled","footer-sml-layout":"","theme-transparent-header-meta":"default","adv-header-id-meta":"","stick-header-meta":"","header-above-stick-meta":"","header-main-stick-meta":"","header-below-stick-meta":"","footnotes":""},"class_list":["post-2220","page","type-page","status-publish","hentry"],"_links":{"self":[{"href":"https:\/\/sachaqente.com\/ger\/wp-json\/wp\/v2\/pages\/2220","targetHints":{"allow":["GET"]}}],"collection":[{"href":"https:\/\/sachaqente.com\/ger\/wp-json\/wp\/v2\/pages"}],"about":[{"href":"https:\/\/sachaqente.com\/ger\/wp-json\/wp\/v2\/types\/page"}],"author":[{"embeddable":true,"href":"https:\/\/sachaqente.com\/ger\/wp-json\/wp\/v2\/users\/1"}],"replies":[{"embeddable":true,"href":"https:\/\/sachaqente.com\/ger\/wp-json\/wp\/v2\/comments?post=2220"}],"version-history":[{"count":39,"href":"https:\/\/sachaqente.com\/ger\/wp-json\/wp\/v2\/pages\/2220\/revisions"}],"predecessor-version":[{"id":2852,"href":"https:\/\/sachaqente.com\/ger\/wp-json\/wp\/v2\/pages\/2220\/revisions\/2852"}],"up":[{"embeddable":true,"href":"https:\/\/sachaqente.com\/ger\/wp-json\/wp\/v2\/pages\/729"}],"wp:attachment":[{"href":"https:\/\/sachaqente.com\/ger\/wp-json\/wp\/v2\/media?parent=2220"}],"curies":[{"name":"wp","href":"https:\/\/api.w.org\/{rel}","templated":true}]}}