{"id":2149,"date":"2021-12-12T23:53:00","date_gmt":"2021-12-12T23:53:00","guid":{"rendered":"http:\/\/sachaqente.com\/ger\/?page_id=2149"},"modified":"2022-04-10T20:47:35","modified_gmt":"2022-04-10T20:47:35","slug":"ethischer-kodex","status":"publish","type":"page","link":"https:\/\/sachaqente.com\/ger\/praktische-informationen-fur-den-besucher\/ethischer-kodex\/","title":{"rendered":"C\u00f3digo \u00c9tico"},"content":{"rendered":"\t\t<div data-elementor-type=\"wp-page\" data-elementor-id=\"2149\" class=\"elementor elementor-2149\" data-elementor-post-type=\"page\">\n\t\t\t\t\t\t<section class=\"elementor-section elementor-top-section elementor-element elementor-element-7bb2c7e elementor-section-boxed elementor-section-height-default elementor-section-height-default\" data-id=\"7bb2c7e\" data-element_type=\"section\" data-e-type=\"section\">\n\t\t\t\t\t\t<div class=\"elementor-container elementor-column-gap-default\">\n\t\t\t\t\t<div class=\"elementor-column elementor-col-50 elementor-top-column elementor-element elementor-element-270e3a9b\" data-id=\"270e3a9b\" data-element_type=\"column\" data-e-type=\"column\">\n\t\t\t<div class=\"elementor-widget-wrap elementor-element-populated\">\n\t\t\t\t\t\t<div class=\"elementor-element elementor-element-650378f2 eael_simple_menu_hamburger_disable_selected_menu_no eael-simple-menu-hamburger-align-right eael-hamburger--tablet elementor-widget elementor-widget-eael-simple-menu\" data-id=\"650378f2\" data-element_type=\"widget\" data-e-type=\"widget\" data-settings=\"{&quot;sticky&quot;:&quot;top&quot;,&quot;sticky_on&quot;:[&quot;desktop&quot;,&quot;tablet&quot;],&quot;sticky_offset&quot;:20,&quot;sticky_effects_offset&quot;:0,&quot;sticky_anchor_link_offset&quot;:0}\" data-widget_type=\"eael-simple-menu.default\">\n\t\t\t\t<div class=\"elementor-widget-container\">\n\t\t\t\t\t<style>\n                        @media screen and (max-width: 1024px) {\n                            .eael-hamburger--tablet {\n                                .eael-simple-menu-horizontal,\n                                .eael-simple-menu-vertical {\n                                    display: none;\n                                }\n                            }\n                            .eael-hamburger--tablet {\n                                .eael-simple-menu-container .eael-simple-menu-toggle {\n                                    display: block;\n                                }\n                            }\n                        }\n                    <\/style>            <div data-hamburger-icon=\"&lt;i aria-hidden=&quot;true&quot; class=&quot;fas fa-bars&quot;&gt;&lt;\/i&gt;\" data-indicator-icon=\"&lt;i aria-hidden=&quot;true&quot; class=&quot;fas fa-angle-down&quot;&gt;&lt;\/i&gt;\" data-dropdown-indicator-icon=\"&lt;i class=&quot;fas fa-angle-down&quot;&gt;&lt;\/i&gt;\" class=\"eael-simple-menu-container eael-simple-menu-align-left eael-simple-menu-dropdown-align-left preset-1\" data-hamburger-breakpoints=\"{&quot;mobile&quot;:&quot;M\\u00f3vil vertical (&gt; 767px)&quot;,&quot;tablet&quot;:&quot;Tableta vertical (&gt; 1024px)&quot;,&quot;desktop&quot;:&quot;Escritorio (&gt; 2400px)&quot;,&quot;none&quot;:&quot;Ninguno&quot;}\" data-hamburger-device=\"tablet\">\n                <ul id=\"menu-informacion-practica\" class=\"eael-simple-menu eael-simple-menu-dropdown-animate-to-top eael-simple-menu-indicator eael-simple-menu-vertical\"><li id=\"menu-item-2145\" class=\"menu-item menu-item-type-post_type menu-item-object-page menu-item-2145\"><a href=\"https:\/\/sachaqente.com\/ger\/praktische-informationen-fur-den-besucher\/\" class=\"menu-link\">Praktische Informationen f\u00fcr den Besucher<\/a><\/li>\n<li id=\"menu-item-2151\" class=\"menu-item menu-item-type-post_type menu-item-object-page menu-item-2151\"><a href=\"https:\/\/sachaqente.com\/ger\/praktische-informationen-fur-den-besucher\/ethischer-kodex\/\" class=\"menu-link\">C\u00f3digo \u00c9tico<\/a><\/li>\n<li id=\"menu-item-2206\" class=\"menu-item menu-item-type-post_type menu-item-object-page menu-item-2206\"><a href=\"https:\/\/sachaqente.com\/ger\/praktische-informationen-fur-den-besucher\/bereiten-sie-ihr-gepack-vor\/\" class=\"menu-link\">Bereiten Sie Ihr Gep\u00e4ck vor<\/a><\/li>\n<li id=\"menu-item-2222\" class=\"menu-item menu-item-type-post_type menu-item-object-page menu-item-2222\"><a href=\"https:\/\/sachaqente.com\/ger\/praktische-informationen-fur-den-besucher\/wie-kommt-man-nach-sacha-qente\/\" class=\"menu-link\">Wie kommt man<\/a><\/li>\n<li id=\"menu-item-2250\" class=\"menu-item menu-item-type-post_type menu-item-object-page menu-item-2250\"><a href=\"https:\/\/sachaqente.com\/ger\/praktische-informationen-fur-den-besucher\/haufige-fragen\/\" class=\"menu-link\">H\u00e4ufige Fragen<\/a><\/li>\n<\/ul>                <button class=\"eael-simple-menu-toggle\">\n                    <span class=\"sr-only \">Men\u00fa conmutador hamburguesa<\/span>\n                    <i aria-hidden=\"true\" class=\"fas fa-bars\"><\/i>                <\/button>\n            <\/div>\n            \t\t\t\t<\/div>\n\t\t\t\t<\/div>\n\t\t\t\t\t<\/div>\n\t\t<\/div>\n\t\t\t\t<div class=\"elementor-column elementor-col-50 elementor-top-column elementor-element elementor-element-4f5c1fd8\" data-id=\"4f5c1fd8\" data-element_type=\"column\" data-e-type=\"column\">\n\t\t\t<div class=\"elementor-widget-wrap elementor-element-populated\">\n\t\t\t\t\t\t<div class=\"elementor-element elementor-element-5e49ce12 elementor-widget elementor-widget-heading\" data-id=\"5e49ce12\" data-element_type=\"widget\" data-e-type=\"widget\" id=\"titulo\" data-widget_type=\"heading.default\">\n\t\t\t\t<div class=\"elementor-widget-container\">\n\t\t\t\t\t<h2 class=\"elementor-heading-title elementor-size-default\">Ethischer Kodex<\/h2>\t\t\t\t<\/div>\n\t\t\t\t<\/div>\n\t\t\t\t<div class=\"elementor-element elementor-element-1897bbcb elementor-widget-divider--view-line elementor-widget elementor-widget-divider\" data-id=\"1897bbcb\" data-element_type=\"widget\" data-e-type=\"widget\" data-widget_type=\"divider.default\">\n\t\t\t\t<div class=\"elementor-widget-container\">\n\t\t\t\t\t\t\t<div class=\"elementor-divider\">\n\t\t\t<span class=\"elementor-divider-separator\">\n\t\t\t\t\t\t<\/span>\n\t\t<\/div>\n\t\t\t\t\t\t<\/div>\n\t\t\t\t<\/div>\n\t\t\t\t<div class=\"elementor-element elementor-element-5b14e554 elementor-widget elementor-widget-text-editor\" data-id=\"5b14e554\" data-element_type=\"widget\" data-e-type=\"widget\" id=\"parrafo\" data-widget_type=\"text-editor.default\">\n\t\t\t\t<div class=\"elementor-widget-container\">\n\t\t\t\t\t\t\t\t\t<p>Angesichts der alarmierenden Zunahme von Unf\u00e4llen und anderen Vorf\u00e4llen in Ayahuasca-Zentren in Peru m\u00f6chten wir von Sacha Q&#8217;ente unsere Trauer und Besorgnis \u00fcber diese Situation zum Ausdruck bringen.<br \/>Aufgrund der Zunahme des entheogenen Tourismus gab es in den letzten Jahren viele neue Orte an denen Ayahuasca an Ausl\u00e4ndern ausgeschenkt wurde, von Menschen die nicht die erforderliche Ausbildung oder diese Integrit\u00e4t besitzen.<\/p><p>Unser Zentrum wird von peruanischen und europ\u00e4ischen M\u00e4nnern und Frauen geleitet. Die Gesundheit der Patienten und Menschen, die uns besuchen, hat f\u00fcr uns h\u00f6chste Priorit\u00e4t (egal ob Ausl\u00e4nder oder Einheimische).<br \/>Es ist Teil unserer Mission, die W\u00fcrde dieser traditionellen Medizin und vor allem die Sicherheit unserer Patienten zu verteidigen, und daf\u00fcr verpflichten wir uns, den folgenden Ethikkodex einzuhalten:<\/p>\t\t\t\t\t\t\t\t<\/div>\n\t\t\t\t<\/div>\n\t\t\t\t<div class=\"elementor-element elementor-element-3dd67f77 elementor-icon-list--layout-traditional elementor-list-item-link-full_width elementor-widget elementor-widget-icon-list\" data-id=\"3dd67f77\" data-element_type=\"widget\" data-e-type=\"widget\" data-widget_type=\"icon-list.default\">\n\t\t\t\t<div class=\"elementor-widget-container\">\n\t\t\t\t\t\t\t<ul class=\"elementor-icon-list-items\">\n\t\t\t\t\t\t\t<li class=\"elementor-icon-list-item\">\n\t\t\t\t\t\t\t\t\t\t\t<span class=\"elementor-icon-list-icon\">\n\t\t\t\t\t\t\t<i aria-hidden=\"true\" class=\"far fa-check-circle\"><\/i>\t\t\t\t\t\t<\/span>\n\t\t\t\t\t\t\t\t\t\t<span class=\"elementor-icon-list-text\">Vor Ihrer Ankunft im Zentrum informieren wir immer \u00fcber die Lebensmittel und Medikamente, die Wechselwirkungen mit Ayahuasca und anderen di\u00e4tetischen Pflanzen hervorrufen k\u00f6nnen, die im Rahmen unserer Behandlungen verabreicht werden. Wir fragen die Menschen, die uns besuchen, nach den Medikamenten, die sie einnehmen, und nach den Krankheiten, an denen sie leiden.<\/span>\n\t\t\t\t\t\t\t\t\t<\/li>\n\t\t\t\t\t\t\t\t<li class=\"elementor-icon-list-item\">\n\t\t\t\t\t\t\t\t\t\t\t<span class=\"elementor-icon-list-icon\">\n\t\t\t\t\t\t\t<i aria-hidden=\"true\" class=\"far fa-check-circle\"><\/i>\t\t\t\t\t\t<\/span>\n\t\t\t\t\t\t\t\t\t\t<span class=\"elementor-icon-list-text\">Bei der Ankunft im Zentrum f\u00fchren wir immer ein Vorgespr\u00e4ch mit den Teilnehmern, um sie \u00fcber die wesentlichen Voraussetzungen f\u00fcr die Teilnahme an einer Sitzung zu informieren und festzustellen, ob es Gr\u00fcnde gibt, die ihrer Teilnahme entgegenstehen.<\/span>\n\t\t\t\t\t\t\t\t\t<\/li>\n\t\t\t\t\t\t\t\t<li class=\"elementor-icon-list-item\">\n\t\t\t\t\t\t\t\t\t\t\t<span class=\"elementor-icon-list-icon\">\n\t\t\t\t\t\t\t<i aria-hidden=\"true\" class=\"far fa-check-circle\"><\/i>\t\t\t\t\t\t<\/span>\n\t\t\t\t\t\t\t\t\t\t<span class=\"elementor-icon-list-text\">Wir geben kein Ayahuasca an Menschen mit starken Herzproblemen, die st\u00e4ndig blutdrucksenkende Medikamente ben\u00f6tigen, Menschen mit schweren Krankheiten, geistig Behinderte, die aufgrund einer Art schwerer St\u00f6rung oder aufgrund von Verweigerung, die Einverst\u00e4ndniserkl\u00e4rung nicht unterschreiben wollen oder k\u00f6nnen.<\/span>\n\t\t\t\t\t\t\t\t\t<\/li>\n\t\t\t\t\t\t\t\t<li class=\"elementor-icon-list-item\">\n\t\t\t\t\t\t\t\t\t\t\t<span class=\"elementor-icon-list-icon\">\n\t\t\t\t\t\t\t<i aria-hidden=\"true\" class=\"far fa-check-circle\"><\/i>\t\t\t\t\t\t<\/span>\n\t\t\t\t\t\t\t\t\t\t<span class=\"elementor-icon-list-text\">Die Person, die unsere Zeremonien durchf\u00fchrt, P\u00edo Vucetich Nu\u00f1ez del Prado, hat 25 Jahre lang mit indigenen Shipibo- und Lamista-Lehrern gearbeitet und verf\u00fcgt \u00fcber die Autorisierung und Anerkennung ihrer Abstammung, um mit Ayahuasca und anderen Meisterpflanzen zu arbeiten. Dar\u00fcber hinaus ist Pio Vucetich Nu\u00f1ez del Prado Psychologe, Psychoanalytiker und Psychotherapeut mit mehr als 40 Jahren Erfahrung in der Arbeit mit Patienten in seiner Privatpraxis. Ebenso haben die Menschen, die mit Dr. Pio zusammenarbeiten, die notwendige Ausbildung, um ihm zu helfen und sich um Patienten zu k\u00fcmmern.<\/span>\n\t\t\t\t\t\t\t\t\t<\/li>\n\t\t\t\t\t\t\t\t<li class=\"elementor-icon-list-item\">\n\t\t\t\t\t\t\t\t\t\t\t<span class=\"elementor-icon-list-icon\">\n\t\t\t\t\t\t\t<i aria-hidden=\"true\" class=\"far fa-check-circle\"><\/i>\t\t\t\t\t\t<\/span>\n\t\t\t\t\t\t\t\t\t\t<span class=\"elementor-icon-list-text\">W\u00e4hrend des Aufenthalts der Patienten in unserem Zentrum werden regelm\u00e4\u00dfig pers\u00f6nliche Gespr\u00e4che mit P\u00edo Vucetich Nu\u00f1ez del Prado gef\u00fchrt, um den Prozess der Patienten zu \u00fcberwachen.<\/span>\n\t\t\t\t\t\t\t\t\t<\/li>\n\t\t\t\t\t\t\t\t<li class=\"elementor-icon-list-item\">\n\t\t\t\t\t\t\t\t\t\t\t<span class=\"elementor-icon-list-icon\">\n\t\t\t\t\t\t\t<i aria-hidden=\"true\" class=\"far fa-check-circle\"><\/i>\t\t\t\t\t\t<\/span>\n\t\t\t\t\t\t\t\t\t\t<span class=\"elementor-icon-list-text\">Wir informieren unsere Patienten \u00fcber die m\u00f6glichen Wirkungen, Form und Dauer der Sitzung und die Zusammensetzung der einzunehmenden Substanz. <\/span>\n\t\t\t\t\t\t\t\t\t<\/li>\n\t\t\t\t\t\t\t\t<li class=\"elementor-icon-list-item\">\n\t\t\t\t\t\t\t\t\t\t\t<span class=\"elementor-icon-list-icon\">\n\t\t\t\t\t\t\t<i aria-hidden=\"true\" class=\"far fa-check-circle\"><\/i>\t\t\t\t\t\t<\/span>\n\t\t\t\t\t\t\t\t\t\t<span class=\"elementor-icon-list-text\">Unser Ayahuasca besteht ausschlie\u00dflich aus B. caapi und P. viridis, allgemein bekannt als Ayahuasca und Chacruna. In unserem Zentrum werden der Medizin keine anderen Pflanzen zugesetzt.<\/span>\n\t\t\t\t\t\t\t\t\t<\/li>\n\t\t\t\t\t\t\t\t<li class=\"elementor-icon-list-item\">\n\t\t\t\t\t\t\t\t\t\t\t<span class=\"elementor-icon-list-icon\">\n\t\t\t\t\t\t\t<i aria-hidden=\"true\" class=\"far fa-check-circle\"><\/i>\t\t\t\t\t\t<\/span>\n\t\t\t\t\t\t\t\t\t\t<span class=\"elementor-icon-list-text\">Die Ayahuasca-Dosis, die jeder Person verabreicht wird, ist individuell und gerade ausreichend, um ihre innere Arbeit effektiv und kraftvoll, aber sicher ausf\u00fchren zu k\u00f6nnen.<\/span>\n\t\t\t\t\t\t\t\t\t<\/li>\n\t\t\t\t\t\t\t\t<li class=\"elementor-icon-list-item\">\n\t\t\t\t\t\t\t\t\t\t\t<span class=\"elementor-icon-list-icon\">\n\t\t\t\t\t\t\t<i aria-hidden=\"true\" class=\"far fa-check-circle\"><\/i>\t\t\t\t\t\t<\/span>\n\t\t\t\t\t\t\t\t\t\t<span class=\"elementor-icon-list-text\">Unsere Zeremonien werden mit Aufrichtigkeit und Ethik durchgef\u00fchrt und konzentrieren sich ausschlie\u00dflich auf die pers\u00f6nliche Entwicklung der teilnehmenden Menschen, ihrer Umgebung und auf das Wohl der Menschheit allgemein. Wir verzichten absolut darauf jemandem freiwillig irgendeinen Schaden zuzuf\u00fcgen:<\/span>\n\t\t\t\t\t\t\t\t\t<\/li>\n\t\t\t\t\t\t<\/ul>\n\t\t\t\t\t\t<\/div>\n\t\t\t\t<\/div>\n\t\t\t\t<div class=\"elementor-element elementor-element-1fae8905 elementor-icon-list--layout-traditional elementor-list-item-link-full_width elementor-widget elementor-widget-icon-list\" data-id=\"1fae8905\" data-element_type=\"widget\" data-e-type=\"widget\" data-widget_type=\"icon-list.default\">\n\t\t\t\t<div class=\"elementor-widget-container\">\n\t\t\t\t\t\t\t<ul class=\"elementor-icon-list-items\">\n\t\t\t\t\t\t\t<li class=\"elementor-icon-list-item\">\n\t\t\t\t\t\t\t\t\t\t\t<span class=\"elementor-icon-list-icon\">\n\t\t\t\t\t\t\t<i aria-hidden=\"true\" class=\"fas fa-check\"><\/i>\t\t\t\t\t\t<\/span>\n\t\t\t\t\t\t\t\t\t\t<span class=\"elementor-icon-list-text\">Respektierung der sexuellen, k\u00f6rperlichen und emotionalen Integrit\u00e4t der Teilnehmer<\/span>\n\t\t\t\t\t\t\t\t\t<\/li>\n\t\t\t\t\t\t\t\t<li class=\"elementor-icon-list-item\">\n\t\t\t\t\t\t\t\t\t\t\t<span class=\"elementor-icon-list-icon\">\n\t\t\t\t\t\t\t<i aria-hidden=\"true\" class=\"fas fa-check\"><\/i>\t\t\t\t\t\t<\/span>\n\t\t\t\t\t\t\t\t\t\t<span class=\"elementor-icon-list-text\">W\u00e4hrend der Sitzung werden Themen wie Geld oder oder andere externe Einfl\u00fcsse nicht besprochen<\/span>\n\t\t\t\t\t\t\t\t\t<\/li>\n\t\t\t\t\t\t\t\t<li class=\"elementor-icon-list-item\">\n\t\t\t\t\t\t\t\t\t\t\t<span class=\"elementor-icon-list-icon\">\n\t\t\t\t\t\t\t<i aria-hidden=\"true\" class=\"fas fa-check\"><\/i>\t\t\t\t\t\t<\/span>\n\t\t\t\t\t\t\t\t\t\t<span class=\"elementor-icon-list-text\">Alle pers\u00f6nlichen Informationen der Teilnehmer werden vertraulich behandelt<\/span>\n\t\t\t\t\t\t\t\t\t<\/li>\n\t\t\t\t\t\t<\/ul>\n\t\t\t\t\t\t<\/div>\n\t\t\t\t<\/div>\n\t\t\t\t<div class=\"elementor-element elementor-element-56f82fd elementor-icon-list--layout-traditional elementor-list-item-link-full_width elementor-widget elementor-widget-icon-list\" data-id=\"56f82fd\" data-element_type=\"widget\" data-e-type=\"widget\" data-widget_type=\"icon-list.default\">\n\t\t\t\t<div class=\"elementor-widget-container\">\n\t\t\t\t\t\t\t<ul class=\"elementor-icon-list-items\">\n\t\t\t\t\t\t\t<li class=\"elementor-icon-list-item\">\n\t\t\t\t\t\t\t\t\t\t\t<span class=\"elementor-icon-list-icon\">\n\t\t\t\t\t\t\t<i aria-hidden=\"true\" class=\"far fa-check-circle\"><\/i>\t\t\t\t\t\t<\/span>\n\t\t\t\t\t\t\t\t\t\t<span class=\"elementor-icon-list-text\">In unserem Zentrum empfangen wir sehr oft allein reisende Frauen. Es ist eine der h\u00f6chsten Priorit\u00e4ten der Frauen und M\u00e4nner, die dieses Zentrum leiten, unseren Patienten einen sicheren und respektvollen Raum f\u00fcr ihre innere Arbeit zu gew\u00e4hrleisten<\/span>\n\t\t\t\t\t\t\t\t\t<\/li>\n\t\t\t\t\t\t<\/ul>\n\t\t\t\t\t\t<\/div>\n\t\t\t\t<\/div>\n\t\t\t\t<div class=\"elementor-element elementor-element-40d29a9 elementor-icon-list--layout-traditional elementor-list-item-link-full_width elementor-widget elementor-widget-icon-list\" data-id=\"40d29a9\" data-element_type=\"widget\" data-e-type=\"widget\" data-widget_type=\"icon-list.default\">\n\t\t\t\t<div class=\"elementor-widget-container\">\n\t\t\t\t\t\t\t<ul class=\"elementor-icon-list-items\">\n\t\t\t\t\t\t\t<li class=\"elementor-icon-list-item\">\n\t\t\t\t\t\t\t\t\t\t\t<span class=\"elementor-icon-list-icon\">\n\t\t\t\t\t\t\t<i aria-hidden=\"true\" class=\"fas fa-check\"><\/i>\t\t\t\t\t\t<\/span>\n\t\t\t\t\t\t\t\t\t\t<span class=\"elementor-icon-list-text\">In unseren Sitzungen wird es immer eine Frau geben, die den Patientinnen helfen und sie begleitet werden k\u00f6nnen, wenn sie es brauchen<\/span>\n\t\t\t\t\t\t\t\t\t<\/li>\n\t\t\t\t\t\t\t\t<li class=\"elementor-icon-list-item\">\n\t\t\t\t\t\t\t\t\t\t\t<span class=\"elementor-icon-list-icon\">\n\t\t\t\t\t\t\t<i aria-hidden=\"true\" class=\"fas fa-check\"><\/i>\t\t\t\t\t\t<\/span>\n\t\t\t\t\t\t\t\t\t\t<span class=\"elementor-icon-list-text\">Wir setzen uns daf\u00fcr ein, dass das Personal, das in unserem Zentrum arbeitet, den Frauen, die uns besuchen, strengen Respekt entgegenbringt<\/span>\n\t\t\t\t\t\t\t\t\t<\/li>\n\t\t\t\t\t\t\t\t<li class=\"elementor-icon-list-item\">\n\t\t\t\t\t\t\t\t\t\t\t<span class=\"elementor-icon-list-icon\">\n\t\t\t\t\t\t\t<i aria-hidden=\"true\" class=\"fas fa-check\"><\/i>\t\t\t\t\t\t<\/span>\n\t\t\t\t\t\t\t\t\t\t<span class=\"elementor-icon-list-text\">Wir werden mit den Anreisenden zusammenzuarbeiten und diese unterst\u00fctzen, damit Ihre Reise und Ankunft im Zentrum so sicher wie m\u00f6glich sind<\/span>\n\t\t\t\t\t\t\t\t\t<\/li>\n\t\t\t\t\t\t<\/ul>\n\t\t\t\t\t\t<\/div>\n\t\t\t\t<\/div>\n\t\t\t\t\t<\/div>\n\t\t<\/div>\n\t\t\t\t\t<\/div>\n\t\t<\/section>\n\t\t\t\t<section class=\"elementor-section elementor-top-section elementor-element elementor-element-3a6911ae elementor-section-boxed elementor-section-height-default elementor-section-height-default\" data-id=\"3a6911ae\" data-element_type=\"section\" data-e-type=\"section\" data-settings=\"{&quot;background_background&quot;:&quot;classic&quot;}\">\n\t\t\t\t\t\t<div class=\"elementor-container elementor-column-gap-default\">\n\t\t\t\t\t<div class=\"elementor-column elementor-col-100 elementor-top-column elementor-element elementor-element-7afab3d6\" data-id=\"7afab3d6\" data-element_type=\"column\" data-e-type=\"column\">\n\t\t\t<div class=\"elementor-widget-wrap elementor-element-populated\">\n\t\t\t\t\t\t<div class=\"elementor-element elementor-element-238fe55b elementor-cta--skin-classic elementor-animated-content elementor-widget elementor-widget-call-to-action\" data-id=\"238fe55b\" data-element_type=\"widget\" data-e-type=\"widget\" data-widget_type=\"call-to-action.default\">\n\t\t\t\t<div class=\"elementor-widget-container\">\n\t\t\t\t\t\t\t<div class=\"elementor-cta\">\n\t\t\t\t\t\t\t<div class=\"elementor-cta__content\">\n\t\t\t\t\n\t\t\t\t\t\t\t\t\t<h2 class=\"elementor-cta__title elementor-cta__content-item elementor-content-item\">\n\t\t\t\t\t\tWollen sie, dass wir ihnen helfen, etwas anderes zu wissen?\t\t\t\t\t<\/h2>\n\t\t\t\t\n\t\t\t\t\n\t\t\t\t\t\t\t\t\t<div class=\"elementor-cta__button-wrapper elementor-cta__content-item elementor-content-item \">\n\t\t\t\t\t<a class=\"elementor-cta__button elementor-button elementor-size-lg\" href=\"https:\/\/sachaqente.com\/ger\/beratung\/\">\n\t\t\t\t\t\tSCHREIBEN SIE UNS\t\t\t\t\t<\/a>\n\t\t\t\t\t<\/div>\n\t\t\t\t\t\t\t<\/div>\n\t\t\t\t\t\t<\/div>\n\t\t\t\t\t\t<\/div>\n\t\t\t\t<\/div>\n\t\t\t\t\t<\/div>\n\t\t<\/div>\n\t\t\t\t\t<\/div>\n\t\t<\/section>\n\t\t\t\t<\/div>\n\t\t","protected":false},"excerpt":{"rendered":"<p>Praktische Informationen f\u00fcr den Besucher C\u00f3digo \u00c9tico Bereiten Sie Ihr Gep\u00e4ck vor Wie kommt man H\u00e4ufige Fragen Ethischer Kodex Angesichts der alarmierenden Zunahme von Unf\u00e4llen und anderen Vorf\u00e4llen in Ayahuasca-Zentren in Peru m\u00f6chten wir von Sacha Q&#8217;ente unsere Trauer und Besorgnis \u00fcber diese Situation zum Ausdruck bringen.Aufgrund der Zunahme des entheogenen Tourismus gab es in &hellip;<\/p>\n<p class=\"read-more\"> <a class=\"\" href=\"https:\/\/sachaqente.com\/ger\/praktische-informationen-fur-den-besucher\/ethischer-kodex\/\"> <span class=\"screen-reader-text\">C\u00f3digo \u00c9tico<\/span> Leer m\u00e1s &raquo;<\/a><\/p>\n","protected":false},"author":1,"featured_media":0,"parent":729,"menu_order":0,"comment_status":"closed","ping_status":"closed","template":"","meta":{"site-sidebar-layout":"no-sidebar","site-content-layout":"page-builder","ast-main-header-display":"","ast-hfb-above-header-display":"","ast-hfb-below-header-display":"","ast-hfb-mobile-header-display":"","site-post-title":"disabled","ast-breadcrumbs-content":"","ast-featured-img":"disabled","footer-sml-layout":"","theme-transparent-header-meta":"default","adv-header-id-meta":"","stick-header-meta":"","header-above-stick-meta":"","header-main-stick-meta":"","header-below-stick-meta":"","footnotes":""},"class_list":["post-2149","page","type-page","status-publish","hentry"],"_links":{"self":[{"href":"https:\/\/sachaqente.com\/ger\/wp-json\/wp\/v2\/pages\/2149","targetHints":{"allow":["GET"]}}],"collection":[{"href":"https:\/\/sachaqente.com\/ger\/wp-json\/wp\/v2\/pages"}],"about":[{"href":"https:\/\/sachaqente.com\/ger\/wp-json\/wp\/v2\/types\/page"}],"author":[{"embeddable":true,"href":"https:\/\/sachaqente.com\/ger\/wp-json\/wp\/v2\/users\/1"}],"replies":[{"embeddable":true,"href":"https:\/\/sachaqente.com\/ger\/wp-json\/wp\/v2\/comments?post=2149"}],"version-history":[{"count":45,"href":"https:\/\/sachaqente.com\/ger\/wp-json\/wp\/v2\/pages\/2149\/revisions"}],"predecessor-version":[{"id":3046,"href":"https:\/\/sachaqente.com\/ger\/wp-json\/wp\/v2\/pages\/2149\/revisions\/3046"}],"up":[{"embeddable":true,"href":"https:\/\/sachaqente.com\/ger\/wp-json\/wp\/v2\/pages\/729"}],"wp:attachment":[{"href":"https:\/\/sachaqente.com\/ger\/wp-json\/wp\/v2\/media?parent=2149"}],"curies":[{"name":"wp","href":"https:\/\/api.w.org\/{rel}","templated":true}]}}