{"id":1710,"date":"2021-10-24T23:14:38","date_gmt":"2021-10-24T23:14:38","guid":{"rendered":"http:\/\/sachaqente.com\/ger\/?page_id=1710"},"modified":"2022-04-01T01:22:12","modified_gmt":"2022-04-01T01:22:12","slug":"bedingungen","status":"publish","type":"page","link":"https:\/\/sachaqente.com\/ger\/ayahuasca-zeremonien\/bedingungen\/","title":{"rendered":"Bedingungen"},"content":{"rendered":"\t\t<div data-elementor-type=\"wp-page\" data-elementor-id=\"1710\" class=\"elementor elementor-1710\" data-elementor-post-type=\"page\">\n\t\t\t\t\t\t<section class=\"elementor-section elementor-top-section elementor-element elementor-element-128117c5 elementor-section-boxed elementor-section-height-default elementor-section-height-default\" data-id=\"128117c5\" data-element_type=\"section\" data-e-type=\"section\">\n\t\t\t\t\t\t<div class=\"elementor-container elementor-column-gap-default\">\n\t\t\t\t\t<div class=\"elementor-column elementor-col-50 elementor-top-column elementor-element elementor-element-454fa519\" data-id=\"454fa519\" data-element_type=\"column\" data-e-type=\"column\">\n\t\t\t<div class=\"elementor-widget-wrap elementor-element-populated\">\n\t\t\t\t\t\t<div class=\"elementor-element elementor-element-1ee207ae eael_simple_menu_hamburger_disable_selected_menu_no eael-simple-menu-hamburger-align-right eael-hamburger--tablet elementor-widget elementor-widget-eael-simple-menu\" data-id=\"1ee207ae\" data-element_type=\"widget\" data-e-type=\"widget\" data-settings=\"{&quot;sticky&quot;:&quot;top&quot;,&quot;sticky_on&quot;:[&quot;desktop&quot;,&quot;tablet&quot;],&quot;sticky_offset&quot;:20,&quot;sticky_effects_offset&quot;:0,&quot;sticky_anchor_link_offset&quot;:0}\" data-widget_type=\"eael-simple-menu.default\">\n\t\t\t\t<div class=\"elementor-widget-container\">\n\t\t\t\t\t<style>\n                        @media screen and (max-width: 1024px) {\n                            .eael-hamburger--tablet {\n                                .eael-simple-menu-horizontal,\n                                .eael-simple-menu-vertical {\n                                    display: none;\n                                }\n                            }\n                            .eael-hamburger--tablet {\n                                .eael-simple-menu-container .eael-simple-menu-toggle {\n                                    display: block;\n                                }\n                            }\n                        }\n                    <\/style>            <div data-hamburger-icon=\"&lt;i aria-hidden=&quot;true&quot; class=&quot;fas fa-bars&quot;&gt;&lt;\/i&gt;\" data-indicator-icon=\"&lt;i aria-hidden=&quot;true&quot; class=&quot;fas fa-angle-down&quot;&gt;&lt;\/i&gt;\" data-dropdown-indicator-icon=\"&lt;i class=&quot;fas fa-angle-down&quot;&gt;&lt;\/i&gt;\" class=\"eael-simple-menu-container eael-simple-menu-align-left eael-simple-menu-dropdown-align-left preset-1\" data-hamburger-breakpoints=\"{&quot;mobile&quot;:&quot;M\\u00f3vil vertical (&gt; 767px)&quot;,&quot;tablet&quot;:&quot;Tableta vertical (&gt; 1024px)&quot;,&quot;desktop&quot;:&quot;Escritorio (&gt; 2400px)&quot;,&quot;none&quot;:&quot;Ninguno&quot;}\" data-hamburger-device=\"tablet\">\n                <ul id=\"menu-ceremonias\" class=\"eael-simple-menu eael-simple-menu-dropdown-animate-to-top eael-simple-menu-indicator eael-simple-menu-vertical\"><li id=\"menu-item-1647\" class=\"menu-item menu-item-type-post_type menu-item-object-page menu-item-1647\"><a href=\"https:\/\/sachaqente.com\/ger\/ayahuasca-zeremonien\/\" class=\"menu-link\">Ayahuasca Zeremonien<\/a><\/li>\n<li id=\"menu-item-1693\" class=\"menu-item menu-item-type-post_type menu-item-object-page menu-item-1693\"><a href=\"https:\/\/sachaqente.com\/ger\/ayahuasca-zeremonien\/zeremonien-der-traditionelle-anden-amazonasmedizin-mtaaz\/\" class=\"menu-link\">Zeremonien der Traditionelle Anden<\/a><\/li>\n<li id=\"menu-item-1712\" class=\"menu-item menu-item-type-post_type menu-item-object-page menu-item-1712\"><a href=\"https:\/\/sachaqente.com\/ger\/ayahuasca-zeremonien\/bedingungen\/\" class=\"menu-link\">Bedingungen<\/a><\/li>\n<\/ul>                <button class=\"eael-simple-menu-toggle\">\n                    <span class=\"sr-only \">Men\u00fa conmutador hamburguesa<\/span>\n                    <i aria-hidden=\"true\" class=\"fas fa-bars\"><\/i>                <\/button>\n            <\/div>\n            \t\t\t\t<\/div>\n\t\t\t\t<\/div>\n\t\t\t\t\t<\/div>\n\t\t<\/div>\n\t\t\t\t<div class=\"elementor-column elementor-col-50 elementor-top-column elementor-element elementor-element-7b70e49\" data-id=\"7b70e49\" data-element_type=\"column\" data-e-type=\"column\">\n\t\t\t<div class=\"elementor-widget-wrap elementor-element-populated\">\n\t\t\t\t\t\t<div class=\"elementor-element elementor-element-43b3da31 elementor-widget elementor-widget-image\" data-id=\"43b3da31\" data-element_type=\"widget\" data-e-type=\"widget\" data-widget_type=\"image.default\">\n\t\t\t\t<div class=\"elementor-widget-container\">\n\t\t\t\t\t\t\t\t\t\t\t\t\t\t\t<img fetchpriority=\"high\" decoding=\"async\" width=\"1024\" height=\"621\" src=\"https:\/\/sachaqente.com\/ger\/wp-content\/uploads\/2020\/06\/pexels-photo-1494586-1024x621.jpeg\" class=\"attachment-large size-large wp-image-201\" alt=\"\" srcset=\"https:\/\/sachaqente.com\/ger\/wp-content\/uploads\/2020\/06\/pexels-photo-1494586-1024x621.jpeg 1024w, https:\/\/sachaqente.com\/ger\/wp-content\/uploads\/2020\/06\/pexels-photo-1494586-300x182.jpeg 300w, https:\/\/sachaqente.com\/ger\/wp-content\/uploads\/2020\/06\/pexels-photo-1494586-768x466.jpeg 768w, https:\/\/sachaqente.com\/ger\/wp-content\/uploads\/2020\/06\/pexels-photo-1494586.jpeg 1500w\" sizes=\"(max-width: 1024px) 100vw, 1024px\" \/>\t\t\t\t\t\t\t\t\t\t\t\t\t\t\t<\/div>\n\t\t\t\t<\/div>\n\t\t\t\t<div class=\"elementor-element elementor-element-238c9545 elementor-widget elementor-widget-heading\" data-id=\"238c9545\" data-element_type=\"widget\" data-e-type=\"widget\" id=\"titulo\" data-widget_type=\"heading.default\">\n\t\t\t\t<div class=\"elementor-widget-container\">\n\t\t\t\t\t<h2 class=\"elementor-heading-title elementor-size-default\">Bedingungen<\/h2>\t\t\t\t<\/div>\n\t\t\t\t<\/div>\n\t\t\t\t<div class=\"elementor-element elementor-element-711aee6 elementor-widget-divider--view-line elementor-widget elementor-widget-divider\" data-id=\"711aee6\" data-element_type=\"widget\" data-e-type=\"widget\" data-widget_type=\"divider.default\">\n\t\t\t\t<div class=\"elementor-widget-container\">\n\t\t\t\t\t\t\t<div class=\"elementor-divider\">\n\t\t\t<span class=\"elementor-divider-separator\">\n\t\t\t\t\t\t<\/span>\n\t\t<\/div>\n\t\t\t\t\t\t<\/div>\n\t\t\t\t<\/div>\n\t\t\t\t<div class=\"elementor-element elementor-element-2d23c60 elementor-widget elementor-widget-heading\" data-id=\"2d23c60\" data-element_type=\"widget\" data-e-type=\"widget\" id=\"titulo\" data-widget_type=\"heading.default\">\n\t\t\t\t<div class=\"elementor-widget-container\">\n\t\t\t\t\t<h2 class=\"elementor-heading-title elementor-size-default\">Vor einer Zeremonie<\/h2>\t\t\t\t<\/div>\n\t\t\t\t<\/div>\n\t\t\t\t<div class=\"elementor-element elementor-element-723dc419 elementor-widget elementor-widget-text-editor\" data-id=\"723dc419\" data-element_type=\"widget\" data-e-type=\"widget\" id=\"parrafo\" data-widget_type=\"text-editor.default\">\n\t\t\t\t<div class=\"elementor-widget-container\">\n\t\t\t\t\t\t\t\t\t<p>Um das Beste aus der Arbeit mit Pflanzen herauszuholen, ist es ratsam, den K\u00f6rper am besten mindestens eine Woche vor dem Kommen vorzubereiten, ein m\u00f6glichst nat\u00fcrliches Leben zu f\u00fchren und ungeeignete Lebensmittel und Giftstoffe zu vermeiden.<\/p><p>Es ist zweckm\u00e4\u00dfig, diese Di\u00e4t f\u00fcr mindestens eine Woche danach beizubehalten, um die therapeutische Wirkung zu verl\u00e4ngern.<\/p>\t\t\t\t\t\t\t\t<\/div>\n\t\t\t\t<\/div>\n\t\t\t\t<div class=\"elementor-element elementor-element-5f3f51f elementor-widget elementor-widget-heading\" data-id=\"5f3f51f\" data-element_type=\"widget\" data-e-type=\"widget\" id=\"titulo\" data-widget_type=\"heading.default\">\n\t\t\t\t<div class=\"elementor-widget-container\">\n\t\t\t\t\t<h2 class=\"elementor-heading-title elementor-size-default\">Was man vermeiden sollte<\/h2>\t\t\t\t<\/div>\n\t\t\t\t<\/div>\n\t\t\t\t<div class=\"elementor-element elementor-element-4b9925b elementor-widget elementor-widget-text-editor\" data-id=\"4b9925b\" data-element_type=\"widget\" data-e-type=\"widget\" id=\"parrafo\" data-widget_type=\"text-editor.default\">\n\t\t\t\t<div class=\"elementor-widget-container\">\n\t\t\t\t\t\t\t\t\t<p>Man sollte folgende Lebensmittel vermeiden:<\/p><p>Schwere und fettige Lebensmittel, Salz und Zucker, Schweinefleisch und rote Fleischsorten, Meeresfr\u00fcchte, Konserven, frittiertes, Alkohol, Kaffee, Softdrinks (coca cola etc), scharfe Lebensmittel und Gew\u00fcrze, ger\u00e4ucherte Lebensmittel, Oliven, Soyaso\u00dfe, Teriayaki So\u00dfen, Miso, W\u00fcrste und Wurstaufschnitt, gep\u00f6keltes Fleisch\/Fisch, Joghurt kurz vor dem Verfallsdatum, Hyperikum, Gynseng, Rhodiola Rosea, Yerba Mate, etc.<\/p><p>Produkte des t\u00e4glichen Gebrauchs: Chemikalien im Allgemeinen (Arzneimittel, PArfums, Lacke, Kosmetika usw.)<\/p>\t\t\t\t\t\t\t\t<\/div>\n\t\t\t\t<\/div>\n\t\t\t\t<div class=\"elementor-element elementor-element-d128f5b elementor-widget elementor-widget-heading\" data-id=\"d128f5b\" data-element_type=\"widget\" data-e-type=\"widget\" data-widget_type=\"heading.default\">\n\t\t\t\t<div class=\"elementor-widget-container\">\n\t\t\t\t\t<h2 class=\"elementor-heading-title elementor-size-default\">Wir empfehlen<\/h2>\t\t\t\t<\/div>\n\t\t\t\t<\/div>\n\t\t\t\t<div class=\"elementor-element elementor-element-c07ab11 elementor-widget elementor-widget-text-editor\" data-id=\"c07ab11\" data-element_type=\"widget\" data-e-type=\"widget\" id=\"parrafo\" data-widget_type=\"text-editor.default\">\n\t\t\t\t<div class=\"elementor-widget-container\">\n\t\t\t\t\t\t\t\t\t<p>Viel Wasser und Fruchts\u00e4fte, Kr\u00e4uter- und Fr\u00fcchtetees, Fisch, H\u00fchnchen, viel Obst und Gem\u00fcse, alles gekocht oder ged\u00e4mpft (nicht frittiert!!). Mindestens 2 Wochen vor und nach der Teilnahme stoppen jede Art von Freizeitdrogen zu konsumieren, Psychopharmaka, insbesondere Medikamente gegen Depressionen, Stimulanzien, gegen Angstzust\u00e4nde, alle Medikamente die Opiate enthalten: Hustensaft, Medikamente gegen Bluthochdruck, Vasodilatatoren, Barbiturate, Medikamente gegen Asthma, Bronchitis und Atembeschwerden.<\/p>\t\t\t\t\t\t\t\t<\/div>\n\t\t\t\t<\/div>\n\t\t\t\t<div class=\"elementor-element elementor-element-17e9a59 elementor-widget elementor-widget-heading\" data-id=\"17e9a59\" data-element_type=\"widget\" data-e-type=\"widget\" id=\"titulo\" data-widget_type=\"heading.default\">\n\t\t\t\t<div class=\"elementor-widget-container\">\n\t\t\t\t\t<h2 class=\"elementor-heading-title elementor-size-default\">Mindestens zwei Wochen vor und nach der Teilnahme<\/h2>\t\t\t\t<\/div>\n\t\t\t\t<\/div>\n\t\t\t\t<div class=\"elementor-element elementor-element-2a69f27 elementor-widget elementor-widget-text-editor\" data-id=\"2a69f27\" data-element_type=\"widget\" data-e-type=\"widget\" id=\"parrafo\" data-widget_type=\"text-editor.default\">\n\t\t\t\t<div class=\"elementor-widget-container\">\n\t\t\t\t\t\t\t\t\t<p>Jede Art von Freizeitdroge, Psychopharmaka, insbesondere Medikamente gegen Depression, Stimulanzien, gegen Angstzust\u00e4nde, alle Medikamente die Opiate beinhalten: Hustensaft, Schmerzmittel, Bluthochdruck, Vasodilatatoren, Barbiturate, Medikamente gegen Asthma, Bronchitis und Atembeschwerden.<\/p>\t\t\t\t\t\t\t\t<\/div>\n\t\t\t\t<\/div>\n\t\t\t\t<div class=\"elementor-element elementor-element-da35f7b elementor-widget elementor-widget-heading\" data-id=\"da35f7b\" data-element_type=\"widget\" data-e-type=\"widget\" id=\"titulo\" data-widget_type=\"heading.default\">\n\t\t\t\t<div class=\"elementor-widget-container\">\n\t\t\t\t\t<h2 class=\"elementor-heading-title elementor-size-default\">Mindestens 24 Stunden vor Beginn des Programms vermeiden<\/h2>\t\t\t\t<\/div>\n\t\t\t\t<\/div>\n\t\t\t\t<div class=\"elementor-element elementor-element-f517845 elementor-widget elementor-widget-text-editor\" data-id=\"f517845\" data-element_type=\"widget\" data-e-type=\"widget\" id=\"parrafo\" data-widget_type=\"text-editor.default\">\n\t\t\t\t<div class=\"elementor-widget-container\">\n\t\t\t\t\t\t\t\t\t<p>Alle oben genannten Lebensmittel, sexuelle Kontakte und Wutsituationen, Alkohol und alle Medikamente in der folgenden Liste<\/p>\t\t\t\t\t\t\t\t<\/div>\n\t\t\t\t<\/div>\n\t\t\t\t<div class=\"elementor-element elementor-element-609325f elementor-widget elementor-widget-heading\" data-id=\"609325f\" data-element_type=\"widget\" data-e-type=\"widget\" id=\"titulo\" data-widget_type=\"heading.default\">\n\t\t\t\t<div class=\"elementor-widget-container\">\n\t\t\t\t\t<h2 class=\"elementor-heading-title elementor-size-default\">Wichtig<\/h2>\t\t\t\t<\/div>\n\t\t\t\t<\/div>\n\t\t\t\t<div class=\"elementor-element elementor-element-e7434c7 elementor-widget elementor-widget-text-editor\" data-id=\"e7434c7\" data-element_type=\"widget\" data-e-type=\"widget\" id=\"parrafo\" data-widget_type=\"text-editor.default\">\n\t\t\t\t<div class=\"elementor-widget-container\">\n\t\t\t\t\t\t\t\t\t<p>Medikamente, die besonders kontraindiziert sind und eine l\u00e4ngere Reinigungszeit erfordern:<br \/>Fluoxetin (Prozac und Analoga) ben\u00f6tigen mindestens 6 Wochen Abstinenz um Ayahuasca einnehmen zu k\u00f6nnen und sollten immer schrittweise abgesetzt werden.<br \/>Paxil, Wellbutrin, Effexor, Zoloft und andere selektive Serotoninhemmer (SSRI) erfordern eine mindestens 5-w\u00f6chige Abstinenz und sollten ebenfalls schrittweise abgesetzt werden.<br \/>Personen, die sich in psychiatrischer Behandlung befinden, sollten uns vor ihrem Besuch informieren, und wenn sie Medikamente einnehmen, sich mit ihrem Psychiater dar\u00fcber beraten, ob es ratsam ist, die Behandlung f\u00fcr einen bestimmten Zeitraum zu unterbrechen, und wie die Behandlung angemessen abgesetzt werden kann.<br \/>Generell bitten wir Sie, uns vor Ihrem Besuch immer \u00fcber die Art der Medikamente, die Sie einnehmen, zu informieren.<\/p>\t\t\t\t\t\t\t\t<\/div>\n\t\t\t\t<\/div>\n\t\t\t\t<div class=\"elementor-element elementor-element-88f70c8 elementor-widget elementor-widget-heading\" data-id=\"88f70c8\" data-element_type=\"widget\" data-e-type=\"widget\" id=\"titulo\" data-widget_type=\"heading.default\">\n\t\t\t\t<div class=\"elementor-widget-container\">\n\t\t\t\t\t<h2 class=\"elementor-heading-title elementor-size-default\">48 Stunden vorher und nachher vermeiden<\/h2>\t\t\t\t<\/div>\n\t\t\t\t<\/div>\n\t\t\t\t<div class=\"elementor-element elementor-element-16d11c9 elementor-widget elementor-widget-text-editor\" data-id=\"16d11c9\" data-element_type=\"widget\" data-e-type=\"widget\" id=\"parrafo\" data-widget_type=\"text-editor.default\">\n\t\t\t\t<div class=\"elementor-widget-container\">\n\t\t\t\t\t\t\t\t\t<p>Antihistaminika<\/p>\t\t\t\t\t\t\t\t<\/div>\n\t\t\t\t<\/div>\n\t\t\t\t<div class=\"elementor-element elementor-element-5b8b3f0 elementor-widget elementor-widget-heading\" data-id=\"5b8b3f0\" data-element_type=\"widget\" data-e-type=\"widget\" id=\"titulo\" data-widget_type=\"heading.default\">\n\t\t\t\t<div class=\"elementor-widget-container\">\n\t\t\t\t\t<h2 class=\"elementor-heading-title elementor-size-default\">Eintritt und Kosten<\/h2>\t\t\t\t<\/div>\n\t\t\t\t<\/div>\n\t\t\t\t<div class=\"elementor-element elementor-element-34bc780 elementor-widget elementor-widget-text-editor\" data-id=\"34bc780\" data-element_type=\"widget\" data-e-type=\"widget\" id=\"parrafo\" data-widget_type=\"text-editor.default\">\n\t\t\t\t<div class=\"elementor-widget-container\">\n\t\t\t\t\t\t\t\t\t<p>Um Informationen \u00fcber die n\u00e4chsten Di\u00e4ttermine und Kosten zu erhalten, wenden Sie sich an <a href=\"mailto:sachaqente@gmail.com\">sachaqente@gmail.com<\/a><\/p>\t\t\t\t\t\t\t\t<\/div>\n\t\t\t\t<\/div>\n\t\t\t\t<div class=\"elementor-element elementor-element-add89d9 elementor-widget elementor-widget-heading\" data-id=\"add89d9\" data-element_type=\"widget\" data-e-type=\"widget\" data-widget_type=\"heading.default\">\n\t\t\t\t<div class=\"elementor-widget-container\">\n\t\t\t\t\t<h2 class=\"elementor-heading-title elementor-size-default\">Ethik Kodex<\/h2>\t\t\t\t<\/div>\n\t\t\t\t<\/div>\n\t\t\t\t<div class=\"elementor-element elementor-element-9fe3b3a elementor-widget elementor-widget-text-editor\" data-id=\"9fe3b3a\" data-element_type=\"widget\" data-e-type=\"widget\" id=\"parrafo\" data-widget_type=\"text-editor.default\">\n\t\t\t\t<div class=\"elementor-widget-container\">\n\t\t\t\t\t\t\t\t\t<p>Bei unseren Zeremonien, Di\u00e4ten, Retreats und Behandlungen verpflichten wir uns, unseren Ethikkodex einzuhalten (siehe Ethikkodex).<\/p>\t\t\t\t\t\t\t\t<\/div>\n\t\t\t\t<\/div>\n\t\t\t\t\t<\/div>\n\t\t<\/div>\n\t\t\t\t\t<\/div>\n\t\t<\/section>\n\t\t\t\t<section class=\"elementor-section elementor-top-section elementor-element elementor-element-4e595918 elementor-section-boxed elementor-section-height-default elementor-section-height-default\" data-id=\"4e595918\" data-element_type=\"section\" data-e-type=\"section\" data-settings=\"{&quot;background_background&quot;:&quot;classic&quot;}\">\n\t\t\t\t\t\t<div class=\"elementor-container elementor-column-gap-default\">\n\t\t\t\t\t<div class=\"elementor-column elementor-col-100 elementor-top-column elementor-element elementor-element-51206332\" data-id=\"51206332\" data-element_type=\"column\" data-e-type=\"column\">\n\t\t\t<div class=\"elementor-widget-wrap elementor-element-populated\">\n\t\t\t\t\t\t<div class=\"elementor-element elementor-element-2d004f44 elementor-cta--skin-classic elementor-animated-content elementor-widget elementor-widget-call-to-action\" data-id=\"2d004f44\" data-element_type=\"widget\" data-e-type=\"widget\" data-widget_type=\"call-to-action.default\">\n\t\t\t\t<div class=\"elementor-widget-container\">\n\t\t\t\t\t\t\t<div class=\"elementor-cta\">\n\t\t\t\t\t\t\t<div class=\"elementor-cta__content\">\n\t\t\t\t\n\t\t\t\t\t\t\t\t\t<h2 class=\"elementor-cta__title elementor-cta__content-item elementor-content-item\">\n\t\t\t\t\t\tWollen sie, dass wir ihnen helfen, etwas anderes zu wissen?\t\t\t\t\t<\/h2>\n\t\t\t\t\n\t\t\t\t\n\t\t\t\t\t\t\t\t\t<div class=\"elementor-cta__button-wrapper elementor-cta__content-item elementor-content-item \">\n\t\t\t\t\t<a class=\"elementor-cta__button elementor-button elementor-size-lg\" href=\"https:\/\/sachaqente.com\/ger\/beratung\/\">\n\t\t\t\t\t\tSCHREIBEN SIE UNS\t\t\t\t\t<\/a>\n\t\t\t\t\t<\/div>\n\t\t\t\t\t\t\t<\/div>\n\t\t\t\t\t\t<\/div>\n\t\t\t\t\t\t<\/div>\n\t\t\t\t<\/div>\n\t\t\t\t\t<\/div>\n\t\t<\/div>\n\t\t\t\t\t<\/div>\n\t\t<\/section>\n\t\t\t\t<\/div>\n\t\t","protected":false},"excerpt":{"rendered":"<p>Ayahuasca Zeremonien Zeremonien der Traditionelle Anden Bedingungen Bedingungen Vor einer Zeremonie Um das Beste aus der Arbeit mit Pflanzen herauszuholen, ist es ratsam, den K\u00f6rper am besten mindestens eine Woche vor dem Kommen vorzubereiten, ein m\u00f6glichst nat\u00fcrliches Leben zu f\u00fchren und ungeeignete Lebensmittel und Giftstoffe zu vermeiden. Es ist zweckm\u00e4\u00dfig, diese Di\u00e4t f\u00fcr mindestens eine &hellip;<\/p>\n<p class=\"read-more\"> <a class=\"\" href=\"https:\/\/sachaqente.com\/ger\/ayahuasca-zeremonien\/bedingungen\/\"> <span class=\"screen-reader-text\">Bedingungen<\/span> Leer m\u00e1s &raquo;<\/a><\/p>\n","protected":false},"author":1,"featured_media":0,"parent":1643,"menu_order":0,"comment_status":"closed","ping_status":"closed","template":"","meta":{"site-sidebar-layout":"no-sidebar","site-content-layout":"page-builder","ast-main-header-display":"","ast-hfb-above-header-display":"","ast-hfb-below-header-display":"","ast-hfb-mobile-header-display":"","site-post-title":"disabled","ast-breadcrumbs-content":"","ast-featured-img":"disabled","footer-sml-layout":"","theme-transparent-header-meta":"default","adv-header-id-meta":"","stick-header-meta":"","header-above-stick-meta":"","header-main-stick-meta":"","header-below-stick-meta":"","footnotes":""},"class_list":["post-1710","page","type-page","status-publish","hentry"],"_links":{"self":[{"href":"https:\/\/sachaqente.com\/ger\/wp-json\/wp\/v2\/pages\/1710","targetHints":{"allow":["GET"]}}],"collection":[{"href":"https:\/\/sachaqente.com\/ger\/wp-json\/wp\/v2\/pages"}],"about":[{"href":"https:\/\/sachaqente.com\/ger\/wp-json\/wp\/v2\/types\/page"}],"author":[{"embeddable":true,"href":"https:\/\/sachaqente.com\/ger\/wp-json\/wp\/v2\/users\/1"}],"replies":[{"embeddable":true,"href":"https:\/\/sachaqente.com\/ger\/wp-json\/wp\/v2\/comments?post=1710"}],"version-history":[{"count":44,"href":"https:\/\/sachaqente.com\/ger\/wp-json\/wp\/v2\/pages\/1710\/revisions"}],"predecessor-version":[{"id":3025,"href":"https:\/\/sachaqente.com\/ger\/wp-json\/wp\/v2\/pages\/1710\/revisions\/3025"}],"up":[{"embeddable":true,"href":"https:\/\/sachaqente.com\/ger\/wp-json\/wp\/v2\/pages\/1643"}],"wp:attachment":[{"href":"https:\/\/sachaqente.com\/ger\/wp-json\/wp\/v2\/media?parent=1710"}],"curies":[{"name":"wp","href":"https:\/\/api.w.org\/{rel}","templated":true}]}}