{"id":1691,"date":"2021-10-24T19:31:32","date_gmt":"2021-10-24T19:31:32","guid":{"rendered":"http:\/\/sachaqente.com\/ger\/?page_id=1691"},"modified":"2022-02-28T01:58:35","modified_gmt":"2022-02-28T01:58:35","slug":"zeremonien-der-traditionelle-anden-amazonasmedizin-mtaaz","status":"publish","type":"page","link":"https:\/\/sachaqente.com\/ger\/ayahuasca-zeremonien\/zeremonien-der-traditionelle-anden-amazonasmedizin-mtaaz\/","title":{"rendered":"Zeremonien der Traditionelle Anden &#8211; Amazonasmedizin (MTAAZ)"},"content":{"rendered":"\t\t<div data-elementor-type=\"wp-page\" data-elementor-id=\"1691\" class=\"elementor elementor-1691\" data-elementor-post-type=\"page\">\n\t\t\t\t\t\t<section class=\"elementor-section elementor-top-section elementor-element elementor-element-66511caa elementor-section-boxed elementor-section-height-default elementor-section-height-default\" data-id=\"66511caa\" data-element_type=\"section\" data-e-type=\"section\">\n\t\t\t\t\t\t<div class=\"elementor-container elementor-column-gap-default\">\n\t\t\t\t\t<div class=\"elementor-column elementor-col-50 elementor-top-column elementor-element elementor-element-36e8bfb0\" data-id=\"36e8bfb0\" data-element_type=\"column\" data-e-type=\"column\">\n\t\t\t<div class=\"elementor-widget-wrap elementor-element-populated\">\n\t\t\t\t\t\t<div class=\"elementor-element elementor-element-731f3915 eael_simple_menu_hamburger_disable_selected_menu_no eael-simple-menu-hamburger-align-right eael-hamburger--tablet elementor-widget elementor-widget-eael-simple-menu\" data-id=\"731f3915\" data-element_type=\"widget\" data-e-type=\"widget\" data-settings=\"{&quot;sticky&quot;:&quot;top&quot;,&quot;sticky_on&quot;:[&quot;desktop&quot;,&quot;tablet&quot;],&quot;sticky_offset&quot;:20,&quot;sticky_effects_offset&quot;:0,&quot;sticky_anchor_link_offset&quot;:0}\" data-widget_type=\"eael-simple-menu.default\">\n\t\t\t\t<div class=\"elementor-widget-container\">\n\t\t\t\t\t<style>\n                        @media screen and (max-width: 1024px) {\n                            .eael-hamburger--tablet {\n                                .eael-simple-menu-horizontal,\n                                .eael-simple-menu-vertical {\n                                    display: none;\n                                }\n                            }\n                            .eael-hamburger--tablet {\n                                .eael-simple-menu-container .eael-simple-menu-toggle {\n                                    display: block;\n                                }\n                            }\n                        }\n                    <\/style>            <div data-hamburger-icon=\"&lt;i aria-hidden=&quot;true&quot; class=&quot;fas fa-bars&quot;&gt;&lt;\/i&gt;\" data-indicator-icon=\"&lt;i aria-hidden=&quot;true&quot; class=&quot;fas fa-angle-down&quot;&gt;&lt;\/i&gt;\" data-dropdown-indicator-icon=\"&lt;i class=&quot;fas fa-angle-down&quot;&gt;&lt;\/i&gt;\" class=\"eael-simple-menu-container eael-simple-menu-align-left eael-simple-menu-dropdown-align-left preset-1\" data-hamburger-breakpoints=\"{&quot;mobile&quot;:&quot;M\\u00f3vil vertical (&gt; 767px)&quot;,&quot;tablet&quot;:&quot;Tableta vertical (&gt; 1024px)&quot;,&quot;desktop&quot;:&quot;Escritorio (&gt; 2400px)&quot;,&quot;none&quot;:&quot;Ninguno&quot;}\" data-hamburger-device=\"tablet\">\n                <ul id=\"menu-ceremonias\" class=\"eael-simple-menu eael-simple-menu-dropdown-animate-to-top eael-simple-menu-indicator eael-simple-menu-vertical\"><li id=\"menu-item-1647\" class=\"menu-item menu-item-type-post_type menu-item-object-page menu-item-1647\"><a href=\"https:\/\/sachaqente.com\/ger\/ayahuasca-zeremonien\/\" class=\"menu-link\">Ayahuasca Zeremonien<\/a><\/li>\n<li id=\"menu-item-1693\" class=\"menu-item menu-item-type-post_type menu-item-object-page menu-item-1693\"><a href=\"https:\/\/sachaqente.com\/ger\/ayahuasca-zeremonien\/zeremonien-der-traditionelle-anden-amazonasmedizin-mtaaz\/\" class=\"menu-link\">Zeremonien der Traditionelle Anden<\/a><\/li>\n<li id=\"menu-item-1712\" class=\"menu-item menu-item-type-post_type menu-item-object-page menu-item-1712\"><a href=\"https:\/\/sachaqente.com\/ger\/ayahuasca-zeremonien\/bedingungen\/\" class=\"menu-link\">Bedingungen<\/a><\/li>\n<\/ul>                <button class=\"eael-simple-menu-toggle\">\n                    <span class=\"sr-only \">Men\u00fa conmutador hamburguesa<\/span>\n                    <i aria-hidden=\"true\" class=\"fas fa-bars\"><\/i>                <\/button>\n            <\/div>\n            \t\t\t\t<\/div>\n\t\t\t\t<\/div>\n\t\t\t\t\t<\/div>\n\t\t<\/div>\n\t\t\t\t<div class=\"elementor-column elementor-col-50 elementor-top-column elementor-element elementor-element-5a0ed041\" data-id=\"5a0ed041\" data-element_type=\"column\" data-e-type=\"column\">\n\t\t\t<div class=\"elementor-widget-wrap elementor-element-populated\">\n\t\t\t\t\t\t<div class=\"elementor-element elementor-element-cab6c68 elementor-widget elementor-widget-video\" data-id=\"cab6c68\" data-element_type=\"widget\" data-e-type=\"widget\" data-settings=\"{&quot;youtube_url&quot;:&quot;https:\\\/\\\/www.youtube.com\\\/watch?v=o5-QwtOAN8g&quot;,&quot;video_type&quot;:&quot;youtube&quot;,&quot;controls&quot;:&quot;yes&quot;}\" data-widget_type=\"video.default\">\n\t\t\t\t<div class=\"elementor-widget-container\">\n\t\t\t\t\t\t\t<div class=\"elementor-wrapper elementor-open-inline\">\n\t\t\t<div class=\"elementor-video\"><\/div>\t\t<\/div>\n\t\t\t\t\t\t<\/div>\n\t\t\t\t<\/div>\n\t\t\t\t<div class=\"elementor-element elementor-element-1d92a4f3 elementor-widget elementor-widget-heading\" data-id=\"1d92a4f3\" data-element_type=\"widget\" data-e-type=\"widget\" id=\"titulo\" data-widget_type=\"heading.default\">\n\t\t\t\t<div class=\"elementor-widget-container\">\n\t\t\t\t\t<h2 class=\"elementor-heading-title elementor-size-default\">Zeremonien der Traditionelle Anden-Amazonasmedizin (MTAAZ)<\/h2>\t\t\t\t<\/div>\n\t\t\t\t<\/div>\n\t\t\t\t<div class=\"elementor-element elementor-element-5552287 elementor-widget-divider--view-line elementor-widget elementor-widget-divider\" data-id=\"5552287\" data-element_type=\"widget\" data-e-type=\"widget\" data-widget_type=\"divider.default\">\n\t\t\t\t<div class=\"elementor-widget-container\">\n\t\t\t\t\t\t\t<div class=\"elementor-divider\">\n\t\t\t<span class=\"elementor-divider-separator\">\n\t\t\t\t\t\t<\/span>\n\t\t<\/div>\n\t\t\t\t\t\t<\/div>\n\t\t\t\t<\/div>\n\t\t\t\t<div class=\"elementor-element elementor-element-76fa99d elementor-widget elementor-widget-text-editor\" data-id=\"76fa99d\" data-element_type=\"widget\" data-e-type=\"widget\" id=\"parrafo\" data-widget_type=\"text-editor.default\">\n\t\t\t\t<div class=\"elementor-widget-container\">\n\t\t\t\t\t\t\t\t\t<p><strong>Was ist eine Zeremonie und wozu dient sie?<\/strong><\/p><p>Die medizinische Zeremonie ist ein sicherer Raum, in dem sich die Teilnehmer ihrer inneren Welt, dem Unbewussten, aber auch dem kollektiven Unbewussten sowie den tiefsten Aspekten ihrer Spiritualit\u00e4t \u00f6ffnen.<\/p><p>W\u00e4hrend einer Zeremonie treten die inneren Inhalte der Person hervor, aber nicht nur als passive Beobachtung derselben, sondern mit der M\u00f6glichkeit, diese Knoten, die den krankhaften Prozess beeinflussen, zu l\u00f6sen und zu reinigen. Auf diese Weise f\u00e4llt es dem Menschen leichter, sich wieder mit sich selbst und seinen urspr\u00fcnglichen Inhalten, mit denen er auf die Welt gekommen ist, zu verbinden und eine zutiefst restrukturierende Wirkung zu erzielen. Andererseits setzt der Schamane verschiedene Energietechniken ein, um die Teilnehmer in ihrem pers\u00f6nlichen Prozess w\u00e4hrend der Phasen der Zeremonie zu begleiten: Die erste Phase ist die Umsetzung therapeutischer Inhalte, die zweite Phase ist die Reinigung oder Entblockung, die dritte die der Ausrichtung der Energien und das letzte ist die erleuchtende Wiederverbindung.<\/p><p>Die Zeremonien der Traditionelle Anden-Amazonas Medizin (MTAAZ) helfen an der Wiederherstellung der inneren \u00d6kologie des Menschen und seine eigene spirituellen Energien wiederzugewinnen.<\/p><p>W\u00e4hrend der Zeremonie kann die innere Welt jedes Teilnehmers durch kombinierte Visionen, Erinnerungen, Reflexionen und Intuitionen manifestiert werden, die manchmal eine \u00dcbersetzung erfordern, die in anschlie\u00dfenden Interviews mit dem Schamanen besprochen wird.<\/p>\t\t\t\t\t\t\t\t<\/div>\n\t\t\t\t<\/div>\n\t\t\t\t<div class=\"elementor-element elementor-element-7a69c573 elementor-widget elementor-widget-heading\" data-id=\"7a69c573\" data-element_type=\"widget\" data-e-type=\"widget\" id=\"titulo\" data-widget_type=\"heading.default\">\n\t\t\t\t<div class=\"elementor-widget-container\">\n\t\t\t\t\t<h2 class=\"elementor-heading-title elementor-size-default\">Wie l\u00e4uft eine Zeremonie ab?<\/h2>\t\t\t\t<\/div>\n\t\t\t\t<\/div>\n\t\t\t\t<div class=\"elementor-element elementor-element-566b7018 elementor-widget-divider--view-line elementor-widget elementor-widget-divider\" data-id=\"566b7018\" data-element_type=\"widget\" data-e-type=\"widget\" data-widget_type=\"divider.default\">\n\t\t\t\t<div class=\"elementor-widget-container\">\n\t\t\t\t\t\t\t<div class=\"elementor-divider\">\n\t\t\t<span class=\"elementor-divider-separator\">\n\t\t\t\t\t\t<\/span>\n\t\t<\/div>\n\t\t\t\t\t\t<\/div>\n\t\t\t\t<\/div>\n\t\t\t\t<div class=\"elementor-element elementor-element-dd0458c elementor-widget elementor-widget-text-editor\" data-id=\"dd0458c\" data-element_type=\"widget\" data-e-type=\"widget\" id=\"parrafo\" data-widget_type=\"text-editor.default\">\n\t\t\t\t<div class=\"elementor-widget-container\">\n\t\t\t\t\t\t\t\t\t<p>Gem\u00e4\u00df dem Ablauf-protokoll ist ein Vorab-Gespr\u00e4ch unerl\u00e4sslich, um die Dosis und H\u00e4ufigkeit zu bestimmen und an die Bed\u00fcrfnisse jeder Person anzupassen. Auch nach der Zeremonie wird ein weiteres Interview gef\u00fchrt.In der Zeremonie werden die Techniken der energetischen Begleitung durch den Schamanen durch Icaros (medizinische Ges\u00e4nge) und verschiedene erg\u00e4nzende Techniken angewendet.Die Zeremonien werden nachts in Stille und Halbdunkel durchgef\u00fchrt. Sie dauern im Durchschnitt zwischen 4 und 6 Stunden.Es ist notwendig, sich im Voraus vorzubereiten und den Empfehlungen zu folgen. Die Bedingungen und Empfehlungen f\u00fcr die Vorbereitung finden Sie unten.Es wird empfohlen, mit mindestens zwei Zeremonien zu beginnen, wobei die Teilnahme von 3 bis 4 Zeremonien f\u00fcr diejenigen, die zum ersten Mal trinken, besser ist. Es wird nicht empfohlen, nur an einer einzigen Zeremonie teilzunehmen.<\/p>\t\t\t\t\t\t\t\t<\/div>\n\t\t\t\t<\/div>\n\t\t\t\t\t<\/div>\n\t\t<\/div>\n\t\t\t\t\t<\/div>\n\t\t<\/section>\n\t\t\t\t<section class=\"elementor-section elementor-top-section elementor-element elementor-element-180aa385 elementor-section-boxed elementor-section-height-default elementor-section-height-default\" data-id=\"180aa385\" data-element_type=\"section\" data-e-type=\"section\" data-settings=\"{&quot;background_background&quot;:&quot;classic&quot;}\">\n\t\t\t\t\t\t<div class=\"elementor-container elementor-column-gap-default\">\n\t\t\t\t\t<div class=\"elementor-column elementor-col-100 elementor-top-column elementor-element elementor-element-1b1c192f\" data-id=\"1b1c192f\" data-element_type=\"column\" data-e-type=\"column\">\n\t\t\t<div class=\"elementor-widget-wrap elementor-element-populated\">\n\t\t\t\t\t\t<div class=\"elementor-element elementor-element-732ef1df elementor-cta--skin-classic elementor-animated-content elementor-widget elementor-widget-call-to-action\" data-id=\"732ef1df\" data-element_type=\"widget\" data-e-type=\"widget\" data-widget_type=\"call-to-action.default\">\n\t\t\t\t<div class=\"elementor-widget-container\">\n\t\t\t\t\t\t\t<div class=\"elementor-cta\">\n\t\t\t\t\t\t\t<div class=\"elementor-cta__content\">\n\t\t\t\t\n\t\t\t\t\t\t\t\t\t<h2 class=\"elementor-cta__title elementor-cta__content-item elementor-content-item\">\n\t\t\t\t\t\tWollen sie, dass wir ihnen helfen, etwas anderes zu wissen?\t\t\t\t\t<\/h2>\n\t\t\t\t\n\t\t\t\t\n\t\t\t\t\t\t\t\t\t<div class=\"elementor-cta__button-wrapper elementor-cta__content-item elementor-content-item \">\n\t\t\t\t\t<a class=\"elementor-cta__button elementor-button elementor-size-lg\" href=\"https:\/\/sachaqente.com\/ger\/beratung\/\">\n\t\t\t\t\t\tSCHREIBEN SIE UNS\t\t\t\t\t<\/a>\n\t\t\t\t\t<\/div>\n\t\t\t\t\t\t\t<\/div>\n\t\t\t\t\t\t<\/div>\n\t\t\t\t\t\t<\/div>\n\t\t\t\t<\/div>\n\t\t\t\t\t<\/div>\n\t\t<\/div>\n\t\t\t\t\t<\/div>\n\t\t<\/section>\n\t\t\t\t<\/div>\n\t\t","protected":false},"excerpt":{"rendered":"<p>Ayahuasca Zeremonien Zeremonien der Traditionelle Anden Condiciones Zeremonien der Traditionelle Anden-Amazonasmedizin (MTAAZ) Was ist eine Zeremonie und wozu dient sie? Die medizinische Zeremonie ist ein sicherer Raum, in dem sich die Teilnehmer ihrer inneren Welt, dem Unbewussten, aber auch dem kollektiven Unbewussten sowie den tiefsten Aspekten ihrer Spiritualit\u00e4t \u00f6ffnen. W\u00e4hrend einer Zeremonie treten die inneren &hellip;<\/p>\n<p class=\"read-more\"> <a class=\"\" href=\"https:\/\/sachaqente.com\/ger\/ayahuasca-zeremonien\/zeremonien-der-traditionelle-anden-amazonasmedizin-mtaaz\/\"> <span class=\"screen-reader-text\">Zeremonien der Traditionelle Anden &#8211; Amazonasmedizin (MTAAZ)<\/span> Leer m\u00e1s &raquo;<\/a><\/p>\n","protected":false},"author":1,"featured_media":0,"parent":1643,"menu_order":0,"comment_status":"closed","ping_status":"closed","template":"","meta":{"site-sidebar-layout":"no-sidebar","site-content-layout":"page-builder","ast-main-header-display":"","ast-hfb-above-header-display":"","ast-hfb-below-header-display":"","ast-hfb-mobile-header-display":"","site-post-title":"disabled","ast-breadcrumbs-content":"","ast-featured-img":"disabled","footer-sml-layout":"disabled","theme-transparent-header-meta":"default","adv-header-id-meta":"","stick-header-meta":"","header-above-stick-meta":"","header-main-stick-meta":"","header-below-stick-meta":"","footnotes":""},"class_list":["post-1691","page","type-page","status-publish","hentry"],"_links":{"self":[{"href":"https:\/\/sachaqente.com\/ger\/wp-json\/wp\/v2\/pages\/1691","targetHints":{"allow":["GET"]}}],"collection":[{"href":"https:\/\/sachaqente.com\/ger\/wp-json\/wp\/v2\/pages"}],"about":[{"href":"https:\/\/sachaqente.com\/ger\/wp-json\/wp\/v2\/types\/page"}],"author":[{"embeddable":true,"href":"https:\/\/sachaqente.com\/ger\/wp-json\/wp\/v2\/users\/1"}],"replies":[{"embeddable":true,"href":"https:\/\/sachaqente.com\/ger\/wp-json\/wp\/v2\/comments?post=1691"}],"version-history":[{"count":28,"href":"https:\/\/sachaqente.com\/ger\/wp-json\/wp\/v2\/pages\/1691\/revisions"}],"predecessor-version":[{"id":2702,"href":"https:\/\/sachaqente.com\/ger\/wp-json\/wp\/v2\/pages\/1691\/revisions\/2702"}],"up":[{"embeddable":true,"href":"https:\/\/sachaqente.com\/ger\/wp-json\/wp\/v2\/pages\/1643"}],"wp:attachment":[{"href":"https:\/\/sachaqente.com\/ger\/wp-json\/wp\/v2\/media?parent=1691"}],"curies":[{"name":"wp","href":"https:\/\/api.w.org\/{rel}","templated":true}]}}