{"id":1643,"date":"2021-10-24T18:48:24","date_gmt":"2021-10-24T18:48:24","guid":{"rendered":"http:\/\/sachaqente.com\/ger\/?page_id=1643"},"modified":"2024-03-25T15:49:21","modified_gmt":"2024-03-25T15:49:21","slug":"ayahuasca-zeremonien","status":"publish","type":"page","link":"https:\/\/sachaqente.com\/ger\/ayahuasca-zeremonien\/","title":{"rendered":"Ayahuasca Zeremonien"},"content":{"rendered":"\t\t<div data-elementor-type=\"wp-page\" data-elementor-id=\"1643\" class=\"elementor elementor-1643\" data-elementor-post-type=\"page\">\n\t\t\t\t\t\t<section class=\"elementor-section elementor-top-section elementor-element elementor-element-33e84fe5 elementor-section-boxed elementor-section-height-default elementor-section-height-default\" data-id=\"33e84fe5\" data-element_type=\"section\" data-e-type=\"section\">\n\t\t\t\t\t\t<div class=\"elementor-container elementor-column-gap-default\">\n\t\t\t\t\t<div class=\"elementor-column elementor-col-50 elementor-top-column elementor-element elementor-element-7bf02fca\" data-id=\"7bf02fca\" data-element_type=\"column\" data-e-type=\"column\">\n\t\t\t<div class=\"elementor-widget-wrap elementor-element-populated\">\n\t\t\t\t\t\t<div class=\"elementor-element elementor-element-2245fcac eael_simple_menu_hamburger_disable_selected_menu_no eael-simple-menu-hamburger-align-right eael-hamburger--tablet elementor-widget elementor-widget-eael-simple-menu\" data-id=\"2245fcac\" data-element_type=\"widget\" data-e-type=\"widget\" data-settings=\"{&quot;sticky&quot;:&quot;top&quot;,&quot;sticky_on&quot;:[&quot;desktop&quot;,&quot;tablet&quot;],&quot;sticky_offset&quot;:20,&quot;sticky_effects_offset&quot;:0,&quot;sticky_anchor_link_offset&quot;:0}\" data-widget_type=\"eael-simple-menu.default\">\n\t\t\t\t<div class=\"elementor-widget-container\">\n\t\t\t\t\t<style>\n                        @media screen and (max-width: 1024px) {\n                            .eael-hamburger--tablet {\n                                .eael-simple-menu-horizontal,\n                                .eael-simple-menu-vertical {\n                                    display: none;\n                                }\n                            }\n                            .eael-hamburger--tablet {\n                                .eael-simple-menu-container .eael-simple-menu-toggle {\n                                    display: block;\n                                }\n                            }\n                        }\n                    <\/style>            <div data-hamburger-icon=\"&lt;i aria-hidden=&quot;true&quot; class=&quot;fas fa-bars&quot;&gt;&lt;\/i&gt;\" data-indicator-icon=\"&lt;i aria-hidden=&quot;true&quot; class=&quot;fas fa-angle-down&quot;&gt;&lt;\/i&gt;\" data-dropdown-indicator-icon=\"&lt;i class=&quot;fas fa-angle-down&quot;&gt;&lt;\/i&gt;\" class=\"eael-simple-menu-container eael-simple-menu-align-left eael-simple-menu-dropdown-align-left preset-1\" data-hamburger-breakpoints=\"{&quot;mobile&quot;:&quot;M\\u00f3vil vertical (&gt; 767px)&quot;,&quot;tablet&quot;:&quot;Tableta vertical (&gt; 1024px)&quot;,&quot;desktop&quot;:&quot;Escritorio (&gt; 2400px)&quot;,&quot;none&quot;:&quot;Ninguno&quot;}\" data-hamburger-device=\"tablet\">\n                <ul id=\"menu-ceremonias\" class=\"eael-simple-menu eael-simple-menu-dropdown-animate-to-top eael-simple-menu-indicator eael-simple-menu-vertical\"><li id=\"menu-item-1647\" class=\"menu-item menu-item-type-post_type menu-item-object-page menu-item-1647\"><a href=\"https:\/\/sachaqente.com\/ger\/ayahuasca-zeremonien\/\" class=\"menu-link\">Ayahuasca Zeremonien<\/a><\/li>\n<li id=\"menu-item-1693\" class=\"menu-item menu-item-type-post_type menu-item-object-page menu-item-1693\"><a href=\"https:\/\/sachaqente.com\/ger\/ayahuasca-zeremonien\/zeremonien-der-traditionelle-anden-amazonasmedizin-mtaaz\/\" class=\"menu-link\">Zeremonien der Traditionelle Anden<\/a><\/li>\n<li id=\"menu-item-1712\" class=\"menu-item menu-item-type-post_type menu-item-object-page menu-item-1712\"><a href=\"https:\/\/sachaqente.com\/ger\/ayahuasca-zeremonien\/bedingungen\/\" class=\"menu-link\">Bedingungen<\/a><\/li>\n<\/ul>                <button class=\"eael-simple-menu-toggle\">\n                    <span class=\"sr-only \">Men\u00fa conmutador hamburguesa<\/span>\n                    <i aria-hidden=\"true\" class=\"fas fa-bars\"><\/i>                <\/button>\n            <\/div>\n            \t\t\t\t<\/div>\n\t\t\t\t<\/div>\n\t\t\t\t\t<\/div>\n\t\t<\/div>\n\t\t\t\t<div class=\"elementor-column elementor-col-50 elementor-top-column elementor-element elementor-element-6de04e57\" data-id=\"6de04e57\" data-element_type=\"column\" data-e-type=\"column\">\n\t\t\t<div class=\"elementor-widget-wrap elementor-element-populated\">\n\t\t\t\t\t\t<div class=\"elementor-element elementor-element-2e4f37a7 elementor-widget elementor-widget-image\" data-id=\"2e4f37a7\" data-element_type=\"widget\" data-e-type=\"widget\" data-widget_type=\"image.default\">\n\t\t\t\t<div class=\"elementor-widget-container\">\n\t\t\t\t\t\t\t\t\t\t\t\t\t\t\t<img fetchpriority=\"high\" decoding=\"async\" width=\"900\" height=\"608\" src=\"https:\/\/sachaqente.com\/ger\/wp-content\/uploads\/2021\/12\/ceremonias-sachaqente-1.jpg\" class=\"attachment-large size-large wp-image-2033\" alt=\"\" srcset=\"https:\/\/sachaqente.com\/ger\/wp-content\/uploads\/2021\/12\/ceremonias-sachaqente-1.jpg 900w, https:\/\/sachaqente.com\/ger\/wp-content\/uploads\/2021\/12\/ceremonias-sachaqente-1-300x203.jpg 300w, https:\/\/sachaqente.com\/ger\/wp-content\/uploads\/2021\/12\/ceremonias-sachaqente-1-768x519.jpg 768w\" sizes=\"(max-width: 900px) 100vw, 900px\" \/>\t\t\t\t\t\t\t\t\t\t\t\t\t\t\t<\/div>\n\t\t\t\t<\/div>\n\t\t\t\t<div class=\"elementor-element elementor-element-4425801d elementor-widget elementor-widget-heading\" data-id=\"4425801d\" data-element_type=\"widget\" data-e-type=\"widget\" id=\"titulo\" data-widget_type=\"heading.default\">\n\t\t\t\t<div class=\"elementor-widget-container\">\n\t\t\t\t\t<h2 class=\"elementor-heading-title elementor-size-default\">Ayahuasca-Zeremonien<\/h2>\t\t\t\t<\/div>\n\t\t\t\t<\/div>\n\t\t\t\t<div class=\"elementor-element elementor-element-10d3845b elementor-widget-divider--view-line elementor-widget elementor-widget-divider\" data-id=\"10d3845b\" data-element_type=\"widget\" data-e-type=\"widget\" data-widget_type=\"divider.default\">\n\t\t\t\t<div class=\"elementor-widget-container\">\n\t\t\t\t\t\t\t<div class=\"elementor-divider\">\n\t\t\t<span class=\"elementor-divider-separator\">\n\t\t\t\t\t\t<\/span>\n\t\t<\/div>\n\t\t\t\t\t\t<\/div>\n\t\t\t\t<\/div>\n\t\t\t\t<div class=\"elementor-element elementor-element-5385abf9 elementor-widget elementor-widget-text-editor\" data-id=\"5385abf9\" data-element_type=\"widget\" data-e-type=\"widget\" id=\"parrafo\" data-widget_type=\"text-editor.default\">\n\t\t\t\t<div class=\"elementor-widget-container\">\n\t\t\t\t\t\t\t\t\t<p>\u00abBei Sacha Q&#8217;ente helfen wir Menschen, sich mit sich selbst zu verbinden, mit ihrer Energiequelle, um zu heilen und sich zu entwickeln\u00bb<\/p>\t\t\t\t\t\t\t\t<\/div>\n\t\t\t\t<\/div>\n\t\t\t\t<div class=\"elementor-element elementor-element-5f62fcb elementor-widget elementor-widget-text-editor\" data-id=\"5f62fcb\" data-element_type=\"widget\" data-e-type=\"widget\" id=\"parrafo\" data-widget_type=\"text-editor.default\">\n\t\t\t\t<div class=\"elementor-widget-container\">\n\t\t\t\t\t\t\t\t\t<p>Wir dienen Menschen, die aus allen Ecken der Welt kommen, Menschen, die wegen ihrer gesundheitlichen Probleme Pflege ben\u00f6tigen, aus energetischer und phytotherapeutischer Sicht. Menschen, die ihr Potenzial, ihre F\u00fclle entfalten und den Sinn des Lebens finden wollen. Menschen mit Suchtproblemen.Wir arbeiten mit unserem eigenen Patientenversorgungsmodell, das Moderne Anden-Amazonische Medizin (MTAAZ), moderne Psychologie und Psychotherapie integriert. Zwei unterschiedliche, aber sich erg\u00e4nzende medizinische Ans\u00e4tze, die es erm\u00f6glichen, die k\u00f6rperliche, geistige, situative und spirituelle Gesundheit von Menschen umfassend zu behandeln.Traditionelle Anden-Amazonas-Medizin (MTAAZ) hilft, die Energieblockaden des K\u00f6rpers zu \u00f6ffnen und zu l\u00f6sen, damit sich der Mensch mit seiner inneren Energiequelle verbinden kann und so ein Energiegleichgewicht erreicht, das zu Gesundheit und Wohlbefinden f\u00fchrt.<\/p>\t\t\t\t\t\t\t\t<\/div>\n\t\t\t\t<\/div>\n\t\t\t\t<div class=\"elementor-element elementor-element-1ce90453 elementor-widget elementor-widget-heading\" data-id=\"1ce90453\" data-element_type=\"widget\" data-e-type=\"widget\" id=\"titulo\" data-widget_type=\"heading.default\">\n\t\t\t\t<div class=\"elementor-widget-container\">\n\t\t\t\t\t<h2 class=\"elementor-heading-title elementor-size-default\">Was ist Ayahuasca?<\/h2>\t\t\t\t<\/div>\n\t\t\t\t<\/div>\n\t\t\t\t<div class=\"elementor-element elementor-element-4591500f elementor-widget-divider--view-line elementor-widget elementor-widget-divider\" data-id=\"4591500f\" data-element_type=\"widget\" data-e-type=\"widget\" data-widget_type=\"divider.default\">\n\t\t\t\t<div class=\"elementor-widget-container\">\n\t\t\t\t\t\t\t<div class=\"elementor-divider\">\n\t\t\t<span class=\"elementor-divider-separator\">\n\t\t\t\t\t\t<\/span>\n\t\t<\/div>\n\t\t\t\t\t\t<\/div>\n\t\t\t\t<\/div>\n\t\t\t\t<div class=\"elementor-element elementor-element-047e311 elementor-widget elementor-widget-text-editor\" data-id=\"047e311\" data-element_type=\"widget\" data-e-type=\"widget\" id=\"parrafo\" data-widget_type=\"text-editor.default\">\n\t\t\t\t<div class=\"elementor-widget-container\">\n\t\t\t\t\t\t\t\t\t<p>Die wichtigste Heilpflanze in einer Zeremonie der Traditionellen Anden-Amazonischen Medizin (MTAAZ) ist Ayahuasca.<br \/><br \/>Ayahuasca (Banisteriopsis caapi) ist eine heilige Pflanze, allerdings nicht im theologischen Sinne, sondern eher als \u201egro\u00dfe Schwester\u201c zu sehen, im indigenen Weltbild. Es ist eine Liane, die als \u00abSeil der Geister\u00bb oder als das Seil gilt, das den Kontakt mit der inneren Welt eines jeden erleichtert. Dieselbe Pflanze wird auch verwendet, um Diagnosen im Ablauf-Protokoll der Traditionellen Anden-Amazonischen Medizin (MTAAZ) zu erstellen.<br \/><br \/>Ayahuasca ist eine Pflanze, die auf das Energiesystem des Menschen einwirkt, auf k\u00f6rperlicher, emotionaler, mentaler, spiritueller und situativer Ebene. Diese Medizin hat eine lange und sehr alte Tradition und muss mit bew\u00e4hrten Techniken angewendet werden, die seit Jahrtausenden von Schamanen benutzt wurden. Die richtige Menge und H\u00e4ufigkeit ist sehr entscheidend, entsprechend den Eigenschaften und Bed\u00fcrfnissen jeder Person, nach den Anweisungen eines Schamanen, der in der indigenen medizinischen Tradition ausgebildet ist. Ein Schamane ist ein Chirurg der Energien. Wie Chirurgen bei ihren chirurgischen Eingriffen ist er daf\u00fcr zust\u00e4ndig, die Energiekerne zu \u00f6ffnen, zu sehen, zu beobachten, zu reinigen, die Heilung zu erm\u00f6glichen und wieder zu schlie\u00dfen, ohne die Gefahr einer Infektion oder Kontamination anderer Energien.<\/p>\t\t\t\t\t\t\t\t<\/div>\n\t\t\t\t<\/div>\n\t\t\t\t<div class=\"elementor-element elementor-element-ee3b78c elementor-widget elementor-widget-video\" data-id=\"ee3b78c\" data-element_type=\"widget\" data-e-type=\"widget\" data-settings=\"{&quot;youtube_url&quot;:&quot;https:\\\/\\\/www.youtube.com\\\/watch?v=KspHT9o3QSY&amp;t=1s&quot;,&quot;video_type&quot;:&quot;youtube&quot;,&quot;controls&quot;:&quot;yes&quot;}\" data-widget_type=\"video.default\">\n\t\t\t\t<div class=\"elementor-widget-container\">\n\t\t\t\t\t\t\t<div class=\"elementor-wrapper elementor-open-inline\">\n\t\t\t<div class=\"elementor-video\"><\/div>\t\t<\/div>\n\t\t\t\t\t\t<\/div>\n\t\t\t\t<\/div>\n\t\t\t\t<div class=\"elementor-element elementor-element-0fbd729 elementor-widget elementor-widget-heading\" data-id=\"0fbd729\" data-element_type=\"widget\" data-e-type=\"widget\" id=\"titulo\" data-widget_type=\"heading.default\">\n\t\t\t\t<div class=\"elementor-widget-container\">\n\t\t\t\t\t<h2 class=\"elementor-heading-title elementor-size-default\">Vorab-Reinigung<\/h2>\t\t\t\t<\/div>\n\t\t\t\t<\/div>\n\t\t\t\t<div class=\"elementor-element elementor-element-5893db6 elementor-widget-divider--view-line elementor-widget elementor-widget-divider\" data-id=\"5893db6\" data-element_type=\"widget\" data-e-type=\"widget\" data-widget_type=\"divider.default\">\n\t\t\t\t<div class=\"elementor-widget-container\">\n\t\t\t\t\t\t\t<div class=\"elementor-divider\">\n\t\t\t<span class=\"elementor-divider-separator\">\n\t\t\t\t\t\t<\/span>\n\t\t<\/div>\n\t\t\t\t\t\t<\/div>\n\t\t\t\t<\/div>\n\t\t\t\t<div class=\"elementor-element elementor-element-4d22528 elementor-widget elementor-widget-text-editor\" data-id=\"4d22528\" data-element_type=\"widget\" data-e-type=\"widget\" id=\"parrafo\" data-widget_type=\"text-editor.default\">\n\t\t\t\t<div class=\"elementor-widget-container\">\n\t\t\t\t\t\t\t\t\t<p>Nach dem alten Protokoll m\u00fcssen alle Teilnehmer an einer vorherigen Reinigung teilnehmen.<\/p><p>Die vorangegangenen Reinigungen \u2013 sogenannte Brechsp\u00fclungen \u2013 sind vor allem als energetische Reinigung auf emotionaler, mentaler und spiritueller Ebene hervorragend. Die Ergebnisse sind fast sofort und geben ein Gef\u00fchl der Erleichterung. Manchmal sind Sp\u00fclungen eine Voraussetzung, um Behandlungen mit anderen Pflanzen zu beginnen. Sie haben auch fast keine Nebenwirkungen mit Medikamenten.<\/p><p>Reinigungen sind vor einer Zeremonie, einer Di\u00e4t oder einem Retreat notwendig. Abgesehen von der k\u00f6rperlichen Reinigung von Toxinen, die auftreten, helfen die Sp\u00fclungen, die negativen Emotionen, die wir im Laufe der Zeit angesammelt haben, zur\u00fcckzugeben, freizusetzen und auszureinigen. Mit der Reinigun wird auch die Traumf\u00e4higkeit angeregt.<\/p><p>Es gibt mehr als 70 Arten von reinigenden Pflanzen und sie werden entsprechend den Bed\u00fcrfnissen jeder Person verwendet. Die Reinigungen dauern 1 bis 3 Stunden. Es ist keine besondere Vorbereitung erforderlich, es wird empfohlen, dies auf n\u00fcchternen Magen zu tun (mindestens die letzten 4 Stunden vor der Reinigung nichts essen), am Ende der Reinigung k\u00f6nnen Sie Ihr Leben normal fortsetzen.<\/p>\t\t\t\t\t\t\t\t<\/div>\n\t\t\t\t<\/div>\n\t\t\t\t\t<\/div>\n\t\t<\/div>\n\t\t\t\t\t<\/div>\n\t\t<\/section>\n\t\t\t\t<section class=\"elementor-section elementor-top-section elementor-element elementor-element-6a171913 elementor-section-boxed elementor-section-height-default elementor-section-height-default\" data-id=\"6a171913\" data-element_type=\"section\" data-e-type=\"section\" data-settings=\"{&quot;background_background&quot;:&quot;classic&quot;}\">\n\t\t\t\t\t\t<div class=\"elementor-container elementor-column-gap-default\">\n\t\t\t\t\t<div class=\"elementor-column elementor-col-100 elementor-top-column elementor-element elementor-element-72d9cc73\" data-id=\"72d9cc73\" data-element_type=\"column\" data-e-type=\"column\">\n\t\t\t<div class=\"elementor-widget-wrap elementor-element-populated\">\n\t\t\t\t\t\t<div class=\"elementor-element elementor-element-1ab4ea2 elementor-cta--skin-classic elementor-animated-content elementor-widget elementor-widget-call-to-action\" data-id=\"1ab4ea2\" data-element_type=\"widget\" data-e-type=\"widget\" data-widget_type=\"call-to-action.default\">\n\t\t\t\t<div class=\"elementor-widget-container\">\n\t\t\t\t\t\t\t<div class=\"elementor-cta\">\n\t\t\t\t\t\t\t<div class=\"elementor-cta__content\">\n\t\t\t\t\n\t\t\t\t\t\t\t\t\t<h2 class=\"elementor-cta__title elementor-cta__content-item elementor-content-item\">\n\t\t\t\t\t\tWollen sie, dass wir ihnen helfen, etwas anderes zu wissen?\t\t\t\t\t<\/h2>\n\t\t\t\t\n\t\t\t\t\n\t\t\t\t\t\t\t\t\t<div class=\"elementor-cta__button-wrapper elementor-cta__content-item elementor-content-item \">\n\t\t\t\t\t<a class=\"elementor-cta__button elementor-button elementor-size-lg\" href=\"https:\/\/sachaqente.com\/ger\/beratung\/\">\n\t\t\t\t\t\tSCHREIBEN SIE UNS\t\t\t\t\t<\/a>\n\t\t\t\t\t<\/div>\n\t\t\t\t\t\t\t<\/div>\n\t\t\t\t\t\t<\/div>\n\t\t\t\t\t\t<\/div>\n\t\t\t\t<\/div>\n\t\t\t\t\t<\/div>\n\t\t<\/div>\n\t\t\t\t\t<\/div>\n\t\t<\/section>\n\t\t\t\t<\/div>\n\t\t","protected":false},"excerpt":{"rendered":"<p>Ayahuasca Zeremonien Zeremonien der Traditionelle Anden Bedingungen Men\u00fa conmutador Humberger Ayahuasca-Zeremonien \u00abBei Sacha Q&#8217;ente helfen wir Menschen, sich mit sich selbst zu verbinden, mit ihrer Energiequelle, um zu heilen und sich zu entwickeln\u00bb Wir dienen Menschen, die aus allen Ecken der Welt kommen, Menschen, die wegen ihrer gesundheitlichen Probleme Pflege ben\u00f6tigen, aus energetischer und phytotherapeutischer &hellip;<\/p>\n<p class=\"read-more\"> <a class=\"\" href=\"https:\/\/sachaqente.com\/ger\/ayahuasca-zeremonien\/\"> <span class=\"screen-reader-text\">Ayahuasca Zeremonien<\/span> Leer m\u00e1s &raquo;<\/a><\/p>\n","protected":false},"author":1,"featured_media":0,"parent":0,"menu_order":0,"comment_status":"closed","ping_status":"closed","template":"","meta":{"site-sidebar-layout":"no-sidebar","site-content-layout":"page-builder","ast-main-header-display":"","ast-hfb-above-header-display":"","ast-hfb-below-header-display":"","ast-hfb-mobile-header-display":"","site-post-title":"disabled","ast-breadcrumbs-content":"","ast-featured-img":"","footer-sml-layout":"","theme-transparent-header-meta":"default","adv-header-id-meta":"","stick-header-meta":"","header-above-stick-meta":"","header-main-stick-meta":"","header-below-stick-meta":"","footnotes":""},"class_list":["post-1643","page","type-page","status-publish","hentry"],"_links":{"self":[{"href":"https:\/\/sachaqente.com\/ger\/wp-json\/wp\/v2\/pages\/1643","targetHints":{"allow":["GET"]}}],"collection":[{"href":"https:\/\/sachaqente.com\/ger\/wp-json\/wp\/v2\/pages"}],"about":[{"href":"https:\/\/sachaqente.com\/ger\/wp-json\/wp\/v2\/types\/page"}],"author":[{"embeddable":true,"href":"https:\/\/sachaqente.com\/ger\/wp-json\/wp\/v2\/users\/1"}],"replies":[{"embeddable":true,"href":"https:\/\/sachaqente.com\/ger\/wp-json\/wp\/v2\/comments?post=1643"}],"version-history":[{"count":61,"href":"https:\/\/sachaqente.com\/ger\/wp-json\/wp\/v2\/pages\/1643\/revisions"}],"predecessor-version":[{"id":3260,"href":"https:\/\/sachaqente.com\/ger\/wp-json\/wp\/v2\/pages\/1643\/revisions\/3260"}],"wp:attachment":[{"href":"https:\/\/sachaqente.com\/ger\/wp-json\/wp\/v2\/media?parent=1643"}],"curies":[{"name":"wp","href":"https:\/\/api.w.org\/{rel}","templated":true}]}}