{"id":1508,"date":"2021-10-18T23:11:00","date_gmt":"2021-10-18T23:11:00","guid":{"rendered":"http:\/\/sachaqente.com\/ger\/?page_id=1508"},"modified":"2022-03-10T16:46:56","modified_gmt":"2022-03-10T16:46:56","slug":"die-alte-philosophie-der-gesundheit","status":"publish","type":"page","link":"https:\/\/sachaqente.com\/ger\/therapeuten\/die-alte-philosophie-der-gesundheit\/","title":{"rendered":"Die alte Philosophie der Gesundheit"},"content":{"rendered":"\t\t<div data-elementor-type=\"wp-page\" data-elementor-id=\"1508\" class=\"elementor elementor-1508\" data-elementor-post-type=\"page\">\n\t\t\t\t\t\t<section class=\"elementor-section elementor-top-section elementor-element elementor-element-2ee4e5e6 elementor-section-boxed elementor-section-height-default elementor-section-height-default\" data-id=\"2ee4e5e6\" data-element_type=\"section\" data-e-type=\"section\">\n\t\t\t\t\t\t<div class=\"elementor-container elementor-column-gap-default\">\n\t\t\t\t\t<div class=\"elementor-column elementor-col-50 elementor-top-column elementor-element elementor-element-24957c2d\" data-id=\"24957c2d\" data-element_type=\"column\" data-e-type=\"column\">\n\t\t\t<div class=\"elementor-widget-wrap elementor-element-populated\">\n\t\t\t\t\t\t<div class=\"elementor-element elementor-element-5366c35d eael_simple_menu_hamburger_disable_selected_menu_no eael-simple-menu-hamburger-align-right eael-hamburger--tablet elementor-widget elementor-widget-eael-simple-menu\" data-id=\"5366c35d\" data-element_type=\"widget\" data-e-type=\"widget\" data-settings=\"{&quot;sticky&quot;:&quot;top&quot;,&quot;sticky_on&quot;:[&quot;desktop&quot;,&quot;tablet&quot;],&quot;sticky_offset&quot;:20,&quot;sticky_effects_offset&quot;:0,&quot;sticky_anchor_link_offset&quot;:0}\" data-widget_type=\"eael-simple-menu.default\">\n\t\t\t\t<div class=\"elementor-widget-container\">\n\t\t\t\t\t<style>\n                        @media screen and (max-width: 1024px) {\n                            .eael-hamburger--tablet {\n                                .eael-simple-menu-horizontal,\n                                .eael-simple-menu-vertical {\n                                    display: none;\n                                }\n                            }\n                            .eael-hamburger--tablet {\n                                .eael-simple-menu-container .eael-simple-menu-toggle {\n                                    display: block;\n                                }\n                            }\n                        }\n                    <\/style>            <div data-hamburger-icon=\"&lt;i aria-hidden=&quot;true&quot; class=&quot;fas fa-bars&quot;&gt;&lt;\/i&gt;\" data-indicator-icon=\"&lt;i aria-hidden=&quot;true&quot; class=&quot;fas fa-angle-down&quot;&gt;&lt;\/i&gt;\" data-dropdown-indicator-icon=\"&lt;i class=&quot;fas fa-angle-down&quot;&gt;&lt;\/i&gt;\" class=\"eael-simple-menu-container eael-simple-menu-align-left eael-simple-menu-dropdown-align-left preset-1\" data-hamburger-breakpoints=\"{&quot;mobile&quot;:&quot;M\\u00f3vil vertical (&gt; 767px)&quot;,&quot;tablet&quot;:&quot;Tableta vertical (&gt; 1024px)&quot;,&quot;desktop&quot;:&quot;Escritorio (&gt; 2400px)&quot;,&quot;none&quot;:&quot;Ninguno&quot;}\" data-hamburger-device=\"tablet\">\n                <ul id=\"menu-terapeutas-de-futuro\" class=\"eael-simple-menu eael-simple-menu-dropdown-animate-to-top eael-simple-menu-indicator eael-simple-menu-vertical\"><li id=\"menu-item-1510\" class=\"menu-item menu-item-type-post_type menu-item-object-page menu-item-1510\"><a href=\"https:\/\/sachaqente.com\/ger\/therapeuten\/\" class=\"menu-link\">Therapeuten der Zukunft<\/a><\/li>\n<li id=\"menu-item-1511\" class=\"menu-item menu-item-type-post_type menu-item-object-page menu-item-1511\"><a href=\"https:\/\/sachaqente.com\/ger\/therapeuten\/die-alte-philosophie-der-gesundheit\/\" class=\"menu-link\">Die alte Philosophie der Gesundheit<\/a><\/li>\n<li id=\"menu-item-1566\" class=\"menu-item menu-item-type-post_type menu-item-object-page menu-item-1566\"><a href=\"https:\/\/sachaqente.com\/ger\/therapeuten\/programas-de-estudios-y-pasantias\/\" class=\"menu-link\">Programas de Estudios y Pasant\u00edas<\/a><\/li>\n<\/ul>                <button class=\"eael-simple-menu-toggle\">\n                    <span class=\"sr-only \">Men\u00fa conmutador hamburguesa<\/span>\n                    <i aria-hidden=\"true\" class=\"fas fa-bars\"><\/i>                <\/button>\n            <\/div>\n            \t\t\t\t<\/div>\n\t\t\t\t<\/div>\n\t\t\t\t\t<\/div>\n\t\t<\/div>\n\t\t\t\t<div class=\"elementor-column elementor-col-50 elementor-top-column elementor-element elementor-element-12a34bb1\" data-id=\"12a34bb1\" data-element_type=\"column\" data-e-type=\"column\">\n\t\t\t<div class=\"elementor-widget-wrap elementor-element-populated\">\n\t\t\t\t\t\t<div class=\"elementor-element elementor-element-458af5a6 elementor-widget elementor-widget-image\" data-id=\"458af5a6\" data-element_type=\"widget\" data-e-type=\"widget\" data-widget_type=\"image.default\">\n\t\t\t\t<div class=\"elementor-widget-container\">\n\t\t\t\t\t\t\t\t\t\t\t\t\t\t\t<img fetchpriority=\"high\" decoding=\"async\" width=\"1024\" height=\"621\" src=\"https:\/\/sachaqente.com\/ger\/wp-content\/uploads\/2020\/06\/pexels-photo-1494586-1024x621.jpeg\" class=\"attachment-large size-large wp-image-201\" alt=\"\" srcset=\"https:\/\/sachaqente.com\/ger\/wp-content\/uploads\/2020\/06\/pexels-photo-1494586-1024x621.jpeg 1024w, https:\/\/sachaqente.com\/ger\/wp-content\/uploads\/2020\/06\/pexels-photo-1494586-300x182.jpeg 300w, https:\/\/sachaqente.com\/ger\/wp-content\/uploads\/2020\/06\/pexels-photo-1494586-768x466.jpeg 768w, https:\/\/sachaqente.com\/ger\/wp-content\/uploads\/2020\/06\/pexels-photo-1494586.jpeg 1500w\" sizes=\"(max-width: 1024px) 100vw, 1024px\" \/>\t\t\t\t\t\t\t\t\t\t\t\t\t\t\t<\/div>\n\t\t\t\t<\/div>\n\t\t\t\t<div class=\"elementor-element elementor-element-616901f2 elementor-widget elementor-widget-heading\" data-id=\"616901f2\" data-element_type=\"widget\" data-e-type=\"widget\" id=\"titulo\" data-widget_type=\"heading.default\">\n\t\t\t\t<div class=\"elementor-widget-container\">\n\t\t\t\t\t<h2 class=\"elementor-heading-title elementor-size-default\">Die alte Philosophie der Gesundheit<\/h2>\t\t\t\t<\/div>\n\t\t\t\t<\/div>\n\t\t\t\t<div class=\"elementor-element elementor-element-12f188d3 elementor-widget-divider--view-line elementor-widget elementor-widget-divider\" data-id=\"12f188d3\" data-element_type=\"widget\" data-e-type=\"widget\" data-widget_type=\"divider.default\">\n\t\t\t\t<div class=\"elementor-widget-container\">\n\t\t\t\t\t\t\t<div class=\"elementor-divider\">\n\t\t\t<span class=\"elementor-divider-separator\">\n\t\t\t\t\t\t<\/span>\n\t\t<\/div>\n\t\t\t\t\t\t<\/div>\n\t\t\t\t<\/div>\n\t\t\t\t<div class=\"elementor-element elementor-element-783f7dc3 elementor-widget elementor-widget-text-editor\" data-id=\"783f7dc3\" data-element_type=\"widget\" data-e-type=\"widget\" id=\"parrafo\" data-widget_type=\"text-editor.default\">\n\t\t\t\t<div class=\"elementor-widget-container\">\n\t\t\t\t\t\t\t\t\t<p>Im alten Peru bestand die kosmische Ordnung aus einem Konzept der Vierteilung. Um die Gesundheit zu gew\u00e4hrleisten und mit der Au\u00dfenwelt in Beziehung zu treten, musste jeder Mensch in Harmonie mit dieser Ordnung sein. <br \/>Nach dieser Konzeption h\u00e4ngt das Leben von den vier Faktoren oben &#8211; unten sowie m\u00e4nnlich \u2013 weiblich ab. Dieses Konzept wurde allgemein als das Prinzip der vier Winde bezeichnet oder auch als die vier \u201eSuyos\u201c (Regionen) oder der vier \u201ePachas\u201c (Quellen oder Zeiten) des Lebens.<\/p><p>Mit dem Faktor \u201cOBEN\u201d sind Energien verbunden, die hinter allen Dingen stecken, die nicht sichtbaren; und der Faktoren \u201cUNTEN\u201d ist mit dem Materiellen verbunden. Es gibt existiert eine Harmonie zwischen dem Latenten und dem, was hinter allem im ganzen Universum steckt. D.h. ein Gleichgewicht zwischen dem Materiellen und der Energie, die hinter allem steckt, dem, was wir mit anderen Sinnen wahrnehmen k\u00f6nnen, die nicht der physischer K\u00f6rper und die Natur sind.<\/p><p>Und auf der anderen Seite existiert ein Gleichgewicht zwischen dem Femininen und dem Maskulinen, dies exisitiert in der Natur, aber auch in den Menschen sorgt f\u00fcr die Harmonie des Lebens. Das bedeutet es gibt ein Gleichgewicht zwischen der inneren und der \u00e4u\u00dferen Welt, genauso wie zwischen dem weiblichen und dem m\u00e4nnlichen, die in einem Kreis miteinander verbunden sind. Und so erzeugen die vier im Umlauf befindlichen Teile eine Stabilit\u00e4t in den Menschen mit sich selbst und mit dem Rest der Welt, mit dem, was uns umgibt, mit der Natur. Es ist ein Modell des Zusammenlebens und der st\u00e4ndigen Entwicklung, es ist ein subtiles Gleichgewicht.<\/p><p>Die gesamte traditionelle Medizin Perus ist darauf ausgerichtet, dieses Gleichgewicht zwischen diesen vier Teilen aufrechtzuerhalten. Denn nur so kann jeder Mensch f\u00fcr Ordnung in sich selbst sorgen und im st\u00e4ndigen Dialog mit der Au\u00dfenwelt stehen. In der traditionellen Medizin Perus bedeutet Gesundheit ein Zustand des dynamischen und harmonischen Gleichgewichts zwischen dem Individuum und seinem \u00f6kologischen und soziokulturellen Umfeld, einschlie\u00dflich des nat\u00fcrlichen und spirituellen Umfeldes.<\/p><p>Die Krankheit wird auch als Ungleichgewicht und\/oder Fragmentierung zwischen diesen Kr\u00e4ften (in Quechua: Hucha) verstanden, in der Praxis sieht man das oft in einem schweren menschlichen Verhalten (Ausweiche, Verschieben, Weglaufen) , das wir bei Beutetieren beobachten, mit seinen spezifischen Auswirkungen (Ungl\u00fcckssyndrom).<br \/>Analog dazu nutzen in der Ahnenmedizin auch Pagoden und\/oder Schamanen verschiedene Heilmittel, um die Gesundheit (Vitalbalanz) wiederherzustellen, innere und \u00e4u\u00dfere Energien (Sami) wieder zum Flie\u00dfen zu bringen und damit Harmonie und Gesundheit herzustellen.<\/p>\t\t\t\t\t\t\t\t<\/div>\n\t\t\t\t<\/div>\n\t\t\t\t<div class=\"elementor-element elementor-element-916380e elementor-widget elementor-widget-video\" data-id=\"916380e\" data-element_type=\"widget\" data-e-type=\"widget\" data-settings=\"{&quot;youtube_url&quot;:&quot;https:\\\/\\\/www.youtube.com\\\/watch?v=QQLfbN4aQi0&amp;t=66s&quot;,&quot;video_type&quot;:&quot;youtube&quot;,&quot;controls&quot;:&quot;yes&quot;}\" data-widget_type=\"video.default\">\n\t\t\t\t<div class=\"elementor-widget-container\">\n\t\t\t\t\t\t\t<div class=\"elementor-wrapper elementor-open-inline\">\n\t\t\t<div class=\"elementor-video\"><\/div>\t\t<\/div>\n\t\t\t\t\t\t<\/div>\n\t\t\t\t<\/div>\n\t\t\t\t<div class=\"elementor-element elementor-element-e626353 elementor-widget elementor-widget-heading\" data-id=\"e626353\" data-element_type=\"widget\" data-e-type=\"widget\" id=\"titulo\" data-widget_type=\"heading.default\">\n\t\t\t\t<div class=\"elementor-widget-container\">\n\t\t\t\t\t<h2 class=\"elementor-heading-title elementor-size-default\">Ein Arbeitstag der Etno-Psychologie und Neuropsychologie\nUniversit\u00e4t Oberta in Catalunya<\/h2>\t\t\t\t<\/div>\n\t\t\t\t<\/div>\n\t\t\t\t<div class=\"elementor-element elementor-element-878a186 elementor-widget-divider--view-line elementor-widget elementor-widget-divider\" data-id=\"878a186\" data-element_type=\"widget\" data-e-type=\"widget\" data-widget_type=\"divider.default\">\n\t\t\t\t<div class=\"elementor-widget-container\">\n\t\t\t\t\t\t\t<div class=\"elementor-divider\">\n\t\t\t<span class=\"elementor-divider-separator\">\n\t\t\t\t\t\t<\/span>\n\t\t<\/div>\n\t\t\t\t\t\t<\/div>\n\t\t\t\t<\/div>\n\t\t\t\t<div class=\"elementor-element elementor-element-db10c15 elementor-widget elementor-widget-video\" data-id=\"db10c15\" data-element_type=\"widget\" data-e-type=\"widget\" data-settings=\"{&quot;youtube_url&quot;:&quot;https:\\\/\\\/www.youtube.com\\\/watch?v=J4rT-eVFA28&quot;,&quot;video_type&quot;:&quot;youtube&quot;,&quot;controls&quot;:&quot;yes&quot;}\" data-widget_type=\"video.default\">\n\t\t\t\t<div class=\"elementor-widget-container\">\n\t\t\t\t\t\t\t<div class=\"elementor-wrapper elementor-open-inline\">\n\t\t\t<div class=\"elementor-video\"><\/div>\t\t<\/div>\n\t\t\t\t\t\t<\/div>\n\t\t\t\t<\/div>\n\t\t\t\t\t<\/div>\n\t\t<\/div>\n\t\t\t\t\t<\/div>\n\t\t<\/section>\n\t\t\t\t<section class=\"elementor-section elementor-top-section elementor-element elementor-element-348847f3 elementor-section-boxed elementor-section-height-default elementor-section-height-default\" data-id=\"348847f3\" data-element_type=\"section\" data-e-type=\"section\" data-settings=\"{&quot;background_background&quot;:&quot;classic&quot;}\">\n\t\t\t\t\t\t<div class=\"elementor-container elementor-column-gap-default\">\n\t\t\t\t\t<div class=\"elementor-column elementor-col-100 elementor-top-column elementor-element elementor-element-292105ef\" data-id=\"292105ef\" data-element_type=\"column\" data-e-type=\"column\">\n\t\t\t<div class=\"elementor-widget-wrap elementor-element-populated\">\n\t\t\t\t\t\t<div class=\"elementor-element elementor-element-4527a348 elementor-cta--skin-classic elementor-animated-content elementor-widget elementor-widget-call-to-action\" data-id=\"4527a348\" data-element_type=\"widget\" data-e-type=\"widget\" data-widget_type=\"call-to-action.default\">\n\t\t\t\t<div class=\"elementor-widget-container\">\n\t\t\t\t\t\t\t<div class=\"elementor-cta\">\n\t\t\t\t\t\t\t<div class=\"elementor-cta__content\">\n\t\t\t\t\n\t\t\t\t\t\t\t\t\t<h2 class=\"elementor-cta__title elementor-cta__content-item elementor-content-item\">\n\t\t\t\t\t\tWollen sie, dass wir ihnen helfen, etwas anderes zu wissen?\t\t\t\t\t<\/h2>\n\t\t\t\t\n\t\t\t\t\n\t\t\t\t\t\t\t\t\t<div class=\"elementor-cta__button-wrapper elementor-cta__content-item elementor-content-item \">\n\t\t\t\t\t<a class=\"elementor-cta__button elementor-button elementor-size-lg\" href=\"https:\/\/sachaqente.com\/ger\/beratung\/\">\n\t\t\t\t\t\tSCHREIBEN SIE UNS\t\t\t\t\t<\/a>\n\t\t\t\t\t<\/div>\n\t\t\t\t\t\t\t<\/div>\n\t\t\t\t\t\t<\/div>\n\t\t\t\t\t\t<\/div>\n\t\t\t\t<\/div>\n\t\t\t\t\t<\/div>\n\t\t<\/div>\n\t\t\t\t\t<\/div>\n\t\t<\/section>\n\t\t\t\t<\/div>\n\t\t","protected":false},"excerpt":{"rendered":"<p>Therapeuten der Zukunft Die alte Philosophie der Gesundheit Programas de Estudios y Pasant\u00edas Die alte Philosophie der Gesundheit Im alten Peru bestand die kosmische Ordnung aus einem Konzept der Vierteilung. Um die Gesundheit zu gew\u00e4hrleisten und mit der Au\u00dfenwelt in Beziehung zu treten, musste jeder Mensch in Harmonie mit dieser Ordnung sein. Nach dieser Konzeption &hellip;<\/p>\n<p class=\"read-more\"> <a class=\"\" href=\"https:\/\/sachaqente.com\/ger\/therapeuten\/die-alte-philosophie-der-gesundheit\/\"> <span class=\"screen-reader-text\">Die alte Philosophie der Gesundheit<\/span> Leer m\u00e1s &raquo;<\/a><\/p>\n","protected":false},"author":1,"featured_media":0,"parent":507,"menu_order":0,"comment_status":"closed","ping_status":"closed","template":"","meta":{"site-sidebar-layout":"no-sidebar","site-content-layout":"page-builder","ast-main-header-display":"","ast-hfb-above-header-display":"","ast-hfb-below-header-display":"","ast-hfb-mobile-header-display":"","site-post-title":"disabled","ast-breadcrumbs-content":"","ast-featured-img":"disabled","footer-sml-layout":"","theme-transparent-header-meta":"default","adv-header-id-meta":"","stick-header-meta":"","header-above-stick-meta":"","header-main-stick-meta":"","header-below-stick-meta":"","footnotes":""},"class_list":["post-1508","page","type-page","status-publish","hentry"],"_links":{"self":[{"href":"https:\/\/sachaqente.com\/ger\/wp-json\/wp\/v2\/pages\/1508","targetHints":{"allow":["GET"]}}],"collection":[{"href":"https:\/\/sachaqente.com\/ger\/wp-json\/wp\/v2\/pages"}],"about":[{"href":"https:\/\/sachaqente.com\/ger\/wp-json\/wp\/v2\/types\/page"}],"author":[{"embeddable":true,"href":"https:\/\/sachaqente.com\/ger\/wp-json\/wp\/v2\/users\/1"}],"replies":[{"embeddable":true,"href":"https:\/\/sachaqente.com\/ger\/wp-json\/wp\/v2\/comments?post=1508"}],"version-history":[{"count":23,"href":"https:\/\/sachaqente.com\/ger\/wp-json\/wp\/v2\/pages\/1508\/revisions"}],"predecessor-version":[{"id":3001,"href":"https:\/\/sachaqente.com\/ger\/wp-json\/wp\/v2\/pages\/1508\/revisions\/3001"}],"up":[{"embeddable":true,"href":"https:\/\/sachaqente.com\/ger\/wp-json\/wp\/v2\/pages\/507"}],"wp:attachment":[{"href":"https:\/\/sachaqente.com\/ger\/wp-json\/wp\/v2\/media?parent=1508"}],"curies":[{"name":"wp","href":"https:\/\/api.w.org\/{rel}","templated":true}]}}