{"id":1318,"date":"2021-10-15T00:21:47","date_gmt":"2021-10-15T00:21:47","guid":{"rendered":"http:\/\/sachaqente.com\/ger\/?page_id=1318"},"modified":"2022-03-08T02:10:59","modified_gmt":"2022-03-08T02:10:59","slug":"warnungen","status":"publish","type":"page","link":"https:\/\/sachaqente.com\/ger\/diaten-retreats\/warnungen\/","title":{"rendered":"Warnungen"},"content":{"rendered":"\t\t<div data-elementor-type=\"wp-page\" data-elementor-id=\"1318\" class=\"elementor elementor-1318\" data-elementor-post-type=\"page\">\n\t\t\t\t\t\t<section class=\"elementor-section elementor-top-section elementor-element elementor-element-7c5c60cd elementor-section-boxed elementor-section-height-default elementor-section-height-default\" data-id=\"7c5c60cd\" data-element_type=\"section\" data-e-type=\"section\">\n\t\t\t\t\t\t<div class=\"elementor-container elementor-column-gap-default\">\n\t\t\t\t\t<div class=\"elementor-column elementor-col-50 elementor-top-column elementor-element elementor-element-5aca8996\" data-id=\"5aca8996\" data-element_type=\"column\" data-e-type=\"column\">\n\t\t\t<div class=\"elementor-widget-wrap elementor-element-populated\">\n\t\t\t\t\t\t<div class=\"elementor-element elementor-element-1b6563ef eael_simple_menu_hamburger_disable_selected_menu_no eael-simple-menu-hamburger-align-right eael-hamburger--tablet elementor-widget elementor-widget-eael-simple-menu\" data-id=\"1b6563ef\" data-element_type=\"widget\" data-e-type=\"widget\" data-settings=\"{&quot;sticky&quot;:&quot;top&quot;,&quot;sticky_on&quot;:[&quot;desktop&quot;,&quot;tablet&quot;],&quot;sticky_offset&quot;:20,&quot;sticky_effects_offset&quot;:0,&quot;sticky_anchor_link_offset&quot;:0}\" data-widget_type=\"eael-simple-menu.default\">\n\t\t\t\t<div class=\"elementor-widget-container\">\n\t\t\t\t\t<style>\n                        @media screen and (max-width: 1024px) {\n                            .eael-hamburger--tablet {\n                                .eael-simple-menu-horizontal,\n                                .eael-simple-menu-vertical {\n                                    display: none;\n                                }\n                            }\n                            .eael-hamburger--tablet {\n                                .eael-simple-menu-container .eael-simple-menu-toggle {\n                                    display: block;\n                                }\n                            }\n                        }\n                    <\/style>            <div data-hamburger-icon=\"&lt;i aria-hidden=&quot;true&quot; class=&quot;fas fa-bars&quot;&gt;&lt;\/i&gt;\" data-indicator-icon=\"&lt;i aria-hidden=&quot;true&quot; class=&quot;fas fa-angle-down&quot;&gt;&lt;\/i&gt;\" data-dropdown-indicator-icon=\"&lt;i class=&quot;fas fa-angle-down&quot;&gt;&lt;\/i&gt;\" class=\"eael-simple-menu-container eael-simple-menu-align-left eael-simple-menu-dropdown-align-left preset-1\" data-hamburger-breakpoints=\"{&quot;mobile&quot;:&quot;M\\u00f3vil vertical (&gt; 767px)&quot;,&quot;tablet&quot;:&quot;Tableta vertical (&gt; 1024px)&quot;,&quot;desktop&quot;:&quot;Escritorio (&gt; 2400px)&quot;,&quot;none&quot;:&quot;Ninguno&quot;}\" data-hamburger-device=\"tablet\">\n                <ul id=\"menu-retiros-dietas\" class=\"eael-simple-menu eael-simple-menu-dropdown-animate-to-top eael-simple-menu-indicator eael-simple-menu-vertical\"><li id=\"menu-item-1415\" class=\"menu-item menu-item-type-post_type menu-item-object-page menu-item-1415\"><a href=\"https:\/\/sachaqente.com\/ger\/diaten-retreats\/retreats\/\" class=\"menu-link\">Retreats<\/a><\/li>\n<li id=\"menu-item-1307\" class=\"menu-item menu-item-type-post_type menu-item-object-page menu-item-1307\"><a href=\"https:\/\/sachaqente.com\/ger\/diaten-retreats\/diaten\/\" class=\"menu-link\">Di\u00e4ten<\/a><\/li>\n<li id=\"menu-item-1317\" class=\"menu-item menu-item-type-post_type menu-item-object-page menu-item-1317\"><a href=\"https:\/\/sachaqente.com\/ger\/diaten-retreats\/diaten\/bedingungen\/\" class=\"menu-link\">\u25cb Bedingungen<\/a><\/li>\n<li id=\"menu-item-1316\" class=\"menu-item menu-item-type-post_type menu-item-object-page menu-item-1316\"><a href=\"https:\/\/sachaqente.com\/ger\/diaten-retreats\/diaten\/programm\/\" class=\"menu-link\">\u25cb Programm<\/a><\/li>\n<li id=\"menu-item-1320\" class=\"menu-item menu-item-type-post_type menu-item-object-page menu-item-1320\"><a href=\"https:\/\/sachaqente.com\/ger\/diaten-retreats\/warnungen\/\" class=\"menu-link\">\u25cb Warnungen<\/a><\/li>\n<\/ul>                <button class=\"eael-simple-menu-toggle\">\n                    <span class=\"sr-only \">Men\u00fa conmutador hamburguesa<\/span>\n                    <i aria-hidden=\"true\" class=\"fas fa-bars\"><\/i>                <\/button>\n            <\/div>\n            \t\t\t\t<\/div>\n\t\t\t\t<\/div>\n\t\t\t\t\t<\/div>\n\t\t<\/div>\n\t\t\t\t<div class=\"elementor-column elementor-col-50 elementor-top-column elementor-element elementor-element-1446d11b\" data-id=\"1446d11b\" data-element_type=\"column\" data-e-type=\"column\">\n\t\t\t<div class=\"elementor-widget-wrap elementor-element-populated\">\n\t\t\t\t\t\t<div class=\"elementor-element elementor-element-61f1a8a3 elementor-widget elementor-widget-heading\" data-id=\"61f1a8a3\" data-element_type=\"widget\" data-e-type=\"widget\" id=\"titulo\" data-widget_type=\"heading.default\">\n\t\t\t\t<div class=\"elementor-widget-container\">\n\t\t\t\t\t<h2 class=\"elementor-heading-title elementor-size-default\">Advertencias<\/h2>\t\t\t\t<\/div>\n\t\t\t\t<\/div>\n\t\t\t\t<div class=\"elementor-element elementor-element-6beba0f9 elementor-widget-divider--view-line elementor-widget elementor-widget-divider\" data-id=\"6beba0f9\" data-element_type=\"widget\" data-e-type=\"widget\" data-widget_type=\"divider.default\">\n\t\t\t\t<div class=\"elementor-widget-container\">\n\t\t\t\t\t\t\t<div class=\"elementor-divider\">\n\t\t\t<span class=\"elementor-divider-separator\">\n\t\t\t\t\t\t<\/span>\n\t\t<\/div>\n\t\t\t\t\t\t<\/div>\n\t\t\t\t<\/div>\n\t\t\t\t<div class=\"elementor-element elementor-element-6c759fea elementor-widget elementor-widget-text-editor\" data-id=\"6c759fea\" data-element_type=\"widget\" data-e-type=\"widget\" id=\"parrafo\" data-widget_type=\"text-editor.default\">\n\t\t\t\t<div class=\"elementor-widget-container\">\n\t\t\t\t\t\t\t\t\t<p>Heutzutage ist es sehr \u00fcblich, dass in einigen anderen Amazonas-Medizinzentren Patienten ein sehr reduziertes Angebot an di\u00e4tetischen Pflanzen gegeben wird, normalerweise wunderbare und sehr wirksame Pflanzen, aber sie sind nicht immer diejenigen, die den Bed\u00fcrfnissen des Patienten in diesen Moment entsprechen.<br \/>Die Pflanzen, mit denen in diesen Zentren am h\u00e4ufigsten gearbeitet wird, sind diejenigen, die eine schnelle \u00d6ffnung der au\u00dfersinnlichen F\u00e4higkeiten, der Wahrnehmung, der Intuition und in der oberen Chakren bewirken, wie im Fall der \u00abSanangos\u00bb. Aber wie viele \u00f6stliche Meister wissen, sollte die \u00d6ffnung der h\u00f6heren Zentren schrittweise erfolgen und nur dann, wenn die unteren Chakren (die im Allgemeinen diejenigen sind, die mit den Kernproblemen verbunden sind, die eine Person blockieren) geheilt wurden.<br \/>Eine \u00d6ffnung der h\u00f6heren Zentren zu provozieren, ohne die gr\u00fcndliche Reinigung und Arbeit der niedrigeren getan zu haben, oder Schutzpflanzen zu verwenden, die den Energiek\u00f6rper versiegeln, ohne vorher geheilt zu sein, kann beim Patienten im Nachhinein Probleme verursachen, wie Ego-Aufbl\u00e4hung, Abkopplung von der Realit\u00e4t und Schwierigkeiten die noch ausstehenden Probleme bearbeiten zu k\u00f6nnen.<\/p><p>Dieses Wissen \u00fcber die genaue Reihenfolge, in der die Pflanzen eingenommen werden sollten, wurde nur in einigen amazonischen Linien und Traditionen beibehalten und ist eines der Prinzipien der Behandlungen in unserem Zentrum.<br \/>Auf spiritueller Ebene ist die Meisterpflanzendi\u00e4t ein privilegierter Raum, um unsere spirituellen Praktiken zu vertiefen, sei es Gebet, Meditation usw. Au\u00dferdem ist die Meisterpflanzendi\u00e4t ein Reinigungsprozess, \u00e4hnlich dem, der in fast allen spirituellen Traditionen auf unterschiedlichen Wegen durchgef\u00fchrt wird und der uns erlaubt, uns von den Inhalten zu befreien, die uns von unserem wahren Wesen und damit von Gott wegbewegen.<\/p><p>Die Meisterpflazendi\u00e4t ist auch ein grundlegender Bestandteil der Ausbildung von Amazonas-Heilern (Schamanen). Das Prinzip dahinter ist, wie in der westlichen Psychotherapie, dass eine Person, die sich selbst nicht geheilt hat, andere nicht heilen kann.<\/p>\t\t\t\t\t\t\t\t<\/div>\n\t\t\t\t<\/div>\n\t\t\t\t\t<\/div>\n\t\t<\/div>\n\t\t\t\t\t<\/div>\n\t\t<\/section>\n\t\t\t\t<section class=\"elementor-section elementor-top-section elementor-element elementor-element-947e14c elementor-section-boxed elementor-section-height-default elementor-section-height-default\" data-id=\"947e14c\" data-element_type=\"section\" data-e-type=\"section\" data-settings=\"{&quot;background_background&quot;:&quot;classic&quot;}\">\n\t\t\t\t\t\t<div class=\"elementor-container elementor-column-gap-default\">\n\t\t\t\t\t<div class=\"elementor-column elementor-col-100 elementor-top-column elementor-element elementor-element-2372feed\" data-id=\"2372feed\" data-element_type=\"column\" data-e-type=\"column\">\n\t\t\t<div class=\"elementor-widget-wrap elementor-element-populated\">\n\t\t\t\t\t\t<div class=\"elementor-element elementor-element-4ccf5b1a elementor-cta--skin-classic elementor-animated-content elementor-widget elementor-widget-call-to-action\" data-id=\"4ccf5b1a\" data-element_type=\"widget\" data-e-type=\"widget\" data-widget_type=\"call-to-action.default\">\n\t\t\t\t<div class=\"elementor-widget-container\">\n\t\t\t\t\t\t\t<div class=\"elementor-cta\">\n\t\t\t\t\t\t\t<div class=\"elementor-cta__content\">\n\t\t\t\t\n\t\t\t\t\t\t\t\t\t<h2 class=\"elementor-cta__title elementor-cta__content-item elementor-content-item\">\n\t\t\t\t\t\tWollen sie, dass wir ihnen helfen, etwas anderes zu wissen?\t\t\t\t\t<\/h2>\n\t\t\t\t\n\t\t\t\t\n\t\t\t\t\t\t\t\t\t<div class=\"elementor-cta__button-wrapper elementor-cta__content-item elementor-content-item \">\n\t\t\t\t\t<a class=\"elementor-cta__button elementor-button elementor-size-lg\" href=\"https:\/\/sachaqente.com\/ger\/beratung\/\">\n\t\t\t\t\t\tSCHREIBEN SIE UNS\t\t\t\t\t<\/a>\n\t\t\t\t\t<\/div>\n\t\t\t\t\t\t\t<\/div>\n\t\t\t\t\t\t<\/div>\n\t\t\t\t\t\t<\/div>\n\t\t\t\t<\/div>\n\t\t\t\t\t<\/div>\n\t\t<\/div>\n\t\t\t\t\t<\/div>\n\t\t<\/section>\n\t\t\t\t<\/div>\n\t\t","protected":false},"excerpt":{"rendered":"<p>Retreats Di\u00e4ten \u25cb Bedingungen \u25cb Programm \u25cb Warnungen Advertencias Heutzutage ist es sehr \u00fcblich, dass in einigen anderen Amazonas-Medizinzentren Patienten ein sehr reduziertes Angebot an di\u00e4tetischen Pflanzen gegeben wird, normalerweise wunderbare und sehr wirksame Pflanzen, aber sie sind nicht immer diejenigen, die den Bed\u00fcrfnissen des Patienten in diesen Moment entsprechen.Die Pflanzen, mit denen in diesen &hellip;<\/p>\n<p class=\"read-more\"> <a class=\"\" href=\"https:\/\/sachaqente.com\/ger\/diaten-retreats\/warnungen\/\"> <span class=\"screen-reader-text\">Warnungen<\/span> Leer m\u00e1s &raquo;<\/a><\/p>\n","protected":false},"author":1,"featured_media":0,"parent":489,"menu_order":0,"comment_status":"closed","ping_status":"closed","template":"","meta":{"site-sidebar-layout":"no-sidebar","site-content-layout":"page-builder","ast-main-header-display":"","ast-hfb-above-header-display":"","ast-hfb-below-header-display":"","ast-hfb-mobile-header-display":"","site-post-title":"disabled","ast-breadcrumbs-content":"","ast-featured-img":"disabled","footer-sml-layout":"","theme-transparent-header-meta":"default","adv-header-id-meta":"","stick-header-meta":"","header-above-stick-meta":"","header-main-stick-meta":"","header-below-stick-meta":"","footnotes":""},"class_list":["post-1318","page","type-page","status-publish","hentry"],"_links":{"self":[{"href":"https:\/\/sachaqente.com\/ger\/wp-json\/wp\/v2\/pages\/1318","targetHints":{"allow":["GET"]}}],"collection":[{"href":"https:\/\/sachaqente.com\/ger\/wp-json\/wp\/v2\/pages"}],"about":[{"href":"https:\/\/sachaqente.com\/ger\/wp-json\/wp\/v2\/types\/page"}],"author":[{"embeddable":true,"href":"https:\/\/sachaqente.com\/ger\/wp-json\/wp\/v2\/users\/1"}],"replies":[{"embeddable":true,"href":"https:\/\/sachaqente.com\/ger\/wp-json\/wp\/v2\/comments?post=1318"}],"version-history":[{"count":17,"href":"https:\/\/sachaqente.com\/ger\/wp-json\/wp\/v2\/pages\/1318\/revisions"}],"predecessor-version":[{"id":2814,"href":"https:\/\/sachaqente.com\/ger\/wp-json\/wp\/v2\/pages\/1318\/revisions\/2814"}],"up":[{"embeddable":true,"href":"https:\/\/sachaqente.com\/ger\/wp-json\/wp\/v2\/pages\/489"}],"wp:attachment":[{"href":"https:\/\/sachaqente.com\/ger\/wp-json\/wp\/v2\/media?parent=1318"}],"curies":[{"name":"wp","href":"https:\/\/api.w.org\/{rel}","templated":true}]}}