{"id":1305,"date":"2021-10-15T00:14:08","date_gmt":"2021-10-15T00:14:08","guid":{"rendered":"http:\/\/sachaqente.com\/ger\/?page_id=1305"},"modified":"2022-03-07T15:57:10","modified_gmt":"2022-03-07T15:57:10","slug":"diaten","status":"publish","type":"page","link":"https:\/\/sachaqente.com\/ger\/diaten-retreats\/diaten\/","title":{"rendered":"Di\u00e4ten"},"content":{"rendered":"\t\t<div data-elementor-type=\"wp-page\" data-elementor-id=\"1305\" class=\"elementor elementor-1305\" data-elementor-post-type=\"page\">\n\t\t\t\t\t\t<section class=\"elementor-section elementor-top-section elementor-element elementor-element-35253a30 elementor-section-boxed elementor-section-height-default elementor-section-height-default\" data-id=\"35253a30\" data-element_type=\"section\" data-e-type=\"section\">\n\t\t\t\t\t\t<div class=\"elementor-container elementor-column-gap-default\">\n\t\t\t\t\t<div class=\"elementor-column elementor-col-50 elementor-top-column elementor-element elementor-element-5323bfc1\" data-id=\"5323bfc1\" data-element_type=\"column\" data-e-type=\"column\">\n\t\t\t<div class=\"elementor-widget-wrap elementor-element-populated\">\n\t\t\t\t\t\t<div class=\"elementor-element elementor-element-6fe8622a eael_simple_menu_hamburger_disable_selected_menu_no eael-simple-menu-hamburger-align-right eael-hamburger--tablet elementor-widget elementor-widget-eael-simple-menu\" data-id=\"6fe8622a\" data-element_type=\"widget\" data-e-type=\"widget\" data-settings=\"{&quot;sticky&quot;:&quot;top&quot;,&quot;sticky_on&quot;:[&quot;desktop&quot;,&quot;tablet&quot;],&quot;sticky_offset&quot;:20,&quot;sticky_effects_offset&quot;:0,&quot;sticky_anchor_link_offset&quot;:0}\" data-widget_type=\"eael-simple-menu.default\">\n\t\t\t\t<div class=\"elementor-widget-container\">\n\t\t\t\t\t<style>\n                        @media screen and (max-width: 1024px) {\n                            .eael-hamburger--tablet {\n                                .eael-simple-menu-horizontal,\n                                .eael-simple-menu-vertical {\n                                    display: none;\n                                }\n                            }\n                            .eael-hamburger--tablet {\n                                .eael-simple-menu-container .eael-simple-menu-toggle {\n                                    display: block;\n                                }\n                            }\n                        }\n                    <\/style>            <div data-hamburger-icon=\"&lt;i aria-hidden=&quot;true&quot; class=&quot;fas fa-bars&quot;&gt;&lt;\/i&gt;\" data-indicator-icon=\"&lt;i aria-hidden=&quot;true&quot; class=&quot;fas fa-angle-down&quot;&gt;&lt;\/i&gt;\" data-dropdown-indicator-icon=\"&lt;i class=&quot;fas fa-angle-down&quot;&gt;&lt;\/i&gt;\" class=\"eael-simple-menu-container eael-simple-menu-align-left eael-simple-menu-dropdown-align-left preset-1\" data-hamburger-breakpoints=\"{&quot;mobile&quot;:&quot;M\\u00f3vil vertical (&gt; 767px)&quot;,&quot;tablet&quot;:&quot;Tableta vertical (&gt; 1024px)&quot;,&quot;desktop&quot;:&quot;Escritorio (&gt; 2400px)&quot;,&quot;none&quot;:&quot;Ninguno&quot;}\" data-hamburger-device=\"tablet\">\n                <ul id=\"menu-retiros-dietas\" class=\"eael-simple-menu eael-simple-menu-dropdown-animate-to-top eael-simple-menu-indicator eael-simple-menu-vertical\"><li id=\"menu-item-1415\" class=\"menu-item menu-item-type-post_type menu-item-object-page menu-item-1415\"><a href=\"https:\/\/sachaqente.com\/ger\/diaten-retreats\/retreats\/\" class=\"menu-link\">Retreats<\/a><\/li>\n<li id=\"menu-item-1307\" class=\"menu-item menu-item-type-post_type menu-item-object-page menu-item-1307\"><a href=\"https:\/\/sachaqente.com\/ger\/diaten-retreats\/diaten\/\" class=\"menu-link\">Di\u00e4ten<\/a><\/li>\n<li id=\"menu-item-1317\" class=\"menu-item menu-item-type-post_type menu-item-object-page menu-item-1317\"><a href=\"https:\/\/sachaqente.com\/ger\/diaten-retreats\/diaten\/bedingungen\/\" class=\"menu-link\">\u25cb Bedingungen<\/a><\/li>\n<li id=\"menu-item-1316\" class=\"menu-item menu-item-type-post_type menu-item-object-page menu-item-1316\"><a href=\"https:\/\/sachaqente.com\/ger\/diaten-retreats\/diaten\/programm\/\" class=\"menu-link\">\u25cb Programm<\/a><\/li>\n<li id=\"menu-item-1320\" class=\"menu-item menu-item-type-post_type menu-item-object-page menu-item-1320\"><a href=\"https:\/\/sachaqente.com\/ger\/diaten-retreats\/warnungen\/\" class=\"menu-link\">\u25cb Warnungen<\/a><\/li>\n<\/ul>                <button class=\"eael-simple-menu-toggle\">\n                    <span class=\"sr-only \">Men\u00fa conmutador hamburguesa<\/span>\n                    <i aria-hidden=\"true\" class=\"fas fa-bars\"><\/i>                <\/button>\n            <\/div>\n            \t\t\t\t<\/div>\n\t\t\t\t<\/div>\n\t\t\t\t\t<\/div>\n\t\t<\/div>\n\t\t\t\t<div class=\"elementor-column elementor-col-50 elementor-top-column elementor-element elementor-element-7254430e\" data-id=\"7254430e\" data-element_type=\"column\" data-e-type=\"column\">\n\t\t\t<div class=\"elementor-widget-wrap elementor-element-populated\">\n\t\t\t\t\t\t<div class=\"elementor-element elementor-element-1f970ae2 elementor-widget elementor-widget-image\" data-id=\"1f970ae2\" data-element_type=\"widget\" data-e-type=\"widget\" data-widget_type=\"image.default\">\n\t\t\t\t<div class=\"elementor-widget-container\">\n\t\t\t\t\t\t\t\t\t\t\t\t\t\t\t<img fetchpriority=\"high\" decoding=\"async\" width=\"850\" height=\"638\" src=\"https:\/\/sachaqente.com\/ger\/wp-content\/uploads\/2022\/01\/dietas-sachaqente-2.jpg\" class=\"attachment-large size-large wp-image-2403\" alt=\"\" srcset=\"https:\/\/sachaqente.com\/ger\/wp-content\/uploads\/2022\/01\/dietas-sachaqente-2.jpg 850w, https:\/\/sachaqente.com\/ger\/wp-content\/uploads\/2022\/01\/dietas-sachaqente-2-300x225.jpg 300w, https:\/\/sachaqente.com\/ger\/wp-content\/uploads\/2022\/01\/dietas-sachaqente-2-768x576.jpg 768w\" sizes=\"(max-width: 850px) 100vw, 850px\" \/>\t\t\t\t\t\t\t\t\t\t\t\t\t\t\t<\/div>\n\t\t\t\t<\/div>\n\t\t\t\t<div class=\"elementor-element elementor-element-28bcdd76 elementor-widget elementor-widget-heading\" data-id=\"28bcdd76\" data-element_type=\"widget\" data-e-type=\"widget\" id=\"titulo\" data-widget_type=\"heading.default\">\n\t\t\t\t<div class=\"elementor-widget-container\">\n\t\t\t\t\t<h2 class=\"elementor-heading-title elementor-size-default\">Was ist eine Di\u00e4t mit Meisterpflanzen und wof\u00fcr ist sie? <\/h2>\t\t\t\t<\/div>\n\t\t\t\t<\/div>\n\t\t\t\t<div class=\"elementor-element elementor-element-39aa6969 elementor-widget-divider--view-line elementor-widget elementor-widget-divider\" data-id=\"39aa6969\" data-element_type=\"widget\" data-e-type=\"widget\" data-widget_type=\"divider.default\">\n\t\t\t\t<div class=\"elementor-widget-container\">\n\t\t\t\t\t\t\t<div class=\"elementor-divider\">\n\t\t\t<span class=\"elementor-divider-separator\">\n\t\t\t\t\t\t<\/span>\n\t\t<\/div>\n\t\t\t\t\t\t<\/div>\n\t\t\t\t<\/div>\n\t\t\t\t<div class=\"elementor-element elementor-element-519e17d elementor-widget elementor-widget-text-editor\" data-id=\"519e17d\" data-element_type=\"widget\" data-e-type=\"widget\" id=\"parrafo\" data-widget_type=\"text-editor.default\">\n\t\t\t\t<div class=\"elementor-widget-container\">\n\t\t\t\t\t\t\t\t\t<p>Traditionell wurden Di\u00e4ten ausschlie\u00dflich f\u00fcr den Trainings- und Lernprozess zuk\u00fcnftiger indigener \u00c4rzte oder Schamanen durchgef\u00fchrt und hatten eine sehr lange Dauer. Es gilt als eine der effektivsten und leistungsf\u00e4higsten pers\u00f6nlichen Heilungs-, Initiations- und Lerntechniken von Amazon-Heilern und -Lehrern.<\/p><p>Die k\u00fcrzeren Di\u00e4ten sind perfekt f\u00fcr das Bed\u00fcrfnis der Menschen geeignet, sich selbst zu heilen. Es ist ein Raum der Erinnerung, Selbstbeobachtung, Reflexion und Ruhe, in dem Meister-Pflanzen eingenommen werden (ohne psychoaktive Wirkung), die je nach eingenommener medizinischer Master-Pflanze sehr tiefe Selbsterkenntnis- und Selbstheilungsprozesse erzeugen, die f\u00fcr das jeweilige Problem spezifisch sind.<\/p><p>Es gibt verschiedene Kategorien: Pflanzen zur Reinigung giftiger Substanzen und Erfahrungen, Heilpflanzen, Abwehrpflanzen und Pflanzen, die ausschlie\u00dflich f\u00fcr das Schamanen-Training entwickelt wurden.<\/p>\t\t\t\t\t\t\t\t<\/div>\n\t\t\t\t<\/div>\n\t\t\t\t<div class=\"elementor-element elementor-element-7eb99edf elementor-widget elementor-widget-heading\" data-id=\"7eb99edf\" data-element_type=\"widget\" data-e-type=\"widget\" id=\"titulo\" data-widget_type=\"heading.default\">\n\t\t\t\t<div class=\"elementor-widget-container\">\n\t\t\t\t\t<h2 class=\"elementor-heading-title elementor-size-default\">Woraus besteht eine Di\u00e4t?<\/h2>\t\t\t\t<\/div>\n\t\t\t\t<\/div>\n\t\t\t\t<div class=\"elementor-element elementor-element-2da700a elementor-widget elementor-widget-text-editor\" data-id=\"2da700a\" data-element_type=\"widget\" data-e-type=\"widget\" id=\"parrafo\" data-widget_type=\"text-editor.default\">\n\t\t\t\t<div class=\"elementor-widget-container\">\n\t\t\t\t\t\t\t\t\t<p>Di\u00e4ten beginnen mit einer Vorreinigung, auch als Sp\u00fclung bezeichnet, um die Blockaden im Energiesystem zu l\u00f6sen.<br \/>Als n\u00e4chstes wird ein pers\u00f6nliches Interview gef\u00fchrt und normalerweise werden zu Beginn zwei Ayahuasca-Zeremonien abgehalten. Nach den Zeremonien geben die Menschen die Di\u00e4t mit ihren spezifischen Meisterpflanzen ein, wo sie in Stille und Isolation mit einer spezifischen und nat\u00fcrlichen Di\u00e4t (ohne Salz und Zucker) sein werden. Am Ende der Di\u00e4t finden zwei Zeremonien sowie pers\u00f6nliche Interviews statt.<\/p><p>Die Mindestdauer einer Di\u00e4t betr\u00e4gt 7 Tage. Die Dauer h\u00e4ngt von dem Pflanzentyp und dem zu l\u00f6senden Problem ab. Es wird in einer isolierten H\u00fctte namens Tambo durchgef\u00fchrt. Es ist im Wald und die Person hat w\u00e4hrend der Di\u00e4t keinen Kontakt mit niemandem, au\u00dfer mit dem Schamanen oder der Person, die das Essen bringt.<\/p><p>Die Auswahl der Heilpflanze wird f\u00fcr jeden Fall individuell entschieden. Die Reihenfolge, in der die Di\u00e4tpflanzen in unserem Zentrum eingenommen werden, ist sehr wichtig und muss dem pers\u00f6nlichen Prozess jedes einzelnen entsprechen. <br \/>Ziel ist es, auf allen Ebenen eine gr\u00fcndliche Reinigung zu provozieren, um Aspekte zu beseitigen, die die Person blockieren, die Traumf\u00e4higkeit zu stimulieren und die innere Arbeit und Selbstbeobachtung zu verbessern.<\/p>\t\t\t\t\t\t\t\t<\/div>\n\t\t\t\t<\/div>\n\t\t\t\t<div class=\"elementor-element elementor-element-5ce1dcc3 elementor-widget elementor-widget-video\" data-id=\"5ce1dcc3\" data-element_type=\"widget\" data-e-type=\"widget\" data-settings=\"{&quot;youtube_url&quot;:&quot;https:\\\/\\\/www.youtube.com\\\/watch?v=Mcyz8997rH8&quot;,&quot;video_type&quot;:&quot;youtube&quot;,&quot;controls&quot;:&quot;yes&quot;}\" data-widget_type=\"video.default\">\n\t\t\t\t<div class=\"elementor-widget-container\">\n\t\t\t\t\t\t\t<div class=\"elementor-wrapper elementor-open-inline\">\n\t\t\t<div class=\"elementor-video\"><\/div>\t\t<\/div>\n\t\t\t\t\t\t<\/div>\n\t\t\t\t<\/div>\n\t\t\t\t\t<\/div>\n\t\t<\/div>\n\t\t\t\t\t<\/div>\n\t\t<\/section>\n\t\t\t\t<section class=\"elementor-section elementor-top-section elementor-element elementor-element-31b71074 elementor-section-boxed elementor-section-height-default elementor-section-height-default\" data-id=\"31b71074\" data-element_type=\"section\" data-e-type=\"section\" data-settings=\"{&quot;background_background&quot;:&quot;classic&quot;}\">\n\t\t\t\t\t\t<div class=\"elementor-container elementor-column-gap-default\">\n\t\t\t\t\t<div class=\"elementor-column elementor-col-100 elementor-top-column elementor-element elementor-element-6b7cbbcc\" data-id=\"6b7cbbcc\" data-element_type=\"column\" data-e-type=\"column\">\n\t\t\t<div class=\"elementor-widget-wrap elementor-element-populated\">\n\t\t\t\t\t\t<div class=\"elementor-element elementor-element-afa5be0 elementor-cta--skin-classic elementor-animated-content elementor-widget elementor-widget-call-to-action\" data-id=\"afa5be0\" data-element_type=\"widget\" data-e-type=\"widget\" data-widget_type=\"call-to-action.default\">\n\t\t\t\t<div class=\"elementor-widget-container\">\n\t\t\t\t\t\t\t<div class=\"elementor-cta\">\n\t\t\t\t\t\t\t<div class=\"elementor-cta__content\">\n\t\t\t\t\n\t\t\t\t\t\t\t\t\t<h2 class=\"elementor-cta__title elementor-cta__content-item elementor-content-item\">\n\t\t\t\t\t\tWollen sie, dass wir ihnen helfen, etwas anderes zu wissen?\t\t\t\t\t<\/h2>\n\t\t\t\t\n\t\t\t\t\n\t\t\t\t\t\t\t\t\t<div class=\"elementor-cta__button-wrapper elementor-cta__content-item elementor-content-item \">\n\t\t\t\t\t<a class=\"elementor-cta__button elementor-button elementor-size-lg\" href=\"https:\/\/sachaqente.com\/ger\/beratung\/\">\n\t\t\t\t\t\tSCHREIBEN SIE UNS\t\t\t\t\t<\/a>\n\t\t\t\t\t<\/div>\n\t\t\t\t\t\t\t<\/div>\n\t\t\t\t\t\t<\/div>\n\t\t\t\t\t\t<\/div>\n\t\t\t\t<\/div>\n\t\t\t\t\t<\/div>\n\t\t<\/div>\n\t\t\t\t\t<\/div>\n\t\t<\/section>\n\t\t\t\t<\/div>\n\t\t","protected":false},"excerpt":{"rendered":"<p>Retreats Di\u00e4ten \u25cb Condiciones \u25cb Programa \u25cb Advertencia Was ist eine Di\u00e4t mit Meisterpflanzen und wof\u00fcr ist sie? Traditionell wurden Di\u00e4ten ausschlie\u00dflich f\u00fcr den Trainings- und Lernprozess zuk\u00fcnftiger indigener \u00c4rzte oder Schamanen durchgef\u00fchrt und hatten eine sehr lange Dauer. Es gilt als eine der effektivsten und leistungsf\u00e4higsten pers\u00f6nlichen Heilungs-, Initiations- und Lerntechniken von Amazon-Heilern und &hellip;<\/p>\n<p class=\"read-more\"> <a class=\"\" href=\"https:\/\/sachaqente.com\/ger\/diaten-retreats\/diaten\/\"> <span class=\"screen-reader-text\">Di\u00e4ten<\/span> Leer m\u00e1s &raquo;<\/a><\/p>\n","protected":false},"author":1,"featured_media":0,"parent":489,"menu_order":0,"comment_status":"closed","ping_status":"closed","template":"","meta":{"site-sidebar-layout":"no-sidebar","site-content-layout":"page-builder","ast-main-header-display":"","ast-hfb-above-header-display":"","ast-hfb-below-header-display":"","ast-hfb-mobile-header-display":"","site-post-title":"disabled","ast-breadcrumbs-content":"","ast-featured-img":"disabled","footer-sml-layout":"","theme-transparent-header-meta":"default","adv-header-id-meta":"","stick-header-meta":"","header-above-stick-meta":"","header-main-stick-meta":"","header-below-stick-meta":"","footnotes":""},"class_list":["post-1305","page","type-page","status-publish","hentry"],"_links":{"self":[{"href":"https:\/\/sachaqente.com\/ger\/wp-json\/wp\/v2\/pages\/1305","targetHints":{"allow":["GET"]}}],"collection":[{"href":"https:\/\/sachaqente.com\/ger\/wp-json\/wp\/v2\/pages"}],"about":[{"href":"https:\/\/sachaqente.com\/ger\/wp-json\/wp\/v2\/types\/page"}],"author":[{"embeddable":true,"href":"https:\/\/sachaqente.com\/ger\/wp-json\/wp\/v2\/users\/1"}],"replies":[{"embeddable":true,"href":"https:\/\/sachaqente.com\/ger\/wp-json\/wp\/v2\/comments?post=1305"}],"version-history":[{"count":34,"href":"https:\/\/sachaqente.com\/ger\/wp-json\/wp\/v2\/pages\/1305\/revisions"}],"predecessor-version":[{"id":2771,"href":"https:\/\/sachaqente.com\/ger\/wp-json\/wp\/v2\/pages\/1305\/revisions\/2771"}],"up":[{"embeddable":true,"href":"https:\/\/sachaqente.com\/ger\/wp-json\/wp\/v2\/pages\/489"}],"wp:attachment":[{"href":"https:\/\/sachaqente.com\/ger\/wp-json\/wp\/v2\/media?parent=1305"}],"curies":[{"name":"wp","href":"https:\/\/api.w.org\/{rel}","templated":true}]}}