{"id":486,"date":"2021-09-13T00:00:07","date_gmt":"2021-09-13T00:00:07","guid":{"rendered":"http:\/\/sachaqente.com\/fr\/?page_id=486"},"modified":"2022-03-25T19:42:30","modified_gmt":"2022-03-25T19:42:30","slug":"traitement","status":"publish","type":"page","link":"https:\/\/sachaqente.com\/fr\/traitement\/","title":{"rendered":"Traitement"},"content":{"rendered":"\t\t<div data-elementor-type=\"wp-page\" data-elementor-id=\"486\" class=\"elementor elementor-486\" data-elementor-post-type=\"page\">\n\t\t\t\t\t\t<section class=\"elementor-section elementor-top-section elementor-element elementor-element-51233ce0 elementor-section-boxed elementor-section-height-default elementor-section-height-default\" data-id=\"51233ce0\" data-element_type=\"section\" data-e-type=\"section\">\n\t\t\t\t\t\t<div class=\"elementor-container elementor-column-gap-default\">\n\t\t\t\t\t<div class=\"elementor-column elementor-col-100 elementor-top-column elementor-element elementor-element-7b413dde\" data-id=\"7b413dde\" data-element_type=\"column\" data-e-type=\"column\">\n\t\t\t<div class=\"elementor-widget-wrap elementor-element-populated\">\n\t\t\t\t\t\t<div class=\"elementor-element elementor-element-5deca3b2 elementor-widget elementor-widget-heading\" data-id=\"5deca3b2\" data-element_type=\"widget\" data-e-type=\"widget\" id=\"titulo\" data-widget_type=\"heading.default\">\n\t\t\t\t<div class=\"elementor-widget-container\">\n\t\t\t\t\t<h2 class=\"elementor-heading-title elementor-size-default\">M\u00e9decine traditionnelle Andino-Amazonienne (MTAAZ)<\/h2>\t\t\t\t<\/div>\n\t\t\t\t<\/div>\n\t\t\t\t<div class=\"elementor-element elementor-element-53e6db78 elementor-widget-divider--view-line elementor-widget elementor-widget-divider\" data-id=\"53e6db78\" data-element_type=\"widget\" data-e-type=\"widget\" data-widget_type=\"divider.default\">\n\t\t\t\t<div class=\"elementor-widget-container\">\n\t\t\t\t\t\t\t<div class=\"elementor-divider\">\n\t\t\t<span class=\"elementor-divider-separator\">\n\t\t\t\t\t\t<\/span>\n\t\t<\/div>\n\t\t\t\t\t\t<\/div>\n\t\t\t\t<\/div>\n\t\t\t\t<div class=\"elementor-element elementor-element-27909ade elementor-widget elementor-widget-text-editor\" data-id=\"27909ade\" data-element_type=\"widget\" data-e-type=\"widget\" id=\"parrafo\" data-widget_type=\"text-editor.default\">\n\t\t\t\t<div class=\"elementor-widget-container\">\n\t\t\t\t\t\t\t\t\t<p>Le docteur Pio Vucetich Nu\u00f1ez del Prado s\u2019est sp\u00e9cialis\u00e9 dans le traitement des addictions, en combinant les techniques de la MTAAZ \u00e0 la psychoth\u00e9rapie.<br \/>Selon la conception de la MTAAZ, l\u2019addiction est une maladie spirituelle de manque et elle doit \u00eatre consid\u00e9r\u00e9e comme telle. La personne ressent un vide et un besoin de trouver le sens de la vie, ne sachant pas comment le faire, elle remplit ce vide de substances.<\/p><p>La d\u00e9pendance n\u2019est pas combattue, mais son objet est centr\u00e9 \u00e0 l\u2019int\u00e9rieur de la personne afin qu\u2019elle se connecte. On applique un protocole sp\u00e9cifique d\u2019ingestion de plantes pour nettoyer et purifier, apr\u00e8s quoi ont lieu les c\u00e9r\u00e9monies d\u2019ayahuasca. Lorsque les patients se reconnectent avec leur \u00eatre, leur commentaire est toujours le m\u00eame : aucune substance qu\u2019ils puissent prendre ne se compare \u00e0 l\u2019exp\u00e9rience de rencontre spirituelle.<\/p><p>Ce que nous cherchons avec la MTAAZ c\u2019est que la personne d\u00e9veloppe sa capacit\u00e9 \u00e0 se reconnecter et \u00e0 augmenter sa d\u00e9pendance plus qu\u2019avant, mais non plus pour une substance ou une situation de d\u00e9pendance, sinon envers elle-m\u00eame, envers son propre \u00eatre, sa propre exp\u00e9rience, \u00e0 ce qu\u2019il y a \u00e0 l\u2019int\u00e9rieur d\u2019elle, et cela la lib\u00e8re de la d\u00e9pendance.<\/p>\t\t\t\t\t\t\t\t<\/div>\n\t\t\t\t<\/div>\n\t\t\t\t<div class=\"elementor-element elementor-element-c8acd6f elementor-widget elementor-widget-image\" data-id=\"c8acd6f\" data-element_type=\"widget\" data-e-type=\"widget\" data-widget_type=\"image.default\">\n\t\t\t\t<div class=\"elementor-widget-container\">\n\t\t\t\t\t\t\t\t\t\t\t\t\t\t\t<img fetchpriority=\"high\" decoding=\"async\" width=\"620\" height=\"270\" src=\"https:\/\/sachaqente.com\/fr\/wp-content\/uploads\/2021\/10\/colibri-sachaqente-1.jpg\" class=\"attachment-large size-large wp-image-1170\" alt=\"\" srcset=\"https:\/\/sachaqente.com\/fr\/wp-content\/uploads\/2021\/10\/colibri-sachaqente-1.jpg 620w, https:\/\/sachaqente.com\/fr\/wp-content\/uploads\/2021\/10\/colibri-sachaqente-1-300x131.jpg 300w\" sizes=\"(max-width: 620px) 100vw, 620px\" \/>\t\t\t\t\t\t\t\t\t\t\t\t\t\t\t<\/div>\n\t\t\t\t<\/div>\n\t\t\t\t<div class=\"elementor-element elementor-element-27602d5 elementor-widget elementor-widget-text-editor\" data-id=\"27602d5\" data-element_type=\"widget\" data-e-type=\"widget\" id=\"parrafo\" data-widget_type=\"text-editor.default\">\n\t\t\t\t<div class=\"elementor-widget-container\">\n\t\t\t\t\t\t\t\t\t<p>L\u2019ayahuasca est un moyen qui, en ouvrant, aide \u00e0 d\u00e9faire les blocages ; on l\u2019utilise comme une grande s\u0153ur qui peut nous aider, nous guider jusqu\u2019\u00e0 cette r\u00e9union avec nous-m\u00eames. L\u2019exp\u00e9rience v\u00e9cue n\u2019est pas le fruit de la substance mais de la reconnexion, c\u2019est donc quelque chose qui s\u2019applique plus tard dans la vie de tous les jours. Lorsqu\u2019on se connecte \u00e0 soi-m\u00eame, on \u00e9prouve une exp\u00e9rience de lib\u00e9ration car l\u2019esprit est une incroyable source de sant\u00e9 et de cr\u00e9ativit\u00e9, la personne trouve ainsi en elle la r\u00e9ponse \u00e0 ce qu\u2019elle veut vraiment faire dans la vie. Elle commence \u00e0 se r\u00e9concilier avec son corps et \u00e0 nettoyer ses \u00e9motions, un travail de type reconstructif, r\u00e9parateur se fait.<\/p><p>Les traitements d\u2019addictions \u00e0 Sacha Q\u2019ente sont personnalis\u00e9s, ils se font en fonction des besoins de chacun. Contacte-nous pour consulter pour un cas concret.<\/p>\t\t\t\t\t\t\t\t<\/div>\n\t\t\t\t<\/div>\n\t\t\t\t\t<\/div>\n\t\t<\/div>\n\t\t\t\t\t<\/div>\n\t\t<\/section>\n\t\t\t\t<section class=\"elementor-section elementor-top-section elementor-element elementor-element-47fee398 elementor-section-boxed elementor-section-height-default elementor-section-height-default\" data-id=\"47fee398\" data-element_type=\"section\" data-e-type=\"section\" data-settings=\"{&quot;background_background&quot;:&quot;classic&quot;}\">\n\t\t\t\t\t\t<div class=\"elementor-container elementor-column-gap-default\">\n\t\t\t\t\t<div class=\"elementor-column elementor-col-100 elementor-top-column elementor-element elementor-element-5f1673c\" data-id=\"5f1673c\" data-element_type=\"column\" data-e-type=\"column\">\n\t\t\t<div class=\"elementor-widget-wrap elementor-element-populated\">\n\t\t\t\t\t\t<div class=\"elementor-element elementor-element-284811cc elementor-cta--skin-classic elementor-animated-content elementor-widget elementor-widget-call-to-action\" data-id=\"284811cc\" data-element_type=\"widget\" data-e-type=\"widget\" data-widget_type=\"call-to-action.default\">\n\t\t\t\t<div class=\"elementor-widget-container\">\n\t\t\t\t\t\t\t<div class=\"elementor-cta\">\n\t\t\t\t\t\t\t<div class=\"elementor-cta__content\">\n\t\t\t\t\n\t\t\t\t\t\t\t\t\t<h2 class=\"elementor-cta__title elementor-cta__content-item elementor-content-item\">\n\t\t\t\t\t\tVoulez-vous que nous vous aidons \u00e0 savoir autre chose?\t\t\t\t\t<\/h2>\n\t\t\t\t\n\t\t\t\t\n\t\t\t\t\t\t\t\t\t<div class=\"elementor-cta__button-wrapper elementor-cta__content-item elementor-content-item \">\n\t\t\t\t\t<a class=\"elementor-cta__button elementor-button elementor-size-lg\" href=\"https:\/\/sachaqente.com\/fr\/consultations\/\">\n\t\t\t\t\t\t\u00c9CRIVEZ-NOUS\t\t\t\t\t<\/a>\n\t\t\t\t\t<\/div>\n\t\t\t\t\t\t\t<\/div>\n\t\t\t\t\t\t<\/div>\n\t\t\t\t\t\t<\/div>\n\t\t\t\t<\/div>\n\t\t\t\t\t<\/div>\n\t\t<\/div>\n\t\t\t\t\t<\/div>\n\t\t<\/section>\n\t\t\t\t<\/div>\n\t\t","protected":false},"excerpt":{"rendered":"<p>M\u00e9decine traditionnelle Andino-Amazonienne (MTAAZ) Le docteur Pio Vucetich Nu\u00f1ez del Prado s\u2019est sp\u00e9cialis\u00e9 dans le traitement des addictions, en combinant les techniques de la MTAAZ \u00e0 la psychoth\u00e9rapie.Selon la conception de la MTAAZ, l\u2019addiction est une maladie spirituelle de manque et elle doit \u00eatre consid\u00e9r\u00e9e comme telle. La personne ressent un vide et un besoin &hellip;<\/p>\n<p class=\"read-more\"> <a class=\"\" href=\"https:\/\/sachaqente.com\/fr\/traitement\/\"> <span class=\"screen-reader-text\">Traitement<\/span> Leer m\u00e1s &raquo;<\/a><\/p>\n","protected":false},"author":1,"featured_media":0,"parent":0,"menu_order":0,"comment_status":"closed","ping_status":"closed","template":"elementor_header_footer","meta":{"site-sidebar-layout":"no-sidebar","site-content-layout":"page-builder","ast-main-header-display":"","ast-hfb-above-header-display":"","ast-hfb-below-header-display":"","ast-hfb-mobile-header-display":"","site-post-title":"disabled","ast-breadcrumbs-content":"","ast-featured-img":"disabled","footer-sml-layout":"","theme-transparent-header-meta":"default","adv-header-id-meta":"","stick-header-meta":"","header-above-stick-meta":"","header-main-stick-meta":"","header-below-stick-meta":"","footnotes":""},"class_list":["post-486","page","type-page","status-publish","hentry"],"_links":{"self":[{"href":"https:\/\/sachaqente.com\/fr\/wp-json\/wp\/v2\/pages\/486","targetHints":{"allow":["GET"]}}],"collection":[{"href":"https:\/\/sachaqente.com\/fr\/wp-json\/wp\/v2\/pages"}],"about":[{"href":"https:\/\/sachaqente.com\/fr\/wp-json\/wp\/v2\/types\/page"}],"author":[{"embeddable":true,"href":"https:\/\/sachaqente.com\/fr\/wp-json\/wp\/v2\/users\/1"}],"replies":[{"embeddable":true,"href":"https:\/\/sachaqente.com\/fr\/wp-json\/wp\/v2\/comments?post=486"}],"version-history":[{"count":21,"href":"https:\/\/sachaqente.com\/fr\/wp-json\/wp\/v2\/pages\/486\/revisions"}],"predecessor-version":[{"id":2671,"href":"https:\/\/sachaqente.com\/fr\/wp-json\/wp\/v2\/pages\/486\/revisions\/2671"}],"wp:attachment":[{"href":"https:\/\/sachaqente.com\/fr\/wp-json\/wp\/v2\/media?parent=486"}],"curies":[{"name":"wp","href":"https:\/\/api.w.org\/{rel}","templated":true}]}}