{"id":2220,"date":"2021-12-27T23:19:42","date_gmt":"2021-12-27T23:19:42","guid":{"rendered":"http:\/\/sachaqente.com\/fr\/?page_id=2220"},"modified":"2022-04-04T02:14:15","modified_gmt":"2022-04-04T02:14:15","slug":"comment-se-rendre-a-sacha-qente","status":"publish","type":"page","link":"https:\/\/sachaqente.com\/fr\/informations-pratiques-pour-le-visiteur\/comment-se-rendre-a-sacha-qente\/","title":{"rendered":"Comment se rendre"},"content":{"rendered":"\t\t<div data-elementor-type=\"wp-page\" data-elementor-id=\"2220\" class=\"elementor elementor-2220\" data-elementor-post-type=\"page\">\n\t\t\t\t\t\t<section class=\"elementor-section elementor-top-section elementor-element elementor-element-117dd1dd elementor-section-boxed elementor-section-height-default elementor-section-height-default\" data-id=\"117dd1dd\" data-element_type=\"section\" data-e-type=\"section\">\n\t\t\t\t\t\t<div class=\"elementor-container elementor-column-gap-default\">\n\t\t\t\t\t<div class=\"elementor-column elementor-col-50 elementor-top-column elementor-element elementor-element-57a427dc\" data-id=\"57a427dc\" data-element_type=\"column\" data-e-type=\"column\">\n\t\t\t<div class=\"elementor-widget-wrap elementor-element-populated\">\n\t\t\t\t\t\t<div class=\"elementor-element elementor-element-3830eaee eael_simple_menu_hamburger_disable_selected_menu_no eael-simple-menu-hamburger-align-right eael-hamburger--tablet elementor-widget elementor-widget-eael-simple-menu\" data-id=\"3830eaee\" data-element_type=\"widget\" data-e-type=\"widget\" data-settings=\"{&quot;sticky&quot;:&quot;top&quot;,&quot;sticky_on&quot;:[&quot;desktop&quot;,&quot;tablet&quot;],&quot;sticky_offset&quot;:20,&quot;sticky_effects_offset&quot;:0,&quot;sticky_anchor_link_offset&quot;:0}\" data-widget_type=\"eael-simple-menu.default\">\n\t\t\t\t<div class=\"elementor-widget-container\">\n\t\t\t\t\t<style>\n                        @media screen and (max-width: 1024px) {\n                            .eael-hamburger--tablet {\n                                .eael-simple-menu-horizontal,\n                                .eael-simple-menu-vertical {\n                                    display: none;\n                                }\n                            }\n                            .eael-hamburger--tablet {\n                                .eael-simple-menu-container .eael-simple-menu-toggle {\n                                    display: block;\n                                }\n                            }\n                        }\n                    <\/style>            <div data-hamburger-icon=\"&lt;i aria-hidden=&quot;true&quot; class=&quot;fas fa-bars&quot;&gt;&lt;\/i&gt;\" data-indicator-icon=\"&lt;i aria-hidden=&quot;true&quot; class=&quot;fas fa-angle-down&quot;&gt;&lt;\/i&gt;\" data-dropdown-indicator-icon=\"&lt;i class=&quot;fas fa-angle-down&quot;&gt;&lt;\/i&gt;\" class=\"eael-simple-menu-container eael-simple-menu-align-left eael-simple-menu-dropdown-align-left preset-1\" data-hamburger-breakpoints=\"{&quot;mobile&quot;:&quot;M\\u00f3vil vertical (&gt; 767px)&quot;,&quot;tablet&quot;:&quot;Tableta vertical (&gt; 1024px)&quot;,&quot;desktop&quot;:&quot;Escritorio (&gt; 2400px)&quot;,&quot;none&quot;:&quot;Ninguno&quot;}\" data-hamburger-device=\"tablet\">\n                <ul id=\"menu-informacion-practica\" class=\"eael-simple-menu eael-simple-menu-dropdown-animate-to-top eael-simple-menu-indicator eael-simple-menu-vertical\"><li id=\"menu-item-2145\" class=\"menu-item menu-item-type-post_type menu-item-object-page menu-item-2145\"><a href=\"https:\/\/sachaqente.com\/fr\/informations-pratiques-pour-le-visiteur\/\" class=\"menu-link\">Informations Pratiques pour le Visiteur<\/a><\/li>\n<li id=\"menu-item-2151\" class=\"menu-item menu-item-type-post_type menu-item-object-page menu-item-2151\"><a href=\"https:\/\/sachaqente.com\/fr\/informations-pratiques-pour-le-visiteur\/code-dethique\/\" class=\"menu-link\">Code d&#8217;\u00e9thique<\/a><\/li>\n<li id=\"menu-item-2206\" class=\"menu-item menu-item-type-post_type menu-item-object-page menu-item-2206\"><a href=\"https:\/\/sachaqente.com\/fr\/informations-pratiques-pour-le-visiteur\/preparez-vos-bagages\/\" class=\"menu-link\">Pr\u00e9parez vos Bagages<\/a><\/li>\n<li id=\"menu-item-2222\" class=\"menu-item menu-item-type-post_type menu-item-object-page menu-item-2222\"><a href=\"https:\/\/sachaqente.com\/fr\/informations-pratiques-pour-le-visiteur\/comment-se-rendre-a-sacha-qente\/\" class=\"menu-link\">Comment se rendre<\/a><\/li>\n<li id=\"menu-item-2250\" class=\"menu-item menu-item-type-post_type menu-item-object-page menu-item-2250\"><a href=\"https:\/\/sachaqente.com\/fr\/informations-pratiques-pour-le-visiteur\/questions-frequentes\/\" class=\"menu-link\">Questions fr\u00e9quentes<\/a><\/li>\n<\/ul>                <button class=\"eael-simple-menu-toggle\">\n                    <span class=\"sr-only \">Men\u00fa conmutador hamburguesa<\/span>\n                    <i aria-hidden=\"true\" class=\"fas fa-bars\"><\/i>                <\/button>\n            <\/div>\n            \t\t\t\t<\/div>\n\t\t\t\t<\/div>\n\t\t\t\t\t<\/div>\n\t\t<\/div>\n\t\t\t\t<div class=\"elementor-column elementor-col-50 elementor-top-column elementor-element elementor-element-379c49dd\" data-id=\"379c49dd\" data-element_type=\"column\" data-e-type=\"column\">\n\t\t\t<div class=\"elementor-widget-wrap elementor-element-populated\">\n\t\t\t\t\t\t<div class=\"elementor-element elementor-element-384fe44e elementor-widget elementor-widget-heading\" data-id=\"384fe44e\" data-element_type=\"widget\" data-e-type=\"widget\" id=\"titulo\" data-widget_type=\"heading.default\">\n\t\t\t\t<div class=\"elementor-widget-container\">\n\t\t\t\t\t<h2 class=\"elementor-heading-title elementor-size-default\">Comment se rendre \u00e0 Sacha Q'ente?<\/h2>\t\t\t\t<\/div>\n\t\t\t\t<\/div>\n\t\t\t\t<div class=\"elementor-element elementor-element-ad1a7d5 elementor-widget-divider--view-line elementor-widget elementor-widget-divider\" data-id=\"ad1a7d5\" data-element_type=\"widget\" data-e-type=\"widget\" data-widget_type=\"divider.default\">\n\t\t\t\t<div class=\"elementor-widget-container\">\n\t\t\t\t\t\t\t<div class=\"elementor-divider\">\n\t\t\t<span class=\"elementor-divider-separator\">\n\t\t\t\t\t\t<\/span>\n\t\t<\/div>\n\t\t\t\t\t\t<\/div>\n\t\t\t\t<\/div>\n\t\t\t\t<div class=\"elementor-element elementor-element-48aa2183 elementor-widget elementor-widget-text-editor\" data-id=\"48aa2183\" data-element_type=\"widget\" data-e-type=\"widget\" id=\"parrafo\" data-widget_type=\"text-editor.default\">\n\t\t\t\t<div class=\"elementor-widget-container\">\n\t\t\t\t\t\t\t\t\t<p>Pour venir \u00e0 Sacha Q&#8217;ente, vous devez d&#8217;abord arriver \u00e0 Cusco.<br \/>En fonction de votre provenance, par exemple si vous venez de l\u00e9tranger, nous vous recommandons de rester 2 nuits pour vous acclimater \u00e0 l&#8217;altitude (pr\u00e8s de 4000 m\u00e8tres) et vous orienter avant de participer \u00e0 un r\u00e9gime ou une retraite dans la jungle.<br \/>Si vous avez besoin de notre aide pour trouver un h\u00f4tel\/hostel \u00e0 Cusco, veuillez nous contacter. Nous avons une maison dans la Vall\u00e9e Sacr\u00e9e des Incas, \u00e0 Calca, o\u00f9 nous pouvons vous accueillir si vous le souhaitez. Il y a de nombreuses activit\u00e9s touristiques \u00e0 Cusco et dans ses alentours. Il y a beaucoup d&#8217;anciens sites incas, par exemple le c\u00e9l\u00e8bre Macchu Picchu, Saqsaywaman, le temple de la lune et beaucoup d&#8217;autres ruines, des montagnes (par exemple Ausangate ou la montagne des sept couleurs) et des lagunes, du trekking, des mus\u00e9es, des march\u00e9s, etc. <br \/>N\u2019h\u00e9sitez pas \u00e0 nous demander.<\/p>\t\t\t\t\t\t\t\t<\/div>\n\t\t\t\t<\/div>\n\t\t\t\t<div class=\"elementor-element elementor-element-8c7545b elementor-widget elementor-widget-heading\" data-id=\"8c7545b\" data-element_type=\"widget\" data-e-type=\"widget\" id=\"titulo\" data-widget_type=\"heading.default\">\n\t\t\t\t<div class=\"elementor-widget-container\">\n\t\t\t\t\t<h2 class=\"elementor-heading-title elementor-size-default\">Comment se rendre \u00e0 Cusco<\/h2>\t\t\t\t<\/div>\n\t\t\t\t<\/div>\n\t\t\t\t<div class=\"elementor-element elementor-element-c9173b4 elementor-widget elementor-widget-heading\" data-id=\"c9173b4\" data-element_type=\"widget\" data-e-type=\"widget\" id=\"titulo\" data-widget_type=\"heading.default\">\n\t\t\t\t<div class=\"elementor-widget-container\">\n\t\t\t\t\t<h2 class=\"elementor-heading-title elementor-size-default\">De Lima:<\/h2>\t\t\t\t<\/div>\n\t\t\t\t<\/div>\n\t\t\t\t<div class=\"elementor-element elementor-element-7ed5ba46 elementor-icon-list--layout-traditional elementor-list-item-link-full_width elementor-widget elementor-widget-icon-list\" data-id=\"7ed5ba46\" data-element_type=\"widget\" data-e-type=\"widget\" data-widget_type=\"icon-list.default\">\n\t\t\t\t<div class=\"elementor-widget-container\">\n\t\t\t\t\t\t\t<ul class=\"elementor-icon-list-items\">\n\t\t\t\t\t\t\t<li class=\"elementor-icon-list-item\">\n\t\t\t\t\t\t\t\t\t\t\t<span class=\"elementor-icon-list-icon\">\n\t\t\t\t\t\t\t<i aria-hidden=\"true\" class=\"far fa-check-circle\"><\/i>\t\t\t\t\t\t<\/span>\n\t\t\t\t\t\t\t\t\t\t<span class=\"elementor-icon-list-text\">Par avion depuis Lima. Il y a plusieurs compagnies qui ont des vols r\u00e9guliers Lima-Cusco, les prix les plus bas ne sont pas toujours les meilleurs options. <\/span>\n\t\t\t\t\t\t\t\t\t<\/li>\n\t\t\t\t\t\t\t\t<li class=\"elementor-icon-list-item\">\n\t\t\t\t\t\t\t\t\t\t\t<span class=\"elementor-icon-list-icon\">\n\t\t\t\t\t\t\t<i aria-hidden=\"true\" class=\"far fa-check-circle\"><\/i>\t\t\t\t\t\t<\/span>\n\t\t\t\t\t\t\t\t\t\t<span class=\"elementor-icon-list-text\">En bus depuis Lima (voyage de 24h). Plusieurs compagnies de bus assurent des liaisons r\u00e9guli\u00e8res avec Cusco. Cruz del Sur dispose de bus tr\u00e8s confortables. Lima est \u00e0 20-24h en bus et les billets co\u00fbtent \u00e0 partir de 120 soles. <\/span>\n\t\t\t\t\t\t\t\t\t<\/li>\n\t\t\t\t\t\t<\/ul>\n\t\t\t\t\t\t<\/div>\n\t\t\t\t<\/div>\n\t\t\t\t<div class=\"elementor-element elementor-element-5186fdb elementor-widget elementor-widget-heading\" data-id=\"5186fdb\" data-element_type=\"widget\" data-e-type=\"widget\" id=\"titulo\" data-widget_type=\"heading.default\">\n\t\t\t\t<div class=\"elementor-widget-container\">\n\t\t\t\t\t<h2 class=\"elementor-heading-title elementor-size-default\">De Bolivie:<\/h2>\t\t\t\t<\/div>\n\t\t\t\t<\/div>\n\t\t\t\t<div class=\"elementor-element elementor-element-b93b65d elementor-icon-list--layout-traditional elementor-list-item-link-full_width elementor-widget elementor-widget-icon-list\" data-id=\"b93b65d\" data-element_type=\"widget\" data-e-type=\"widget\" data-widget_type=\"icon-list.default\">\n\t\t\t\t<div class=\"elementor-widget-container\">\n\t\t\t\t\t\t\t<ul class=\"elementor-icon-list-items\">\n\t\t\t\t\t\t\t<li class=\"elementor-icon-list-item\">\n\t\t\t\t\t\t\t\t\t\t\t<span class=\"elementor-icon-list-icon\">\n\t\t\t\t\t\t\t<i aria-hidden=\"true\" class=\"far fa-check-circle\"><\/i>\t\t\t\t\t\t<\/span>\n\t\t\t\t\t\t\t\t\t\t<span class=\"elementor-icon-list-text\">Par avion depuis La Paz. Avec la soci\u00e9t\u00e9 Aerosur. Les billets co\u00fbtent \u00e0 partir de 100 dollars.<\/span>\n\t\t\t\t\t\t\t\t\t<\/li>\n\t\t\t\t\t\t\t\t<li class=\"elementor-icon-list-item\">\n\t\t\t\t\t\t\t\t\t\t\t<span class=\"elementor-icon-list-icon\">\n\t\t\t\t\t\t\t<i aria-hidden=\"true\" class=\"far fa-check-circle\"><\/i>\t\t\t\t\t\t<\/span>\n\t\t\t\t\t\t\t\t\t\t<span class=\"elementor-icon-list-text\">En bus depuis La Paz (Bolivie). La Paz est \u00e0 13 heures de route et les billets co\u00fbtent \u00e0 partir de 99 soles.<\/span>\n\t\t\t\t\t\t\t\t\t<\/li>\n\t\t\t\t\t\t<\/ul>\n\t\t\t\t\t\t<\/div>\n\t\t\t\t<\/div>\n\t\t\t\t<div class=\"elementor-element elementor-element-f68e2aa elementor-widget elementor-widget-text-editor\" data-id=\"f68e2aa\" data-element_type=\"widget\" data-e-type=\"widget\" id=\"parrafo\" data-widget_type=\"text-editor.default\">\n\t\t\t\t<div class=\"elementor-widget-container\">\n\t\t\t\t\t\t\t\t\t<p>Service de taxi depuis l&#8217;a\u00e9roport:<\/p><p>Si vous le souhaitez, nous pouvons envoyer un taxi fiable pour venir vous chercher \u00e0 l&#8217;a\u00e9roport. Le prix varie entre 25 et 80 soles, en fonction du nombre de passagers et de l&#8217;adresse de votre logement.<\/p>\t\t\t\t\t\t\t\t<\/div>\n\t\t\t\t<\/div>\n\t\t\t\t<div class=\"elementor-element elementor-element-661dcf8b elementor-widget elementor-widget-heading\" data-id=\"661dcf8b\" data-element_type=\"widget\" data-e-type=\"widget\" id=\"titulo\" data-widget_type=\"heading.default\">\n\t\t\t\t<div class=\"elementor-widget-container\">\n\t\t\t\t\t<h2 class=\"elementor-heading-title elementor-size-default\">Comment se rendre \u00e0 Calca depuis Cusco?<\/h2>\t\t\t\t<\/div>\n\t\t\t\t<\/div>\n\t\t\t\t<div class=\"elementor-element elementor-element-6a4205e elementor-widget elementor-widget-text-editor\" data-id=\"6a4205e\" data-element_type=\"widget\" data-e-type=\"widget\" id=\"parrafo\" data-widget_type=\"text-editor.default\">\n\t\t\t\t<div class=\"elementor-widget-container\">\n\t\t\t\t\t\t\t\t\t<p>Calca est \u00e0 50 km de Cusco. Le trajet dure 1h. Dans la rue Puputi \u00e0 Cusco, il y a des voitures et des bus qui partent r\u00e9guli\u00e8rement pour Calca. Le billet co\u00fbte 5 ou 6 soles.<\/p><p>Notre adresse \u00e0 Calca :<\/p><p>Calle Grau, 805. Calca.<\/p><p>Nous sommes \u00e0 4 blocs de maisons de la place centrale de Calca.<\/p><p>\u00a0<\/p><p>Le s\u00e9jour dans notre centre \u00e0 Calca a un co\u00fbt suppl\u00e9mentaire. Veuillez nous contacter pour effectuer une r\u00e9servation.<\/p><p>\u00c0 Calca, il y a deux stations thermales et quelques sites arch\u00e9ologiques que vous pouvez visiter pendant votre s\u00e9jour dans notre centre. Il y a beaucoup \u00e0 visiter dans la vall\u00e9e de Saragosse des Incas.<\/p>\t\t\t\t\t\t\t\t<\/div>\n\t\t\t\t<\/div>\n\t\t\t\t<div class=\"elementor-element elementor-element-1392c49d elementor-widget elementor-widget-heading\" data-id=\"1392c49d\" data-element_type=\"widget\" data-e-type=\"widget\" id=\"titulo\" data-widget_type=\"heading.default\">\n\t\t\t\t<div class=\"elementor-widget-container\">\n\t\t\t\t\t<h2 class=\"elementor-heading-title elementor-size-default\">Voyage de Cusco \u00e0 Sacha Q'ente<\/h2>\t\t\t\t<\/div>\n\t\t\t\t<\/div>\n\t\t\t\t<div class=\"elementor-element elementor-element-7a7a72e1 elementor-widget elementor-widget-text-editor\" data-id=\"7a7a72e1\" data-element_type=\"widget\" data-e-type=\"widget\" id=\"parrafo\" data-widget_type=\"text-editor.default\">\n\t\t\t\t<div class=\"elementor-widget-container\">\n\t\t\t\t\t\t\t\t\t<p>Vous recevrez un courriel indiquant le point et l&#8217;heure de rendez-vous. De Cusco, nous partirons ensemble vers Sacha Q&#8217;ente en v\u00e9hicule priv\u00e9, selon le nombre de participants.<\/p><p>Le voyage dure environ 7 heures. La route vers Sacha Q&#8217;ente \u00e9tant une piste, le voyage peut parfois prendre plus de temps. En cas de pluie, il peut y avoir des glissements de terrain qui retardent le voyage aller ou retour. Nous vous recommandons donc de ne pas prendre votre billet de retour trop pr\u00e8s de la date de fin de la retraite.<\/p>\t\t\t\t\t\t\t\t<\/div>\n\t\t\t\t<\/div>\n\t\t\t\t<div class=\"elementor-element elementor-element-4a3b191 elementor-widget elementor-widget-text-editor\" data-id=\"4a3b191\" data-element_type=\"widget\" data-e-type=\"widget\" id=\"parrafo\" data-widget_type=\"text-editor.default\">\n\t\t\t\t<div class=\"elementor-widget-container\">\n\t\t\t\t\t\t\t\t\t<p><iframe style=\"border: 0;\" src=\"https:\/\/www.google.com\/maps\/embed?pb=!1m14!1m8!1m3!1d497636.0991897821!2d-71.401806!3d-12.985789!3m2!1i1024!2i768!4f13.1!3m3!1m2!1s0x0%3A0xf0edb545ed73140e!2sSacha%20Q'ente!5e0!3m2!1ses!2ses!4v1633830437264!5m2!1ses!2ses\" width=\"600\" height=\"300\" allowfullscreen=\"allowfullscreen\"><\/iframe><\/p>\t\t\t\t\t\t\t\t<\/div>\n\t\t\t\t<\/div>\n\t\t\t\t\t<\/div>\n\t\t<\/div>\n\t\t\t\t\t<\/div>\n\t\t<\/section>\n\t\t\t\t<section class=\"elementor-section elementor-top-section elementor-element elementor-element-6de9b803 elementor-section-boxed elementor-section-height-default elementor-section-height-default\" data-id=\"6de9b803\" data-element_type=\"section\" data-e-type=\"section\" data-settings=\"{&quot;background_background&quot;:&quot;classic&quot;}\">\n\t\t\t\t\t\t<div class=\"elementor-container elementor-column-gap-default\">\n\t\t\t\t\t<div class=\"elementor-column elementor-col-100 elementor-top-column elementor-element elementor-element-b1addc3\" data-id=\"b1addc3\" data-element_type=\"column\" data-e-type=\"column\">\n\t\t\t<div class=\"elementor-widget-wrap elementor-element-populated\">\n\t\t\t\t\t\t<div class=\"elementor-element elementor-element-993a3d2 elementor-cta--skin-classic elementor-animated-content elementor-widget elementor-widget-call-to-action\" data-id=\"993a3d2\" data-element_type=\"widget\" data-e-type=\"widget\" data-widget_type=\"call-to-action.default\">\n\t\t\t\t<div class=\"elementor-widget-container\">\n\t\t\t\t\t\t\t<div class=\"elementor-cta\">\n\t\t\t\t\t\t\t<div class=\"elementor-cta__content\">\n\t\t\t\t\n\t\t\t\t\t\t\t\t\t<h2 class=\"elementor-cta__title elementor-cta__content-item elementor-content-item\">\n\t\t\t\t\t\tVoulez-vous que nous vous aidons \u00e0 savoir autre chose?\t\t\t\t\t<\/h2>\n\t\t\t\t\n\t\t\t\t\n\t\t\t\t\t\t\t\t\t<div class=\"elementor-cta__button-wrapper elementor-cta__content-item elementor-content-item \">\n\t\t\t\t\t<a class=\"elementor-cta__button elementor-button elementor-size-lg\" href=\"https:\/\/sachaqente.com\/fr\/consultations\/\">\n\t\t\t\t\t\t\u00c9CRIVEZ-NOUS\t\t\t\t\t<\/a>\n\t\t\t\t\t<\/div>\n\t\t\t\t\t\t\t<\/div>\n\t\t\t\t\t\t<\/div>\n\t\t\t\t\t\t<\/div>\n\t\t\t\t<\/div>\n\t\t\t\t\t<\/div>\n\t\t<\/div>\n\t\t\t\t\t<\/div>\n\t\t<\/section>\n\t\t\t\t<\/div>\n\t\t","protected":false},"excerpt":{"rendered":"<p>Informations Pratiques pour le Visiteur Code d&#8217;\u00e9thique Pr\u00e9parez vos Bagages Comment se rendre Preguntas frecuentes Comment se rendre \u00e0 Sacha Q&#8217;ente? Pour venir \u00e0 Sacha Q&#8217;ente, vous devez d&#8217;abord arriver \u00e0 Cusco.En fonction de votre provenance, par exemple si vous venez de l\u00e9tranger, nous vous recommandons de rester 2 nuits pour vous acclimater \u00e0 l&#8217;altitude &hellip;<\/p>\n<p class=\"read-more\"> <a class=\"\" href=\"https:\/\/sachaqente.com\/fr\/informations-pratiques-pour-le-visiteur\/comment-se-rendre-a-sacha-qente\/\"> <span class=\"screen-reader-text\">Comment se rendre<\/span> Leer m\u00e1s &raquo;<\/a><\/p>\n","protected":false},"author":1,"featured_media":0,"parent":729,"menu_order":0,"comment_status":"closed","ping_status":"closed","template":"","meta":{"site-sidebar-layout":"no-sidebar","site-content-layout":"page-builder","ast-main-header-display":"","ast-hfb-above-header-display":"","ast-hfb-below-header-display":"","ast-hfb-mobile-header-display":"","site-post-title":"disabled","ast-breadcrumbs-content":"","ast-featured-img":"disabled","footer-sml-layout":"","theme-transparent-header-meta":"default","adv-header-id-meta":"","stick-header-meta":"","header-above-stick-meta":"","header-main-stick-meta":"","header-below-stick-meta":"","footnotes":""},"class_list":["post-2220","page","type-page","status-publish","hentry"],"_links":{"self":[{"href":"https:\/\/sachaqente.com\/fr\/wp-json\/wp\/v2\/pages\/2220","targetHints":{"allow":["GET"]}}],"collection":[{"href":"https:\/\/sachaqente.com\/fr\/wp-json\/wp\/v2\/pages"}],"about":[{"href":"https:\/\/sachaqente.com\/fr\/wp-json\/wp\/v2\/types\/page"}],"author":[{"embeddable":true,"href":"https:\/\/sachaqente.com\/fr\/wp-json\/wp\/v2\/users\/1"}],"replies":[{"embeddable":true,"href":"https:\/\/sachaqente.com\/fr\/wp-json\/wp\/v2\/comments?post=2220"}],"version-history":[{"count":36,"href":"https:\/\/sachaqente.com\/fr\/wp-json\/wp\/v2\/pages\/2220\/revisions"}],"predecessor-version":[{"id":2931,"href":"https:\/\/sachaqente.com\/fr\/wp-json\/wp\/v2\/pages\/2220\/revisions\/2931"}],"up":[{"embeddable":true,"href":"https:\/\/sachaqente.com\/fr\/wp-json\/wp\/v2\/pages\/729"}],"wp:attachment":[{"href":"https:\/\/sachaqente.com\/fr\/wp-json\/wp\/v2\/media?parent=2220"}],"curies":[{"name":"wp","href":"https:\/\/api.w.org\/{rel}","templated":true}]}}