{"id":2204,"date":"2021-12-27T22:47:20","date_gmt":"2021-12-27T22:47:20","guid":{"rendered":"http:\/\/sachaqente.com\/fr\/?page_id=2204"},"modified":"2022-04-04T01:58:51","modified_gmt":"2022-04-04T01:58:51","slug":"preparez-vos-bagages","status":"publish","type":"page","link":"https:\/\/sachaqente.com\/fr\/informations-pratiques-pour-le-visiteur\/preparez-vos-bagages\/","title":{"rendered":"Pr\u00e9parez vos Bagages"},"content":{"rendered":"\t\t<div data-elementor-type=\"wp-page\" data-elementor-id=\"2204\" class=\"elementor elementor-2204\" data-elementor-post-type=\"page\">\n\t\t\t\t\t\t<section class=\"elementor-section elementor-top-section elementor-element elementor-element-3838de52 elementor-section-boxed elementor-section-height-default elementor-section-height-default\" data-id=\"3838de52\" data-element_type=\"section\" data-e-type=\"section\">\n\t\t\t\t\t\t<div class=\"elementor-container elementor-column-gap-default\">\n\t\t\t\t\t<div class=\"elementor-column elementor-col-50 elementor-top-column elementor-element elementor-element-c4c85d6\" data-id=\"c4c85d6\" data-element_type=\"column\" data-e-type=\"column\">\n\t\t\t<div class=\"elementor-widget-wrap elementor-element-populated\">\n\t\t\t\t\t\t<div class=\"elementor-element elementor-element-577cf963 eael_simple_menu_hamburger_disable_selected_menu_no eael-simple-menu-hamburger-align-right eael-hamburger--tablet elementor-widget elementor-widget-eael-simple-menu\" data-id=\"577cf963\" data-element_type=\"widget\" data-e-type=\"widget\" data-settings=\"{&quot;sticky&quot;:&quot;top&quot;,&quot;sticky_on&quot;:[&quot;desktop&quot;,&quot;tablet&quot;],&quot;sticky_offset&quot;:20,&quot;sticky_effects_offset&quot;:0,&quot;sticky_anchor_link_offset&quot;:0}\" data-widget_type=\"eael-simple-menu.default\">\n\t\t\t\t<div class=\"elementor-widget-container\">\n\t\t\t\t\t<style>\n                        @media screen and (max-width: 1024px) {\n                            .eael-hamburger--tablet {\n                                .eael-simple-menu-horizontal,\n                                .eael-simple-menu-vertical {\n                                    display: none;\n                                }\n                            }\n                            .eael-hamburger--tablet {\n                                .eael-simple-menu-container .eael-simple-menu-toggle {\n                                    display: block;\n                                }\n                            }\n                        }\n                    <\/style>            <div data-hamburger-icon=\"&lt;i aria-hidden=&quot;true&quot; class=&quot;fas fa-bars&quot;&gt;&lt;\/i&gt;\" data-indicator-icon=\"&lt;i aria-hidden=&quot;true&quot; class=&quot;fas fa-angle-down&quot;&gt;&lt;\/i&gt;\" data-dropdown-indicator-icon=\"&lt;i class=&quot;fas fa-angle-down&quot;&gt;&lt;\/i&gt;\" class=\"eael-simple-menu-container eael-simple-menu-align-left eael-simple-menu-dropdown-align-left preset-1\" data-hamburger-breakpoints=\"{&quot;mobile&quot;:&quot;M\\u00f3vil vertical (&gt; 767px)&quot;,&quot;tablet&quot;:&quot;Tableta vertical (&gt; 1024px)&quot;,&quot;desktop&quot;:&quot;Escritorio (&gt; 2400px)&quot;,&quot;none&quot;:&quot;Ninguno&quot;}\" data-hamburger-device=\"tablet\">\n                <ul id=\"menu-informacion-practica\" class=\"eael-simple-menu eael-simple-menu-dropdown-animate-to-top eael-simple-menu-indicator eael-simple-menu-vertical\"><li id=\"menu-item-2145\" class=\"menu-item menu-item-type-post_type menu-item-object-page menu-item-2145\"><a href=\"https:\/\/sachaqente.com\/fr\/informations-pratiques-pour-le-visiteur\/\" class=\"menu-link\">Informations Pratiques pour le Visiteur<\/a><\/li>\n<li id=\"menu-item-2151\" class=\"menu-item menu-item-type-post_type menu-item-object-page menu-item-2151\"><a href=\"https:\/\/sachaqente.com\/fr\/informations-pratiques-pour-le-visiteur\/code-dethique\/\" class=\"menu-link\">Code d&#8217;\u00e9thique<\/a><\/li>\n<li id=\"menu-item-2206\" class=\"menu-item menu-item-type-post_type menu-item-object-page menu-item-2206\"><a href=\"https:\/\/sachaqente.com\/fr\/informations-pratiques-pour-le-visiteur\/preparez-vos-bagages\/\" class=\"menu-link\">Pr\u00e9parez vos Bagages<\/a><\/li>\n<li id=\"menu-item-2222\" class=\"menu-item menu-item-type-post_type menu-item-object-page menu-item-2222\"><a href=\"https:\/\/sachaqente.com\/fr\/informations-pratiques-pour-le-visiteur\/comment-se-rendre-a-sacha-qente\/\" class=\"menu-link\">Comment se rendre<\/a><\/li>\n<li id=\"menu-item-2250\" class=\"menu-item menu-item-type-post_type menu-item-object-page menu-item-2250\"><a href=\"https:\/\/sachaqente.com\/fr\/informations-pratiques-pour-le-visiteur\/questions-frequentes\/\" class=\"menu-link\">Questions fr\u00e9quentes<\/a><\/li>\n<\/ul>                <button class=\"eael-simple-menu-toggle\">\n                    <span class=\"sr-only \">Men\u00fa conmutador hamburguesa<\/span>\n                    <i aria-hidden=\"true\" class=\"fas fa-bars\"><\/i>                <\/button>\n            <\/div>\n            \t\t\t\t<\/div>\n\t\t\t\t<\/div>\n\t\t\t\t\t<\/div>\n\t\t<\/div>\n\t\t\t\t<div class=\"elementor-column elementor-col-50 elementor-top-column elementor-element elementor-element-4f399475\" data-id=\"4f399475\" data-element_type=\"column\" data-e-type=\"column\">\n\t\t\t<div class=\"elementor-widget-wrap elementor-element-populated\">\n\t\t\t\t\t\t<div class=\"elementor-element elementor-element-2189cb9f elementor-widget elementor-widget-heading\" data-id=\"2189cb9f\" data-element_type=\"widget\" data-e-type=\"widget\" id=\"titulo\" data-widget_type=\"heading.default\">\n\t\t\t\t<div class=\"elementor-widget-container\">\n\t\t\t\t\t<h2 class=\"elementor-heading-title elementor-size-default\">Pr\u00e9parez vos Bagages<\/h2>\t\t\t\t<\/div>\n\t\t\t\t<\/div>\n\t\t\t\t<div class=\"elementor-element elementor-element-1a16878c elementor-widget-divider--view-line elementor-widget elementor-widget-divider\" data-id=\"1a16878c\" data-element_type=\"widget\" data-e-type=\"widget\" data-widget_type=\"divider.default\">\n\t\t\t\t<div class=\"elementor-widget-container\">\n\t\t\t\t\t\t\t<div class=\"elementor-divider\">\n\t\t\t<span class=\"elementor-divider-separator\">\n\t\t\t\t\t\t<\/span>\n\t\t<\/div>\n\t\t\t\t\t\t<\/div>\n\t\t\t\t<\/div>\n\t\t\t\t<div class=\"elementor-element elementor-element-3e7d7aec elementor-widget elementor-widget-text-editor\" data-id=\"3e7d7aec\" data-element_type=\"widget\" data-e-type=\"widget\" id=\"parrafo\" data-widget_type=\"text-editor.default\">\n\t\t\t\t<div class=\"elementor-widget-container\">\n\t\t\t\t\t\t\t\t\t<p>Avant d&#8217;arriver \u00e0 Sacha Q&#8217;ente, vous devez passer par Cusco car c&#8217;est l\u00e0 que se trouve l&#8217;a\u00e9roport le plus proche. Il est recommand\u00e9, lors de la planification de votre voyage et dans la mesure du possible, de pr\u00e9voir quelques jours de s\u00e9jour dans cette ville afin d&#8217;habituer votre corps \u00e0 l&#8217;altitude (3 399 m). Sachez \u00e9galement que vous aurez besoin de v\u00eatements chauds, y compris un bonnet de laine, car la temp\u00e9rature varie g\u00e9n\u00e9ralement de 0 \u00b0C \u00e0 environ 19 \u00b0C.<br \/><br \/>A partir de l\u00e0, il y a environ 6 \u00e0 7 heures de voyage. Vous aurez donc besoin d&#8217;au moins une bouteille d&#8217;eau et de nourriture (fruits, sandwichs&#8230;). Lors des arr\u00eats le long du parcours, il y aura quelques endroits o\u00f9 vous pourrez acheter de l&#8217;eau et de la nourriture et aller aux toilettes (il est conseill\u00e9 d&#8217;avoir de la petite monnaie pour acc\u00e9der \u00e0 toutes les toilettes publiques).<br \/><br \/>Il est conseill\u00e9 d&#8217;emporter, en plus de votre valise ou de votre sac \u00e0 dos, un petit sac ou sac \u00e0 dos o\u00f9 vous pourrez ranger vos boissons et votre nourriture pour le voyage et o\u00f9 vous pourrez garder les v\u00eatements chauds avec lesquels vous avez quitt\u00e9 Cusco et dont vous devrez vous d\u00e9barrasser en vous rapprochant de la jungle. A Sacha Q&#8217;ente le climat est tropical et la temp\u00e9rature oscille entre 15\u00b0C la nuit et peut atteindre 35\u00b0C \u00e0 midi avec un taux d&#8217;humidit\u00e9 \u00e9lev\u00e9. Dans la jungle, les pluies sont fr\u00e9quentes m\u00eame en saison s\u00e8che.<\/p>\t\t\t\t\t\t\t\t<\/div>\n\t\t\t\t<\/div>\n\t\t\t\t<div class=\"elementor-element elementor-element-6312a3c3 elementor-widget elementor-widget-heading\" data-id=\"6312a3c3\" data-element_type=\"widget\" data-e-type=\"widget\" id=\"titulo\" data-widget_type=\"heading.default\">\n\t\t\t\t<div class=\"elementor-widget-container\">\n\t\t\t\t\t<h2 class=\"elementor-heading-title elementor-size-default\">Liste recommand\u00e9e de choses \u00e0 apporter dans la for\u00eat tropicale humide<\/h2>\t\t\t\t<\/div>\n\t\t\t\t<\/div>\n\t\t\t\t<div class=\"elementor-element elementor-element-5678457d elementor-icon-list--layout-traditional elementor-list-item-link-full_width elementor-widget elementor-widget-icon-list\" data-id=\"5678457d\" data-element_type=\"widget\" data-e-type=\"widget\" data-widget_type=\"icon-list.default\">\n\t\t\t\t<div class=\"elementor-widget-container\">\n\t\t\t\t\t\t\t<ul class=\"elementor-icon-list-items\">\n\t\t\t\t\t\t\t<li class=\"elementor-icon-list-item\">\n\t\t\t\t\t\t\t\t\t\t\t<span class=\"elementor-icon-list-icon\">\n\t\t\t\t\t\t\t<i aria-hidden=\"true\" class=\"far fa-check-circle\"><\/i>\t\t\t\t\t\t<\/span>\n\t\t\t\t\t\t\t\t\t\t<span class=\"elementor-icon-list-text\">Bottes hautes en caoutchouc\/ bottes de pluie (elles sont indispensables et vous pouvez les acheter \u00e0 Cusco \u00e0 un bon prix)<\/span>\n\t\t\t\t\t\t\t\t\t<\/li>\n\t\t\t\t\t\t\t\t<li class=\"elementor-icon-list-item\">\n\t\t\t\t\t\t\t\t\t\t\t<span class=\"elementor-icon-list-icon\">\n\t\t\t\t\t\t\t<i aria-hidden=\"true\" class=\"far fa-check-circle\"><\/i>\t\t\t\t\t\t<\/span>\n\t\t\t\t\t\t\t\t\t\t<span class=\"elementor-icon-list-text\">Veste de pluie<\/span>\n\t\t\t\t\t\t\t\t\t<\/li>\n\t\t\t\t\t\t\t\t<li class=\"elementor-icon-list-item\">\n\t\t\t\t\t\t\t\t\t\t\t<span class=\"elementor-icon-list-icon\">\n\t\t\t\t\t\t\t<i aria-hidden=\"true\" class=\"far fa-check-circle\"><\/i>\t\t\t\t\t\t<\/span>\n\t\t\t\t\t\t\t\t\t\t<span class=\"elementor-icon-list-text\">Chapeau ou casquette, et lunettes de soleil, le soleil est tr\u00e8s fort ici<\/span>\n\t\t\t\t\t\t\t\t\t<\/li>\n\t\t\t\t\t\t\t\t<li class=\"elementor-icon-list-item\">\n\t\t\t\t\t\t\t\t\t\t\t<span class=\"elementor-icon-list-icon\">\n\t\t\t\t\t\t\t<i aria-hidden=\"true\" class=\"far fa-check-circle\"><\/i>\t\t\t\t\t\t<\/span>\n\t\t\t\t\t\t\t\t\t\t<span class=\"elementor-icon-list-text\">Anti-moustiques naturel, par exemple, il existe des bracelets anti-moustiques parfum\u00e9s<\/span>\n\t\t\t\t\t\t\t\t\t<\/li>\n\t\t\t\t\t\t\t\t<li class=\"elementor-icon-list-item\">\n\t\t\t\t\t\t\t\t\t\t\t<span class=\"elementor-icon-list-icon\">\n\t\t\t\t\t\t\t<i aria-hidden=\"true\" class=\"far fa-check-circle\"><\/i>\t\t\t\t\t\t<\/span>\n\t\t\t\t\t\t\t\t\t\t<span class=\"elementor-icon-list-text\">Une lampe frontale et une petite lampe de poche avec des piles de rechange<\/span>\n\t\t\t\t\t\t\t\t\t<\/li>\n\t\t\t\t\t\t\t\t<li class=\"elementor-icon-list-item\">\n\t\t\t\t\t\t\t\t\t\t\t<span class=\"elementor-icon-list-icon\">\n\t\t\t\t\t\t\t<i aria-hidden=\"true\" class=\"far fa-check-circle\"><\/i>\t\t\t\t\t\t<\/span>\n\t\t\t\t\t\t\t\t\t\t<span class=\"elementor-icon-list-text\">Sac de couchage (pour les c\u00e9r\u00e9monies et pour la nuit s'il fait plus frais)<\/span>\n\t\t\t\t\t\t\t\t\t<\/li>\n\t\t\t\t\t\t\t\t<li class=\"elementor-icon-list-item\">\n\t\t\t\t\t\t\t\t\t\t\t<span class=\"elementor-icon-list-icon\">\n\t\t\t\t\t\t\t<i aria-hidden=\"true\" class=\"far fa-check-circle\"><\/i>\t\t\t\t\t\t<\/span>\n\t\t\t\t\t\t\t\t\t\t<span class=\"elementor-icon-list-text\">Des pantalons longs et amples, au moins deux, vous pouvez aussi prendre des shorts, mais ils ne sont pas recommand\u00e9s \u00e0 cause des piq\u00fbres d\u2019insectes<\/span>\n\t\t\t\t\t\t\t\t\t<\/li>\n\t\t\t\t\t\t\t\t<li class=\"elementor-icon-list-item\">\n\t\t\t\t\t\t\t\t\t\t\t<span class=\"elementor-icon-list-icon\">\n\t\t\t\t\t\t\t<i aria-hidden=\"true\" class=\"far fa-check-circle\"><\/i>\t\t\t\t\t\t<\/span>\n\t\t\t\t\t\t\t\t\t\t<span class=\"elementor-icon-list-text\">T-shirts ou chemises \u00e0 manches longues et courtes (en coton, au moins deux et deux)<\/span>\n\t\t\t\t\t\t\t\t\t<\/li>\n\t\t\t\t\t\t\t\t<li class=\"elementor-icon-list-item\">\n\t\t\t\t\t\t\t\t\t\t\t<span class=\"elementor-icon-list-icon\">\n\t\t\t\t\t\t\t<i aria-hidden=\"true\" class=\"far fa-check-circle\"><\/i>\t\t\t\t\t\t<\/span>\n\t\t\t\t\t\t\t\t\t\t<span class=\"elementor-icon-list-text\">Chaussettes longues\/chaussettes<\/span>\n\t\t\t\t\t\t\t\t\t<\/li>\n\t\t\t\t\t\t\t\t<li class=\"elementor-icon-list-item\">\n\t\t\t\t\t\t\t\t\t\t\t<span class=\"elementor-icon-list-icon\">\n\t\t\t\t\t\t\t<i aria-hidden=\"true\" class=\"far fa-check-circle\"><\/i>\t\t\t\t\t\t<\/span>\n\t\t\t\t\t\t\t\t\t\t<span class=\"elementor-icon-list-text\">Maillot de bain et serviette<\/span>\n\t\t\t\t\t\t\t\t\t<\/li>\n\t\t\t\t\t\t\t\t<li class=\"elementor-icon-list-item\">\n\t\t\t\t\t\t\t\t\t\t\t<span class=\"elementor-icon-list-icon\">\n\t\t\t\t\t\t\t<i aria-hidden=\"true\" class=\"far fa-check-circle\"><\/i>\t\t\t\t\t\t<\/span>\n\t\t\t\t\t\t\t\t\t\t<span class=\"elementor-icon-list-text\">De bonnes chaussures, comme des chaussures de marche (elles seront \u00e9galement utiles pour Cuzco)<\/span>\n\t\t\t\t\t\t\t\t\t<\/li>\n\t\t\t\t\t\t\t\t<li class=\"elementor-icon-list-item\">\n\t\t\t\t\t\t\t\t\t\t\t<span class=\"elementor-icon-list-icon\">\n\t\t\t\t\t\t\t<i aria-hidden=\"true\" class=\"far fa-check-circle\"><\/i>\t\t\t\t\t\t<\/span>\n\t\t\t\t\t\t\t\t\t\t<span class=\"elementor-icon-list-text\">Sandales pour entrer dans la rivi\u00e8re et tongs pour les douches<\/span>\n\t\t\t\t\t\t\t\t\t<\/li>\n\t\t\t\t\t\t\t\t<li class=\"elementor-icon-list-item\">\n\t\t\t\t\t\t\t\t\t\t\t<span class=\"elementor-icon-list-icon\">\n\t\t\t\t\t\t\t<i aria-hidden=\"true\" class=\"far fa-check-circle\"><\/i>\t\t\t\t\t\t<\/span>\n\t\t\t\t\t\t\t\t\t\t<span class=\"elementor-icon-list-text\">Les articles de toilette, le shampooing et le savon doivent \u00eatre biologiques et sans produits chimiques. Vous pouvez l'acheter \u00e0 Cusco<\/span>\n\t\t\t\t\t\t\t\t\t<\/li>\n\t\t\t\t\t\t\t\t<li class=\"elementor-icon-list-item\">\n\t\t\t\t\t\t\t\t\t\t\t<span class=\"elementor-icon-list-icon\">\n\t\t\t\t\t\t\t<i aria-hidden=\"true\" class=\"far fa-check-circle\"><\/i>\t\t\t\t\t\t<\/span>\n\t\t\t\t\t\t\t\t\t\t<span class=\"elementor-icon-list-text\">Carte d'identit\u00e9 ou passeport original et une copie en cas de perte<\/span>\n\t\t\t\t\t\t\t\t\t<\/li>\n\t\t\t\t\t\t\t\t<li class=\"elementor-icon-list-item\">\n\t\t\t\t\t\t\t\t\t\t\t<span class=\"elementor-icon-list-icon\">\n\t\t\t\t\t\t\t<i aria-hidden=\"true\" class=\"far fa-check-circle\"><\/i>\t\t\t\t\t\t<\/span>\n\t\t\t\t\t\t\t\t\t\t<span class=\"elementor-icon-list-text\">Appareil photo num\u00e9rique avec piles de rechange ou appareil photo mobile<\/span>\n\t\t\t\t\t\t\t\t\t<\/li>\n\t\t\t\t\t\t\t\t<li class=\"elementor-icon-list-item\">\n\t\t\t\t\t\t\t\t\t\t\t<span class=\"elementor-icon-list-icon\">\n\t\t\t\t\t\t\t<i aria-hidden=\"true\" class=\"far fa-check-circle\"><\/i>\t\t\t\t\t\t<\/span>\n\t\t\t\t\t\t\t\t\t\t<span class=\"elementor-icon-list-text\">Chargeur solaire mobile (recommand\u00e9)<\/span>\n\t\t\t\t\t\t\t\t\t<\/li>\n\t\t\t\t\t\t\t\t<li class=\"elementor-icon-list-item\">\n\t\t\t\t\t\t\t\t\t\t\t<span class=\"elementor-icon-list-icon\">\n\t\t\t\t\t\t\t<i aria-hidden=\"true\" class=\"far fa-check-circle\"><\/i>\t\t\t\t\t\t<\/span>\n\t\t\t\t\t\t\t\t\t\t<span class=\"elementor-icon-list-text\">Sacs pour ranger le linge sale, bien que vous puissiez laver vos v\u00eatements \u00e0 la main les 2 premiers jours de votre s\u00e9jour et les 2 derniers jours, ou utiliser notre service de blanchisserie (une fois par semaine) (co\u00fbt suppl\u00e9mentaire)<\/span>\n\t\t\t\t\t\t\t\t\t<\/li>\n\t\t\t\t\t\t\t\t<li class=\"elementor-icon-list-item\">\n\t\t\t\t\t\t\t\t\t\t\t<span class=\"elementor-icon-list-icon\">\n\t\t\t\t\t\t\t<i aria-hidden=\"true\" class=\"far fa-check-circle\"><\/i>\t\t\t\t\t\t<\/span>\n\t\t\t\t\t\t\t\t\t\t<span class=\"elementor-icon-list-text\">Carnet de notes, stylo et peinture pour le dessin (recommand\u00e9)<\/span>\n\t\t\t\t\t\t\t\t\t<\/li>\n\t\t\t\t\t\t\t\t<li class=\"elementor-icon-list-item\">\n\t\t\t\t\t\t\t\t\t\t\t<span class=\"elementor-icon-list-icon\">\n\t\t\t\t\t\t\t<i aria-hidden=\"true\" class=\"far fa-check-circle\"><\/i>\t\t\t\t\t\t<\/span>\n\t\t\t\t\t\t\t\t\t\t<span class=\"elementor-icon-list-text\">Budget personnel en soles (au cas o\u00f9 vous voudriez acheter de l'artisanat ou faire du tourisme)<\/span>\n\t\t\t\t\t\t\t\t\t<\/li>\n\t\t\t\t\t\t<\/ul>\n\t\t\t\t\t\t<\/div>\n\t\t\t\t<\/div>\n\t\t\t\t\t<\/div>\n\t\t<\/div>\n\t\t\t\t\t<\/div>\n\t\t<\/section>\n\t\t\t\t<section class=\"elementor-section elementor-top-section elementor-element elementor-element-7a1c7bba elementor-section-boxed elementor-section-height-default elementor-section-height-default\" data-id=\"7a1c7bba\" data-element_type=\"section\" data-e-type=\"section\" data-settings=\"{&quot;background_background&quot;:&quot;classic&quot;}\">\n\t\t\t\t\t\t<div class=\"elementor-container elementor-column-gap-default\">\n\t\t\t\t\t<div class=\"elementor-column elementor-col-100 elementor-top-column elementor-element elementor-element-889a0f5\" data-id=\"889a0f5\" data-element_type=\"column\" data-e-type=\"column\">\n\t\t\t<div class=\"elementor-widget-wrap elementor-element-populated\">\n\t\t\t\t\t\t<div class=\"elementor-element elementor-element-165f85e elementor-cta--skin-classic elementor-animated-content elementor-widget elementor-widget-call-to-action\" data-id=\"165f85e\" data-element_type=\"widget\" data-e-type=\"widget\" data-widget_type=\"call-to-action.default\">\n\t\t\t\t<div class=\"elementor-widget-container\">\n\t\t\t\t\t\t\t<div class=\"elementor-cta\">\n\t\t\t\t\t\t\t<div class=\"elementor-cta__content\">\n\t\t\t\t\n\t\t\t\t\t\t\t\t\t<h2 class=\"elementor-cta__title elementor-cta__content-item elementor-content-item\">\n\t\t\t\t\t\tVoulez-vous que nous vous aidons \u00e0 savoir autre chose?\t\t\t\t\t<\/h2>\n\t\t\t\t\n\t\t\t\t\n\t\t\t\t\t\t\t\t\t<div class=\"elementor-cta__button-wrapper elementor-cta__content-item elementor-content-item \">\n\t\t\t\t\t<a class=\"elementor-cta__button elementor-button elementor-size-lg\" href=\"https:\/\/sachaqente.com\/fr\/consultations\/\">\n\t\t\t\t\t\t\u00c9CRIVEZ-NOUS\t\t\t\t\t<\/a>\n\t\t\t\t\t<\/div>\n\t\t\t\t\t\t\t<\/div>\n\t\t\t\t\t\t<\/div>\n\t\t\t\t\t\t<\/div>\n\t\t\t\t<\/div>\n\t\t\t\t\t<\/div>\n\t\t<\/div>\n\t\t\t\t\t<\/div>\n\t\t<\/section>\n\t\t\t\t<\/div>\n\t\t","protected":false},"excerpt":{"rendered":"<p>Informations Pratiques pour le Visiteur Code d&#8217;\u00e9thique Pr\u00e9parez vos Bagages C\u00f3mo llegar Preguntas frecuentes Pr\u00e9parez vos Bagages Avant d&#8217;arriver \u00e0 Sacha Q&#8217;ente, vous devez passer par Cusco car c&#8217;est l\u00e0 que se trouve l&#8217;a\u00e9roport le plus proche. Il est recommand\u00e9, lors de la planification de votre voyage et dans la mesure du possible, de pr\u00e9voir &hellip;<\/p>\n<p class=\"read-more\"> <a class=\"\" href=\"https:\/\/sachaqente.com\/fr\/informations-pratiques-pour-le-visiteur\/preparez-vos-bagages\/\"> <span class=\"screen-reader-text\">Pr\u00e9parez vos Bagages<\/span> Leer m\u00e1s &raquo;<\/a><\/p>\n","protected":false},"author":1,"featured_media":0,"parent":729,"menu_order":0,"comment_status":"closed","ping_status":"closed","template":"","meta":{"site-sidebar-layout":"no-sidebar","site-content-layout":"page-builder","ast-main-header-display":"","ast-hfb-above-header-display":"","ast-hfb-below-header-display":"","ast-hfb-mobile-header-display":"","site-post-title":"disabled","ast-breadcrumbs-content":"","ast-featured-img":"disabled","footer-sml-layout":"","theme-transparent-header-meta":"default","adv-header-id-meta":"","stick-header-meta":"","header-above-stick-meta":"","header-main-stick-meta":"","header-below-stick-meta":"","footnotes":""},"class_list":["post-2204","page","type-page","status-publish","hentry"],"_links":{"self":[{"href":"https:\/\/sachaqente.com\/fr\/wp-json\/wp\/v2\/pages\/2204","targetHints":{"allow":["GET"]}}],"collection":[{"href":"https:\/\/sachaqente.com\/fr\/wp-json\/wp\/v2\/pages"}],"about":[{"href":"https:\/\/sachaqente.com\/fr\/wp-json\/wp\/v2\/types\/page"}],"author":[{"embeddable":true,"href":"https:\/\/sachaqente.com\/fr\/wp-json\/wp\/v2\/users\/1"}],"replies":[{"embeddable":true,"href":"https:\/\/sachaqente.com\/fr\/wp-json\/wp\/v2\/comments?post=2204"}],"version-history":[{"count":29,"href":"https:\/\/sachaqente.com\/fr\/wp-json\/wp\/v2\/pages\/2204\/revisions"}],"predecessor-version":[{"id":2920,"href":"https:\/\/sachaqente.com\/fr\/wp-json\/wp\/v2\/pages\/2204\/revisions\/2920"}],"up":[{"embeddable":true,"href":"https:\/\/sachaqente.com\/fr\/wp-json\/wp\/v2\/pages\/729"}],"wp:attachment":[{"href":"https:\/\/sachaqente.com\/fr\/wp-json\/wp\/v2\/media?parent=2204"}],"curies":[{"name":"wp","href":"https:\/\/api.w.org\/{rel}","templated":true}]}}