{"id":1710,"date":"2021-10-24T23:14:38","date_gmt":"2021-10-24T23:14:38","guid":{"rendered":"http:\/\/sachaqente.com\/fr\/?page_id=1710"},"modified":"2022-03-26T22:16:57","modified_gmt":"2022-03-26T22:16:57","slug":"conditions-ceremonies","status":"publish","type":"page","link":"https:\/\/sachaqente.com\/fr\/ceremonies-d-ayahuasca\/conditions-ceremonies\/","title":{"rendered":"Conditions"},"content":{"rendered":"\t\t<div data-elementor-type=\"wp-page\" data-elementor-id=\"1710\" class=\"elementor elementor-1710\" data-elementor-post-type=\"page\">\n\t\t\t\t\t\t<section class=\"elementor-section elementor-top-section elementor-element elementor-element-128117c5 elementor-section-boxed elementor-section-height-default elementor-section-height-default\" data-id=\"128117c5\" data-element_type=\"section\" data-e-type=\"section\">\n\t\t\t\t\t\t<div class=\"elementor-container elementor-column-gap-default\">\n\t\t\t\t\t<div class=\"elementor-column elementor-col-50 elementor-top-column elementor-element elementor-element-454fa519\" data-id=\"454fa519\" data-element_type=\"column\" data-e-type=\"column\">\n\t\t\t<div class=\"elementor-widget-wrap elementor-element-populated\">\n\t\t\t\t\t\t<div class=\"elementor-element elementor-element-1ee207ae eael_simple_menu_hamburger_disable_selected_menu_no eael-simple-menu-hamburger-align-right eael-hamburger--tablet elementor-widget elementor-widget-eael-simple-menu\" data-id=\"1ee207ae\" data-element_type=\"widget\" data-e-type=\"widget\" data-settings=\"{&quot;sticky&quot;:&quot;top&quot;,&quot;sticky_on&quot;:[&quot;desktop&quot;,&quot;tablet&quot;],&quot;sticky_offset&quot;:20,&quot;sticky_effects_offset&quot;:0,&quot;sticky_anchor_link_offset&quot;:0}\" data-widget_type=\"eael-simple-menu.default\">\n\t\t\t\t<div class=\"elementor-widget-container\">\n\t\t\t\t\t<style>\n                        @media screen and (max-width: 1024px) {\n                            .eael-hamburger--tablet {\n                                .eael-simple-menu-horizontal,\n                                .eael-simple-menu-vertical {\n                                    display: none;\n                                }\n                            }\n                            .eael-hamburger--tablet {\n                                .eael-simple-menu-container .eael-simple-menu-toggle {\n                                    display: block;\n                                }\n                            }\n                        }\n                    <\/style>            <div data-hamburger-icon=\"&lt;i aria-hidden=&quot;true&quot; class=&quot;fas fa-bars&quot;&gt;&lt;\/i&gt;\" data-indicator-icon=\"&lt;i aria-hidden=&quot;true&quot; class=&quot;fas fa-angle-down&quot;&gt;&lt;\/i&gt;\" data-dropdown-indicator-icon=\"&lt;i class=&quot;fas fa-angle-down&quot;&gt;&lt;\/i&gt;\" class=\"eael-simple-menu-container eael-simple-menu-align-left eael-simple-menu-dropdown-align-left preset-1\" data-hamburger-breakpoints=\"{&quot;mobile&quot;:&quot;M\\u00f3vil vertical (&gt; 767px)&quot;,&quot;tablet&quot;:&quot;Tableta vertical (&gt; 1024px)&quot;,&quot;desktop&quot;:&quot;Escritorio (&gt; 2400px)&quot;,&quot;none&quot;:&quot;Ninguno&quot;}\" data-hamburger-device=\"tablet\">\n                <ul id=\"menu-ceremonias\" class=\"eael-simple-menu eael-simple-menu-dropdown-animate-to-top eael-simple-menu-indicator eael-simple-menu-vertical\"><li id=\"menu-item-1647\" class=\"menu-item menu-item-type-post_type menu-item-object-page menu-item-1647\"><a href=\"https:\/\/sachaqente.com\/fr\/ceremonies-d-ayahuasca\/\" class=\"menu-link\">C\u00e9r\u00e9monies d\u2019Ayahuasca<\/a><\/li>\n<li id=\"menu-item-1693\" class=\"menu-item menu-item-type-post_type menu-item-object-page menu-item-1693\"><a href=\"https:\/\/sachaqente.com\/fr\/ceremonies-d-ayahuasca\/ceremonies-de-medecine-traditionnelle-andino-amazonienne-mtaaz\/\" class=\"menu-link\">C\u00e9r\u00e9monies de M\u00e9decine Traditionnelle<\/a><\/li>\n<li id=\"menu-item-1712\" class=\"menu-item menu-item-type-post_type menu-item-object-page menu-item-1712\"><a href=\"https:\/\/sachaqente.com\/fr\/ceremonies-d-ayahuasca\/conditions-ceremonies\/\" class=\"menu-link\">Conditions<\/a><\/li>\n<\/ul>                <button class=\"eael-simple-menu-toggle\">\n                    <span class=\"sr-only \">Men\u00fa conmutador hamburguesa<\/span>\n                    <i aria-hidden=\"true\" class=\"fas fa-bars\"><\/i>                <\/button>\n            <\/div>\n            \t\t\t\t<\/div>\n\t\t\t\t<\/div>\n\t\t\t\t\t<\/div>\n\t\t<\/div>\n\t\t\t\t<div class=\"elementor-column elementor-col-50 elementor-top-column elementor-element elementor-element-7b70e49\" data-id=\"7b70e49\" data-element_type=\"column\" data-e-type=\"column\">\n\t\t\t<div class=\"elementor-widget-wrap elementor-element-populated\">\n\t\t\t\t\t\t<div class=\"elementor-element elementor-element-43b3da31 elementor-widget elementor-widget-image\" data-id=\"43b3da31\" data-element_type=\"widget\" data-e-type=\"widget\" data-widget_type=\"image.default\">\n\t\t\t\t<div class=\"elementor-widget-container\">\n\t\t\t\t\t\t\t\t\t\t\t\t\t\t\t<img fetchpriority=\"high\" decoding=\"async\" width=\"1024\" height=\"621\" src=\"https:\/\/sachaqente.com\/fr\/wp-content\/uploads\/2020\/06\/pexels-photo-1494586-1024x621.jpeg\" class=\"attachment-large size-large wp-image-201\" alt=\"\" srcset=\"https:\/\/sachaqente.com\/fr\/wp-content\/uploads\/2020\/06\/pexels-photo-1494586-1024x621.jpeg 1024w, https:\/\/sachaqente.com\/fr\/wp-content\/uploads\/2020\/06\/pexels-photo-1494586-300x182.jpeg 300w, https:\/\/sachaqente.com\/fr\/wp-content\/uploads\/2020\/06\/pexels-photo-1494586-768x466.jpeg 768w, https:\/\/sachaqente.com\/fr\/wp-content\/uploads\/2020\/06\/pexels-photo-1494586.jpeg 1500w\" sizes=\"(max-width: 1024px) 100vw, 1024px\" \/>\t\t\t\t\t\t\t\t\t\t\t\t\t\t\t<\/div>\n\t\t\t\t<\/div>\n\t\t\t\t<div class=\"elementor-element elementor-element-238c9545 elementor-widget elementor-widget-heading\" data-id=\"238c9545\" data-element_type=\"widget\" data-e-type=\"widget\" id=\"titulo\" data-widget_type=\"heading.default\">\n\t\t\t\t<div class=\"elementor-widget-container\">\n\t\t\t\t\t<h2 class=\"elementor-heading-title elementor-size-default\">Conditions<\/h2>\t\t\t\t<\/div>\n\t\t\t\t<\/div>\n\t\t\t\t<div class=\"elementor-element elementor-element-711aee6 elementor-widget-divider--view-line elementor-widget elementor-widget-divider\" data-id=\"711aee6\" data-element_type=\"widget\" data-e-type=\"widget\" data-widget_type=\"divider.default\">\n\t\t\t\t<div class=\"elementor-widget-container\">\n\t\t\t\t\t\t\t<div class=\"elementor-divider\">\n\t\t\t<span class=\"elementor-divider-separator\">\n\t\t\t\t\t\t<\/span>\n\t\t<\/div>\n\t\t\t\t\t\t<\/div>\n\t\t\t\t<\/div>\n\t\t\t\t<div class=\"elementor-element elementor-element-2d23c60 elementor-widget elementor-widget-heading\" data-id=\"2d23c60\" data-element_type=\"widget\" data-e-type=\"widget\" id=\"titulo\" data-widget_type=\"heading.default\">\n\t\t\t\t<div class=\"elementor-widget-container\">\n\t\t\t\t\t<h2 class=\"elementor-heading-title elementor-size-default\">Avant la c\u00e9r\u00e9monie<\/h2>\t\t\t\t<\/div>\n\t\t\t\t<\/div>\n\t\t\t\t<div class=\"elementor-element elementor-element-723dc419 elementor-widget elementor-widget-text-editor\" data-id=\"723dc419\" data-element_type=\"widget\" data-e-type=\"widget\" id=\"parrafo\" data-widget_type=\"text-editor.default\">\n\t\t\t\t<div class=\"elementor-widget-container\">\n\t\t\t\t\t\t\t\t\t<p>Pour tirer meilleur profit du travail avec les plantes, il est recommand\u00e9 de pr\u00e9parer son corps, de pr\u00e9f\u00e9rence au moins une semaine avant de venir, en suivant une vie la plus naturelle possible et en \u00e9vitant les aliments inad\u00e9quats et les toxines.<\/p><p>Il convient \u00e9galement de continuer cette di\u00e8te au moins une semaine apr\u00e8s, pour prolonger l\u2019effet th\u00e9rapeutique.<\/p><p>\u00a0<\/p>\t\t\t\t\t\t\t\t<\/div>\n\t\t\t\t<\/div>\n\t\t\t\t<div class=\"elementor-element elementor-element-5f3f51f elementor-widget elementor-widget-heading\" data-id=\"5f3f51f\" data-element_type=\"widget\" data-e-type=\"widget\" id=\"titulo\" data-widget_type=\"heading.default\">\n\t\t\t\t<div class=\"elementor-widget-container\">\n\t\t\t\t\t<h2 class=\"elementor-heading-title elementor-size-default\">Il convient d\u2019\u00e9viter<\/h2>\t\t\t\t<\/div>\n\t\t\t\t<\/div>\n\t\t\t\t<div class=\"elementor-element elementor-element-4b9925b elementor-widget elementor-widget-text-editor\" data-id=\"4b9925b\" data-element_type=\"widget\" data-e-type=\"widget\" id=\"parrafo\" data-widget_type=\"text-editor.default\">\n\t\t\t\t<div class=\"elementor-widget-container\">\n\t\t\t\t\t\t\t\t\t<p>Les aliments qui ne doivent pas \u00eatre consomm\u00e9s :<br \/>Aliments gras et lourds \u00e0 dig\u00e9rer, le sel et le sucre, la viande de porc et les viandes rouges en g\u00e9n\u00e9ral, les fruits de mer, les conserves, les fritures, l\u2019alcool, le caf\u00e9 et les sodas, les piments et les \u00e9pices, les salaisons, les aliments pas frais, marin\u00e9s, fum\u00e9s, les olives, la sauce soja, le teriyaki, le miso, les charcuteries (saucisses, boudins) les fromages affin\u00e9s, les yaourts proches de la date de p\u00e9remption, le millepertuis, le ginseng, la rhodiola rosea, le mat\u00e9, etc.<br \/>Les produits d\u2019utilisation quotidienne: les produits chimiques en g\u00e9n\u00e9ral, drogues, parfums, vernis \u00e0 ongle, produits de maquillage, etc.<\/p>\t\t\t\t\t\t\t\t<\/div>\n\t\t\t\t<\/div>\n\t\t\t\t<div class=\"elementor-element elementor-element-d128f5b elementor-widget elementor-widget-heading\" data-id=\"d128f5b\" data-element_type=\"widget\" data-e-type=\"widget\" data-widget_type=\"heading.default\">\n\t\t\t\t<div class=\"elementor-widget-container\">\n\t\t\t\t\t<h2 class=\"elementor-heading-title elementor-size-default\">Il est recommand\u00e9<\/h2>\t\t\t\t<\/div>\n\t\t\t\t<\/div>\n\t\t\t\t<div class=\"elementor-element elementor-element-c07ab11 elementor-widget elementor-widget-text-editor\" data-id=\"c07ab11\" data-element_type=\"widget\" data-e-type=\"widget\" id=\"parrafo\" data-widget_type=\"text-editor.default\">\n\t\t\t\t<div class=\"elementor-widget-container\">\n\t\t\t\t\t\t\t\t\t<p>De boire beaucoup de jus de fruits frais, de l\u2019eau et des tisanes, de manger du poisson, du poulet et beaucoup de fruits et l\u00e9gumes.<\/p>\t\t\t\t\t\t\t\t<\/div>\n\t\t\t\t<\/div>\n\t\t\t\t<div class=\"elementor-element elementor-element-17e9a59 elementor-widget elementor-widget-heading\" data-id=\"17e9a59\" data-element_type=\"widget\" data-e-type=\"widget\" id=\"titulo\" data-widget_type=\"heading.default\">\n\t\t\t\t<div class=\"elementor-widget-container\">\n\t\t\t\t\t<h2 class=\"elementor-heading-title elementor-size-default\">Au moins deux semaines avant et apr\u00e8s, cesser de consommer<\/h2>\t\t\t\t<\/div>\n\t\t\t\t<\/div>\n\t\t\t\t<div class=\"elementor-element elementor-element-2a69f27 elementor-widget elementor-widget-text-editor\" data-id=\"2a69f27\" data-element_type=\"widget\" data-e-type=\"widget\" id=\"parrafo\" data-widget_type=\"text-editor.default\">\n\t\t\t\t<div class=\"elementor-widget-container\">\n\t\t\t\t\t\t\t\t\t<p>Tout type de drogue r\u00e9cr\u00e9ative, les m\u00e9dicaments psychoactifs, surtout ceux contre la d\u00e9pression, les stimulants pour l\u2019anxi\u00e9t\u00e9, tout m\u00e9dicament contenant des opiac\u00e9s dans leur composition : sirop pour la toux, analg\u00e9siques, m\u00e9dicaments pour l\u2019hypertension, les vasodilatateurs et les barbituriques, les m\u00e9dicaments pour l\u2019asthme, la bronchite et les probl\u00e8mes respiratoires.<\/p>\t\t\t\t\t\t\t\t<\/div>\n\t\t\t\t<\/div>\n\t\t\t\t<div class=\"elementor-element elementor-element-da35f7b elementor-widget elementor-widget-heading\" data-id=\"da35f7b\" data-element_type=\"widget\" data-e-type=\"widget\" id=\"titulo\" data-widget_type=\"heading.default\">\n\t\t\t\t<div class=\"elementor-widget-container\">\n\t\t\t\t\t<h2 class=\"elementor-heading-title elementor-size-default\">Au moins 24 heures avant de commencer le programme, \u00e9viter<\/h2>\t\t\t\t<\/div>\n\t\t\t\t<\/div>\n\t\t\t\t<div class=\"elementor-element elementor-element-f517845 elementor-widget elementor-widget-text-editor\" data-id=\"f517845\" data-element_type=\"widget\" data-e-type=\"widget\" id=\"parrafo\" data-widget_type=\"text-editor.default\">\n\t\t\t\t<div class=\"elementor-widget-container\">\n\t\t\t\t\t\t\t\t\t<p><em>Tous les aliments mentionn\u00e9s ci-dessus, les relations sexuelles et les situations de conflit, l\u2019alcool et les m\u00e9dicaments de la liste ci-dessous.<\/em><\/p>\t\t\t\t\t\t\t\t<\/div>\n\t\t\t\t<\/div>\n\t\t\t\t<div class=\"elementor-element elementor-element-609325f elementor-widget elementor-widget-heading\" data-id=\"609325f\" data-element_type=\"widget\" data-e-type=\"widget\" id=\"titulo\" data-widget_type=\"heading.default\">\n\t\t\t\t<div class=\"elementor-widget-container\">\n\t\t\t\t\t<h2 class=\"elementor-heading-title elementor-size-default\">Important<\/h2>\t\t\t\t<\/div>\n\t\t\t\t<\/div>\n\t\t\t\t<div class=\"elementor-element elementor-element-e7434c7 elementor-widget elementor-widget-text-editor\" data-id=\"e7434c7\" data-element_type=\"widget\" data-e-type=\"widget\" id=\"parrafo\" data-widget_type=\"text-editor.default\">\n\t\t\t\t<div class=\"elementor-widget-container\">\n\t\t\t\t\t\t\t\t\t<p>M\u00e9dicaments absolument contre indiqu\u00e9s qui n\u00e9cessitent plus de temps pour \u00eatre \u00e9limin\u00e9s:<\/p><p>La Fluox\u00e9tine (Prozac et analogues) demande au moins 6 semaines d\u2019abstinence pour la prise d\u2019ayahuasca et le sevrage doit se faire de mani\u00e8re progressive.<\/p><p>Le Paxil, le Wellbutrine(Bupropion), l\u2019Effexor (venlafaxine), le Zoloft (sertraline) et les autres produits inhibiteurs de la s\u00e9rotonine demandent 5 semaines d\u2019abstinence et doivent \u00eatre r\u00e9duits de mani\u00e8re progressive.<\/p><p>Les personnes en traitement psychiatrique doivent nous en informer avant de venir. Si elles prennent un traitement, elles doivent consulter leur psychiatre sur le bien-fond\u00e9 d\u2019abandonner ce traitement pendant un laps de temps, et sur les modalit\u00e9s pour le faire.<\/p><p>D\u2019une mani\u00e8re g\u00e9n\u00e9rale, nous vous demandons de toujours nous informer du type de m\u00e9dicament que vous prenez avant de venir.<\/p>\t\t\t\t\t\t\t\t<\/div>\n\t\t\t\t<\/div>\n\t\t\t\t<div class=\"elementor-element elementor-element-88f70c8 elementor-widget elementor-widget-heading\" data-id=\"88f70c8\" data-element_type=\"widget\" data-e-type=\"widget\" id=\"titulo\" data-widget_type=\"heading.default\">\n\t\t\t\t<div class=\"elementor-widget-container\">\n\t\t\t\t\t<h2 class=\"elementor-heading-title elementor-size-default\">48 heures avant et apr\u00e8s, \u00e9viter :<\/h2>\t\t\t\t<\/div>\n\t\t\t\t<\/div>\n\t\t\t\t<div class=\"elementor-element elementor-element-16d11c9 elementor-widget elementor-widget-text-editor\" data-id=\"16d11c9\" data-element_type=\"widget\" data-e-type=\"widget\" id=\"parrafo\" data-widget_type=\"text-editor.default\">\n\t\t\t\t<div class=\"elementor-widget-container\">\n\t\t\t\t\t\t\t\t\t<p>Les antihistaminiques.<\/p>\t\t\t\t\t\t\t\t<\/div>\n\t\t\t\t<\/div>\n\t\t\t\t<div class=\"elementor-element elementor-element-5b8b3f0 elementor-widget elementor-widget-heading\" data-id=\"5b8b3f0\" data-element_type=\"widget\" data-e-type=\"widget\" id=\"titulo\" data-widget_type=\"heading.default\">\n\t\t\t\t<div class=\"elementor-widget-container\">\n\t\t\t\t\t<h2 class=\"elementor-heading-title elementor-size-default\">Admission et co\u00fbt<\/h2>\t\t\t\t<\/div>\n\t\t\t\t<\/div>\n\t\t\t\t<div class=\"elementor-element elementor-element-34bc780 elementor-widget elementor-widget-text-editor\" data-id=\"34bc780\" data-element_type=\"widget\" data-e-type=\"widget\" id=\"parrafo\" data-widget_type=\"text-editor.default\">\n\t\t\t\t<div class=\"elementor-widget-container\">\n\t\t\t\t\t\t\t\t\t<p>Pour recevoir l\u2019information des prochaines dates de di\u00e8tes et les co\u00fbts, \u00e9crire \u00e0: sachaqente@gmail.com<\/p>\t\t\t\t\t\t\t\t<\/div>\n\t\t\t\t<\/div>\n\t\t\t\t<div class=\"elementor-element elementor-element-add89d9 elementor-widget elementor-widget-heading\" data-id=\"add89d9\" data-element_type=\"widget\" data-e-type=\"widget\" data-widget_type=\"heading.default\">\n\t\t\t\t<div class=\"elementor-widget-container\">\n\t\t\t\t\t<h2 class=\"elementor-heading-title elementor-size-default\">Code \u00e9thique<\/h2>\t\t\t\t<\/div>\n\t\t\t\t<\/div>\n\t\t\t\t<div class=\"elementor-element elementor-element-9fe3b3a elementor-widget elementor-widget-text-editor\" data-id=\"9fe3b3a\" data-element_type=\"widget\" data-e-type=\"widget\" id=\"parrafo\" data-widget_type=\"text-editor.default\">\n\t\t\t\t<div class=\"elementor-widget-container\">\n\t\t\t\t\t\t\t\t\t<p>Dans nos c\u00e9r\u00e9monies, di\u00e8tes, retraites et traitements, nous nous engageons \u00e0 respecter notre Code \u00e9thique (voir Code \u00e9thique).<\/p>\t\t\t\t\t\t\t\t<\/div>\n\t\t\t\t<\/div>\n\t\t\t\t\t<\/div>\n\t\t<\/div>\n\t\t\t\t\t<\/div>\n\t\t<\/section>\n\t\t\t\t<section class=\"elementor-section elementor-top-section elementor-element elementor-element-4e595918 elementor-section-boxed elementor-section-height-default elementor-section-height-default\" data-id=\"4e595918\" data-element_type=\"section\" data-e-type=\"section\" data-settings=\"{&quot;background_background&quot;:&quot;classic&quot;}\">\n\t\t\t\t\t\t<div class=\"elementor-container elementor-column-gap-default\">\n\t\t\t\t\t<div class=\"elementor-column elementor-col-100 elementor-top-column elementor-element elementor-element-51206332\" data-id=\"51206332\" data-element_type=\"column\" data-e-type=\"column\">\n\t\t\t<div class=\"elementor-widget-wrap elementor-element-populated\">\n\t\t\t\t\t\t<div class=\"elementor-element elementor-element-2d004f44 elementor-cta--skin-classic elementor-animated-content elementor-widget elementor-widget-call-to-action\" data-id=\"2d004f44\" data-element_type=\"widget\" data-e-type=\"widget\" data-widget_type=\"call-to-action.default\">\n\t\t\t\t<div class=\"elementor-widget-container\">\n\t\t\t\t\t\t\t<div class=\"elementor-cta\">\n\t\t\t\t\t\t\t<div class=\"elementor-cta__content\">\n\t\t\t\t\n\t\t\t\t\t\t\t\t\t<h2 class=\"elementor-cta__title elementor-cta__content-item elementor-content-item\">\n\t\t\t\t\t\tVoulez-vous que nous vous aidons \u00e0 savoir autre chose?\t\t\t\t\t<\/h2>\n\t\t\t\t\n\t\t\t\t\n\t\t\t\t\t\t\t\t\t<div class=\"elementor-cta__button-wrapper elementor-cta__content-item elementor-content-item \">\n\t\t\t\t\t<a class=\"elementor-cta__button elementor-button elementor-size-lg\" href=\"https:\/\/sachaqente.com\/fr\/consultations\/\">\n\t\t\t\t\t\t\u00c9CRIVEZ-NOUS\t\t\t\t\t<\/a>\n\t\t\t\t\t<\/div>\n\t\t\t\t\t\t\t<\/div>\n\t\t\t\t\t\t<\/div>\n\t\t\t\t\t\t<\/div>\n\t\t\t\t<\/div>\n\t\t\t\t\t<\/div>\n\t\t<\/div>\n\t\t\t\t\t<\/div>\n\t\t<\/section>\n\t\t\t\t<\/div>\n\t\t","protected":false},"excerpt":{"rendered":"<p>C\u00e9r\u00e9monies d\u2019Ayahuasca C\u00e9r\u00e9monies de M\u00e9decine Traditionnelle Conditions Conditions Avant la c\u00e9r\u00e9monie Pour tirer meilleur profit du travail avec les plantes, il est recommand\u00e9 de pr\u00e9parer son corps, de pr\u00e9f\u00e9rence au moins une semaine avant de venir, en suivant une vie la plus naturelle possible et en \u00e9vitant les aliments inad\u00e9quats et les toxines. Il convient &hellip;<\/p>\n<p class=\"read-more\"> <a class=\"\" href=\"https:\/\/sachaqente.com\/fr\/ceremonies-d-ayahuasca\/conditions-ceremonies\/\"> <span class=\"screen-reader-text\">Conditions<\/span> Leer m\u00e1s &raquo;<\/a><\/p>\n","protected":false},"author":1,"featured_media":0,"parent":1643,"menu_order":0,"comment_status":"closed","ping_status":"closed","template":"","meta":{"site-sidebar-layout":"no-sidebar","site-content-layout":"page-builder","ast-main-header-display":"","ast-hfb-above-header-display":"","ast-hfb-below-header-display":"","ast-hfb-mobile-header-display":"","site-post-title":"disabled","ast-breadcrumbs-content":"","ast-featured-img":"disabled","footer-sml-layout":"","theme-transparent-header-meta":"default","adv-header-id-meta":"","stick-header-meta":"","header-above-stick-meta":"","header-main-stick-meta":"","header-below-stick-meta":"","footnotes":""},"class_list":["post-1710","page","type-page","status-publish","hentry"],"_links":{"self":[{"href":"https:\/\/sachaqente.com\/fr\/wp-json\/wp\/v2\/pages\/1710","targetHints":{"allow":["GET"]}}],"collection":[{"href":"https:\/\/sachaqente.com\/fr\/wp-json\/wp\/v2\/pages"}],"about":[{"href":"https:\/\/sachaqente.com\/fr\/wp-json\/wp\/v2\/types\/page"}],"author":[{"embeddable":true,"href":"https:\/\/sachaqente.com\/fr\/wp-json\/wp\/v2\/users\/1"}],"replies":[{"embeddable":true,"href":"https:\/\/sachaqente.com\/fr\/wp-json\/wp\/v2\/comments?post=1710"}],"version-history":[{"count":45,"href":"https:\/\/sachaqente.com\/fr\/wp-json\/wp\/v2\/pages\/1710\/revisions"}],"predecessor-version":[{"id":2729,"href":"https:\/\/sachaqente.com\/fr\/wp-json\/wp\/v2\/pages\/1710\/revisions\/2729"}],"up":[{"embeddable":true,"href":"https:\/\/sachaqente.com\/fr\/wp-json\/wp\/v2\/pages\/1643"}],"wp:attachment":[{"href":"https:\/\/sachaqente.com\/fr\/wp-json\/wp\/v2\/media?parent=1710"}],"curies":[{"name":"wp","href":"https:\/\/api.w.org\/{rel}","templated":true}]}}