{"id":1691,"date":"2021-10-24T19:31:32","date_gmt":"2021-10-24T19:31:32","guid":{"rendered":"http:\/\/sachaqente.com\/fr\/?page_id=1691"},"modified":"2022-03-26T22:04:19","modified_gmt":"2022-03-26T22:04:19","slug":"ceremonies-de-medecine-traditionnelle-andino-amazonienne-mtaaz","status":"publish","type":"page","link":"https:\/\/sachaqente.com\/fr\/ceremonies-d-ayahuasca\/ceremonies-de-medecine-traditionnelle-andino-amazonienne-mtaaz\/","title":{"rendered":"C\u00e9r\u00e9monies de M\u00e9decine Traditionnelle Andino-Amazonienne (Mtaaz)"},"content":{"rendered":"\t\t<div data-elementor-type=\"wp-page\" data-elementor-id=\"1691\" class=\"elementor elementor-1691\" data-elementor-post-type=\"page\">\n\t\t\t\t\t\t<section class=\"elementor-section elementor-top-section elementor-element elementor-element-66511caa elementor-section-boxed elementor-section-height-default elementor-section-height-default\" data-id=\"66511caa\" data-element_type=\"section\" data-e-type=\"section\">\n\t\t\t\t\t\t<div class=\"elementor-container elementor-column-gap-default\">\n\t\t\t\t\t<div class=\"elementor-column elementor-col-50 elementor-top-column elementor-element elementor-element-36e8bfb0\" data-id=\"36e8bfb0\" data-element_type=\"column\" data-e-type=\"column\">\n\t\t\t<div class=\"elementor-widget-wrap elementor-element-populated\">\n\t\t\t\t\t\t<div class=\"elementor-element elementor-element-731f3915 eael_simple_menu_hamburger_disable_selected_menu_no eael-simple-menu-hamburger-align-right eael-hamburger--tablet elementor-widget elementor-widget-eael-simple-menu\" data-id=\"731f3915\" data-element_type=\"widget\" data-e-type=\"widget\" data-settings=\"{&quot;sticky&quot;:&quot;top&quot;,&quot;sticky_on&quot;:[&quot;desktop&quot;,&quot;tablet&quot;],&quot;sticky_offset&quot;:20,&quot;sticky_effects_offset&quot;:0,&quot;sticky_anchor_link_offset&quot;:0}\" data-widget_type=\"eael-simple-menu.default\">\n\t\t\t\t<div class=\"elementor-widget-container\">\n\t\t\t\t\t<style>\n                        @media screen and (max-width: 1024px) {\n                            .eael-hamburger--tablet {\n                                .eael-simple-menu-horizontal,\n                                .eael-simple-menu-vertical {\n                                    display: none;\n                                }\n                            }\n                            .eael-hamburger--tablet {\n                                .eael-simple-menu-container .eael-simple-menu-toggle {\n                                    display: block;\n                                }\n                            }\n                        }\n                    <\/style>            <div data-hamburger-icon=\"&lt;i aria-hidden=&quot;true&quot; class=&quot;fas fa-bars&quot;&gt;&lt;\/i&gt;\" data-indicator-icon=\"&lt;i aria-hidden=&quot;true&quot; class=&quot;fas fa-angle-down&quot;&gt;&lt;\/i&gt;\" data-dropdown-indicator-icon=\"&lt;i class=&quot;fas fa-angle-down&quot;&gt;&lt;\/i&gt;\" class=\"eael-simple-menu-container eael-simple-menu-align-left eael-simple-menu-dropdown-align-left preset-1\" data-hamburger-breakpoints=\"{&quot;mobile&quot;:&quot;M\\u00f3vil vertical (&gt; 767px)&quot;,&quot;tablet&quot;:&quot;Tableta vertical (&gt; 1024px)&quot;,&quot;desktop&quot;:&quot;Escritorio (&gt; 2400px)&quot;,&quot;none&quot;:&quot;Ninguno&quot;}\" data-hamburger-device=\"tablet\">\n                <ul id=\"menu-ceremonias\" class=\"eael-simple-menu eael-simple-menu-dropdown-animate-to-top eael-simple-menu-indicator eael-simple-menu-vertical\"><li id=\"menu-item-1647\" class=\"menu-item menu-item-type-post_type menu-item-object-page menu-item-1647\"><a href=\"https:\/\/sachaqente.com\/fr\/ceremonies-d-ayahuasca\/\" class=\"menu-link\">C\u00e9r\u00e9monies d\u2019Ayahuasca<\/a><\/li>\n<li id=\"menu-item-1693\" class=\"menu-item menu-item-type-post_type menu-item-object-page menu-item-1693\"><a href=\"https:\/\/sachaqente.com\/fr\/ceremonies-d-ayahuasca\/ceremonies-de-medecine-traditionnelle-andino-amazonienne-mtaaz\/\" class=\"menu-link\">C\u00e9r\u00e9monies de M\u00e9decine Traditionnelle<\/a><\/li>\n<li id=\"menu-item-1712\" class=\"menu-item menu-item-type-post_type menu-item-object-page menu-item-1712\"><a href=\"https:\/\/sachaqente.com\/fr\/ceremonies-d-ayahuasca\/conditions-ceremonies\/\" class=\"menu-link\">Conditions<\/a><\/li>\n<\/ul>                <button class=\"eael-simple-menu-toggle\">\n                    <span class=\"sr-only \">Men\u00fa conmutador hamburguesa<\/span>\n                    <i aria-hidden=\"true\" class=\"fas fa-bars\"><\/i>                <\/button>\n            <\/div>\n            \t\t\t\t<\/div>\n\t\t\t\t<\/div>\n\t\t\t\t\t<\/div>\n\t\t<\/div>\n\t\t\t\t<div class=\"elementor-column elementor-col-50 elementor-top-column elementor-element elementor-element-5a0ed041\" data-id=\"5a0ed041\" data-element_type=\"column\" data-e-type=\"column\">\n\t\t\t<div class=\"elementor-widget-wrap elementor-element-populated\">\n\t\t\t\t\t\t<div class=\"elementor-element elementor-element-cab6c68 elementor-widget elementor-widget-video\" data-id=\"cab6c68\" data-element_type=\"widget\" data-e-type=\"widget\" data-settings=\"{&quot;youtube_url&quot;:&quot;https:\\\/\\\/www.youtube.com\\\/watch?v=o5-QwtOAN8g&quot;,&quot;video_type&quot;:&quot;youtube&quot;,&quot;controls&quot;:&quot;yes&quot;}\" data-widget_type=\"video.default\">\n\t\t\t\t<div class=\"elementor-widget-container\">\n\t\t\t\t\t\t\t<div class=\"elementor-wrapper elementor-open-inline\">\n\t\t\t<div class=\"elementor-video\"><\/div>\t\t<\/div>\n\t\t\t\t\t\t<\/div>\n\t\t\t\t<\/div>\n\t\t\t\t<div class=\"elementor-element elementor-element-1d92a4f3 elementor-widget elementor-widget-heading\" data-id=\"1d92a4f3\" data-element_type=\"widget\" data-e-type=\"widget\" id=\"titulo\" data-widget_type=\"heading.default\">\n\t\t\t\t<div class=\"elementor-widget-container\">\n\t\t\t\t\t<h2 class=\"elementor-heading-title elementor-size-default\">C\u00e9r\u00e9monies De M\u00e9decine Traditionnelle Andino-Amazonienne (MTAAZ)<\/h2>\t\t\t\t<\/div>\n\t\t\t\t<\/div>\n\t\t\t\t<div class=\"elementor-element elementor-element-5552287 elementor-widget-divider--view-line elementor-widget elementor-widget-divider\" data-id=\"5552287\" data-element_type=\"widget\" data-e-type=\"widget\" data-widget_type=\"divider.default\">\n\t\t\t\t<div class=\"elementor-widget-container\">\n\t\t\t\t\t\t\t<div class=\"elementor-divider\">\n\t\t\t<span class=\"elementor-divider-separator\">\n\t\t\t\t\t\t<\/span>\n\t\t<\/div>\n\t\t\t\t\t\t<\/div>\n\t\t\t\t<\/div>\n\t\t\t\t<div class=\"elementor-element elementor-element-76fa99d elementor-widget elementor-widget-text-editor\" data-id=\"76fa99d\" data-element_type=\"widget\" data-e-type=\"widget\" id=\"parrafo\" data-widget_type=\"text-editor.default\">\n\t\t\t\t<div class=\"elementor-widget-container\">\n\t\t\t\t\t\t\t\t\t<p><strong>Ce qu\u2019est une c\u00e9r\u00e9monie et \u00e0 quoi elle sert?<\/strong><\/p><p>La c\u00e9r\u00e9monie m\u00e9dicinale est un espace prot\u00e9g\u00e9 pendant lequel se produit une ouverture du monde int\u00e9rieur des participants, de la partie inconsciente aussi bien que de l\u2019inconscient collectif, ainsi que des aspects les plus profonds de leur spiritualit\u00e9.<\/p><p>Pendant une c\u00e9r\u00e9monie les contenus personnels internes \u00e9mergent, pas seulement comme observation passive sinon avec la possibilit\u00e9 de d\u00e9bloquer et purifier ces n\u0153uds qui influencent le processus morbide. Ainsi on permet \u00e0 la personne de se reconnecter plus facilement avec elle-m\u00eame et ses contenus d\u2019origine avec lesquels elle est n\u00e9e, obtenant ainsi un effet profond\u00e9ment restructurant. Par ailleurs, le chaman met en \u0153uvre des techniques \u00e9nerg\u00e9tiques pour accompagner les participants dans leur processus personnel au cours des diff\u00e9rentes \u00e9tapes de la c\u00e9r\u00e9monie : la premi\u00e8re \u00e9tape est la mise en place de contenus th\u00e9rapeutiques, la seconde est le nettoyage ou d\u00e9blocage, la troisi\u00e8me celle de l\u2019alignement des \u00e9nergies et la derni\u00e8re la reconnexion illuminative.<\/p><p>Les c\u00e9r\u00e9monies de M\u00e9decine Traditionnelle Andino-Amazonienne (MTAAZ) aident \u00e0 la restitution de l\u2019\u00e9cologie int\u00e9rieure de l\u2019\u00eatre humain et \u00e0 la r\u00e9cup\u00e9ration de ses \u00e9nergies spirituelles, selon la conception de cette tradition m\u00e9dicinale.<\/p><p>Pendant la c\u00e9r\u00e9monie, le monde int\u00e9rieur de chacun peut se manifester \u00e0 travers des visions, des souvenirs, des r\u00e9flexions et des intuitions qui se combinent, et qui, quelquefois, demandent une interpr\u00e9tation, facilit\u00e9e dans les entretiens post\u00e9rieurs avec le chaman.<\/p>\t\t\t\t\t\t\t\t<\/div>\n\t\t\t\t<\/div>\n\t\t\t\t<div class=\"elementor-element elementor-element-7a69c573 elementor-widget elementor-widget-heading\" data-id=\"7a69c573\" data-element_type=\"widget\" data-e-type=\"widget\" id=\"titulo\" data-widget_type=\"heading.default\">\n\t\t\t\t<div class=\"elementor-widget-container\">\n\t\t\t\t\t<h2 class=\"elementor-heading-title elementor-size-default\">Comment Se D\u00e9roule Une C\u00e9r\u00e9monie?<\/h2>\t\t\t\t<\/div>\n\t\t\t\t<\/div>\n\t\t\t\t<div class=\"elementor-element elementor-element-566b7018 elementor-widget-divider--view-line elementor-widget elementor-widget-divider\" data-id=\"566b7018\" data-element_type=\"widget\" data-e-type=\"widget\" data-widget_type=\"divider.default\">\n\t\t\t\t<div class=\"elementor-widget-container\">\n\t\t\t\t\t\t\t<div class=\"elementor-divider\">\n\t\t\t<span class=\"elementor-divider-separator\">\n\t\t\t\t\t\t<\/span>\n\t\t<\/div>\n\t\t\t\t\t\t<\/div>\n\t\t\t\t<\/div>\n\t\t\t\t<div class=\"elementor-element elementor-element-dd0458c elementor-widget elementor-widget-text-editor\" data-id=\"dd0458c\" data-element_type=\"widget\" data-e-type=\"widget\" id=\"parrafo\" data-widget_type=\"text-editor.default\">\n\t\t\t\t<div class=\"elementor-widget-container\">\n\t\t\t\t\t\t\t\t\t<p>Selon le protocole ancestral, un entretien pr\u00e9alable est fondamental pour ajuster les prescriptions m\u00e9dicinales (dose, fr\u00e9quence) aux besoins de chacun. Un autre entretien a \u00e9galement lieu apr\u00e8s la c\u00e9r\u00e9monie.<\/p><p>Des techniques d\u2019accompagnement \u00e9nerg\u00e9tique sont appliqu\u00e9es par le chaman par des Icaros (chants m\u00e9dicinaux) et d\u2019autres techniques compl\u00e9mentaires.<\/p><p>Les c\u00e9r\u00e9monies ont lieu la nuit, dans le silence et l\u2019obscurit\u00e9. Elles durent en moyenne de 4 \u00e0 6 heures.<\/p><p>Il est indispensable de se pr\u00e9parer pr\u00e9alablement, en observant les recommandations remises aux participants. Ces conditions et recommandations se trouvent plus bas.<\/p><p>Il est recommand\u00e9 de commencer par deux c\u00e9r\u00e9monies, la participation \u00e9tant meilleure de 3 \u00e0 4 prises pour les personnes qui prennent la plante pour la premi\u00e8re fois. Il n\u2019est pas recommand\u00e9 de participer \u00e0 une seule c\u00e9r\u00e9monie.<\/p>\t\t\t\t\t\t\t\t<\/div>\n\t\t\t\t<\/div>\n\t\t\t\t\t<\/div>\n\t\t<\/div>\n\t\t\t\t\t<\/div>\n\t\t<\/section>\n\t\t\t\t<section class=\"elementor-section elementor-top-section elementor-element elementor-element-180aa385 elementor-section-boxed elementor-section-height-default elementor-section-height-default\" data-id=\"180aa385\" data-element_type=\"section\" data-e-type=\"section\" data-settings=\"{&quot;background_background&quot;:&quot;classic&quot;}\">\n\t\t\t\t\t\t<div class=\"elementor-container elementor-column-gap-default\">\n\t\t\t\t\t<div class=\"elementor-column elementor-col-100 elementor-top-column elementor-element elementor-element-1b1c192f\" data-id=\"1b1c192f\" data-element_type=\"column\" data-e-type=\"column\">\n\t\t\t<div class=\"elementor-widget-wrap elementor-element-populated\">\n\t\t\t\t\t\t<div class=\"elementor-element elementor-element-732ef1df elementor-cta--skin-classic elementor-animated-content elementor-widget elementor-widget-call-to-action\" data-id=\"732ef1df\" data-element_type=\"widget\" data-e-type=\"widget\" data-widget_type=\"call-to-action.default\">\n\t\t\t\t<div class=\"elementor-widget-container\">\n\t\t\t\t\t\t\t<div class=\"elementor-cta\">\n\t\t\t\t\t\t\t<div class=\"elementor-cta__content\">\n\t\t\t\t\n\t\t\t\t\t\t\t\t\t<h2 class=\"elementor-cta__title elementor-cta__content-item elementor-content-item\">\n\t\t\t\t\t\tVoulez-vous que nous vous aidons \u00e0 savoir autre chose?\t\t\t\t\t<\/h2>\n\t\t\t\t\n\t\t\t\t\n\t\t\t\t\t\t\t\t\t<div class=\"elementor-cta__button-wrapper elementor-cta__content-item elementor-content-item \">\n\t\t\t\t\t<a class=\"elementor-cta__button elementor-button elementor-size-lg\" href=\"https:\/\/sachaqente.com\/fr\/consultations\/\">\n\t\t\t\t\t\t\u00c9CRIVEZ-NOUS\t\t\t\t\t<\/a>\n\t\t\t\t\t<\/div>\n\t\t\t\t\t\t\t<\/div>\n\t\t\t\t\t\t<\/div>\n\t\t\t\t\t\t<\/div>\n\t\t\t\t<\/div>\n\t\t\t\t\t<\/div>\n\t\t<\/div>\n\t\t\t\t\t<\/div>\n\t\t<\/section>\n\t\t\t\t<\/div>\n\t\t","protected":false},"excerpt":{"rendered":"<p>C\u00e9r\u00e9monies d\u2019Ayahuasca C\u00e9r\u00e9monies de M\u00e9decine Traditionnelle Condiciones C\u00e9r\u00e9monies De M\u00e9decine Traditionnelle Andino-Amazonienne (MTAAZ) Ce qu\u2019est une c\u00e9r\u00e9monie et \u00e0 quoi elle sert? La c\u00e9r\u00e9monie m\u00e9dicinale est un espace prot\u00e9g\u00e9 pendant lequel se produit une ouverture du monde int\u00e9rieur des participants, de la partie inconsciente aussi bien que de l\u2019inconscient collectif, ainsi que des aspects les &hellip;<\/p>\n<p class=\"read-more\"> <a class=\"\" href=\"https:\/\/sachaqente.com\/fr\/ceremonies-d-ayahuasca\/ceremonies-de-medecine-traditionnelle-andino-amazonienne-mtaaz\/\"> <span class=\"screen-reader-text\">C\u00e9r\u00e9monies de M\u00e9decine Traditionnelle Andino-Amazonienne (Mtaaz)<\/span> Leer m\u00e1s &raquo;<\/a><\/p>\n","protected":false},"author":1,"featured_media":0,"parent":1643,"menu_order":0,"comment_status":"closed","ping_status":"closed","template":"","meta":{"site-sidebar-layout":"no-sidebar","site-content-layout":"page-builder","ast-main-header-display":"","ast-hfb-above-header-display":"","ast-hfb-below-header-display":"","ast-hfb-mobile-header-display":"","site-post-title":"disabled","ast-breadcrumbs-content":"","ast-featured-img":"disabled","footer-sml-layout":"disabled","theme-transparent-header-meta":"default","adv-header-id-meta":"","stick-header-meta":"","header-above-stick-meta":"","header-main-stick-meta":"","header-below-stick-meta":"","footnotes":""},"class_list":["post-1691","page","type-page","status-publish","hentry"],"_links":{"self":[{"href":"https:\/\/sachaqente.com\/fr\/wp-json\/wp\/v2\/pages\/1691","targetHints":{"allow":["GET"]}}],"collection":[{"href":"https:\/\/sachaqente.com\/fr\/wp-json\/wp\/v2\/pages"}],"about":[{"href":"https:\/\/sachaqente.com\/fr\/wp-json\/wp\/v2\/types\/page"}],"author":[{"embeddable":true,"href":"https:\/\/sachaqente.com\/fr\/wp-json\/wp\/v2\/users\/1"}],"replies":[{"embeddable":true,"href":"https:\/\/sachaqente.com\/fr\/wp-json\/wp\/v2\/comments?post=1691"}],"version-history":[{"count":36,"href":"https:\/\/sachaqente.com\/fr\/wp-json\/wp\/v2\/pages\/1691\/revisions"}],"predecessor-version":[{"id":2712,"href":"https:\/\/sachaqente.com\/fr\/wp-json\/wp\/v2\/pages\/1691\/revisions\/2712"}],"up":[{"embeddable":true,"href":"https:\/\/sachaqente.com\/fr\/wp-json\/wp\/v2\/pages\/1643"}],"wp:attachment":[{"href":"https:\/\/sachaqente.com\/fr\/wp-json\/wp\/v2\/media?parent=1691"}],"curies":[{"name":"wp","href":"https:\/\/api.w.org\/{rel}","templated":true}]}}