{"id":1643,"date":"2021-10-24T18:48:24","date_gmt":"2021-10-24T18:48:24","guid":{"rendered":"http:\/\/sachaqente.com\/fr\/?page_id=1643"},"modified":"2022-03-26T21:51:09","modified_gmt":"2022-03-26T21:51:09","slug":"ceremonies-d-ayahuasca","status":"publish","type":"page","link":"https:\/\/sachaqente.com\/fr\/ceremonies-d-ayahuasca\/","title":{"rendered":"C\u00e9r\u00e9monies d&#8217;Ayahuasca"},"content":{"rendered":"\t\t<div data-elementor-type=\"wp-page\" data-elementor-id=\"1643\" class=\"elementor elementor-1643\" data-elementor-post-type=\"page\">\n\t\t\t\t\t\t<section class=\"elementor-section elementor-top-section elementor-element elementor-element-33e84fe5 elementor-section-boxed elementor-section-height-default elementor-section-height-default\" data-id=\"33e84fe5\" data-element_type=\"section\" data-e-type=\"section\">\n\t\t\t\t\t\t<div class=\"elementor-container elementor-column-gap-default\">\n\t\t\t\t\t<div class=\"elementor-column elementor-col-50 elementor-top-column elementor-element elementor-element-7bf02fca\" data-id=\"7bf02fca\" data-element_type=\"column\" data-e-type=\"column\">\n\t\t\t<div class=\"elementor-widget-wrap elementor-element-populated\">\n\t\t\t\t\t\t<div class=\"elementor-element elementor-element-2245fcac eael_simple_menu_hamburger_disable_selected_menu_no eael-simple-menu-hamburger-align-right eael-hamburger--tablet elementor-widget elementor-widget-eael-simple-menu\" data-id=\"2245fcac\" data-element_type=\"widget\" data-e-type=\"widget\" data-settings=\"{&quot;sticky&quot;:&quot;top&quot;,&quot;sticky_on&quot;:[&quot;desktop&quot;,&quot;tablet&quot;],&quot;sticky_offset&quot;:20,&quot;sticky_effects_offset&quot;:0,&quot;sticky_anchor_link_offset&quot;:0}\" data-widget_type=\"eael-simple-menu.default\">\n\t\t\t\t<div class=\"elementor-widget-container\">\n\t\t\t\t\t<style>\n                        @media screen and (max-width: 1024px) {\n                            .eael-hamburger--tablet {\n                                .eael-simple-menu-horizontal,\n                                .eael-simple-menu-vertical {\n                                    display: none;\n                                }\n                            }\n                            .eael-hamburger--tablet {\n                                .eael-simple-menu-container .eael-simple-menu-toggle {\n                                    display: block;\n                                }\n                            }\n                        }\n                    <\/style>            <div data-hamburger-icon=\"&lt;i aria-hidden=&quot;true&quot; class=&quot;fas fa-bars&quot;&gt;&lt;\/i&gt;\" data-indicator-icon=\"&lt;i aria-hidden=&quot;true&quot; class=&quot;fas fa-angle-down&quot;&gt;&lt;\/i&gt;\" data-dropdown-indicator-icon=\"&lt;i class=&quot;fas fa-angle-down&quot;&gt;&lt;\/i&gt;\" class=\"eael-simple-menu-container eael-simple-menu-align-left eael-simple-menu-dropdown-align-left preset-1\" data-hamburger-breakpoints=\"{&quot;mobile&quot;:&quot;M\\u00f3vil vertical (&gt; 767px)&quot;,&quot;tablet&quot;:&quot;Tableta vertical (&gt; 1024px)&quot;,&quot;desktop&quot;:&quot;Escritorio (&gt; 2400px)&quot;,&quot;none&quot;:&quot;Ninguno&quot;}\" data-hamburger-device=\"tablet\">\n                <ul id=\"menu-ceremonias\" class=\"eael-simple-menu eael-simple-menu-dropdown-animate-to-top eael-simple-menu-indicator eael-simple-menu-vertical\"><li id=\"menu-item-1647\" class=\"menu-item menu-item-type-post_type menu-item-object-page menu-item-1647\"><a href=\"https:\/\/sachaqente.com\/fr\/ceremonies-d-ayahuasca\/\" class=\"menu-link\">C\u00e9r\u00e9monies d\u2019Ayahuasca<\/a><\/li>\n<li id=\"menu-item-1693\" class=\"menu-item menu-item-type-post_type menu-item-object-page menu-item-1693\"><a href=\"https:\/\/sachaqente.com\/fr\/ceremonies-d-ayahuasca\/ceremonies-de-medecine-traditionnelle-andino-amazonienne-mtaaz\/\" class=\"menu-link\">C\u00e9r\u00e9monies de M\u00e9decine Traditionnelle<\/a><\/li>\n<li id=\"menu-item-1712\" class=\"menu-item menu-item-type-post_type menu-item-object-page menu-item-1712\"><a href=\"https:\/\/sachaqente.com\/fr\/ceremonies-d-ayahuasca\/conditions-ceremonies\/\" class=\"menu-link\">Conditions<\/a><\/li>\n<\/ul>                <button class=\"eael-simple-menu-toggle\">\n                    <span class=\"sr-only \">Men\u00fa conmutador hamburguesa<\/span>\n                    <i aria-hidden=\"true\" class=\"fas fa-bars\"><\/i>                <\/button>\n            <\/div>\n            \t\t\t\t<\/div>\n\t\t\t\t<\/div>\n\t\t\t\t\t<\/div>\n\t\t<\/div>\n\t\t\t\t<div class=\"elementor-column elementor-col-50 elementor-top-column elementor-element elementor-element-6de04e57\" data-id=\"6de04e57\" data-element_type=\"column\" data-e-type=\"column\">\n\t\t\t<div class=\"elementor-widget-wrap elementor-element-populated\">\n\t\t\t\t\t\t<div class=\"elementor-element elementor-element-2e4f37a7 elementor-widget elementor-widget-image\" data-id=\"2e4f37a7\" data-element_type=\"widget\" data-e-type=\"widget\" data-widget_type=\"image.default\">\n\t\t\t\t<div class=\"elementor-widget-container\">\n\t\t\t\t\t\t\t\t\t\t\t\t\t\t\t<img fetchpriority=\"high\" decoding=\"async\" width=\"900\" height=\"608\" src=\"https:\/\/sachaqente.com\/fr\/wp-content\/uploads\/2021\/12\/ceremonias-sachaqente-1.jpg\" class=\"attachment-large size-large wp-image-2033\" alt=\"\" srcset=\"https:\/\/sachaqente.com\/fr\/wp-content\/uploads\/2021\/12\/ceremonias-sachaqente-1.jpg 900w, https:\/\/sachaqente.com\/fr\/wp-content\/uploads\/2021\/12\/ceremonias-sachaqente-1-300x203.jpg 300w, https:\/\/sachaqente.com\/fr\/wp-content\/uploads\/2021\/12\/ceremonias-sachaqente-1-768x519.jpg 768w\" sizes=\"(max-width: 900px) 100vw, 900px\" \/>\t\t\t\t\t\t\t\t\t\t\t\t\t\t\t<\/div>\n\t\t\t\t<\/div>\n\t\t\t\t<div class=\"elementor-element elementor-element-4425801d elementor-widget elementor-widget-heading\" data-id=\"4425801d\" data-element_type=\"widget\" data-e-type=\"widget\" id=\"titulo\" data-widget_type=\"heading.default\">\n\t\t\t\t<div class=\"elementor-widget-container\">\n\t\t\t\t\t<h2 class=\"elementor-heading-title elementor-size-default\">C\u00e9r\u00e9monies d'Ayahuasca<\/h2>\t\t\t\t<\/div>\n\t\t\t\t<\/div>\n\t\t\t\t<div class=\"elementor-element elementor-element-10d3845b elementor-widget-divider--view-line elementor-widget elementor-widget-divider\" data-id=\"10d3845b\" data-element_type=\"widget\" data-e-type=\"widget\" data-widget_type=\"divider.default\">\n\t\t\t\t<div class=\"elementor-widget-container\">\n\t\t\t\t\t\t\t<div class=\"elementor-divider\">\n\t\t\t<span class=\"elementor-divider-separator\">\n\t\t\t\t\t\t<\/span>\n\t\t<\/div>\n\t\t\t\t\t\t<\/div>\n\t\t\t\t<\/div>\n\t\t\t\t<div class=\"elementor-element elementor-element-5385abf9 elementor-widget elementor-widget-text-editor\" data-id=\"5385abf9\" data-element_type=\"widget\" data-e-type=\"widget\" id=\"parrafo\" data-widget_type=\"text-editor.default\">\n\t\t\t\t<div class=\"elementor-widget-container\">\n\t\t\t\t\t\t\t\t\t<p>\u00abChez Sacha Q&#8217;ente, nous aidons les personnes \u00e0 se connecter \u00e0 elles-m\u00eames, \u00e0 leur source d\u2019\u00e9nergie pour se soigner et \u00e9voluer\u00bb.<\/p>\t\t\t\t\t\t\t\t<\/div>\n\t\t\t\t<\/div>\n\t\t\t\t<div class=\"elementor-element elementor-element-5f62fcb elementor-widget elementor-widget-text-editor\" data-id=\"5f62fcb\" data-element_type=\"widget\" data-e-type=\"widget\" id=\"parrafo\" data-widget_type=\"text-editor.default\">\n\t\t\t\t<div class=\"elementor-widget-container\">\n\t\t\t\t\t\t\t\t\t<p>Nous recevons des personnes venant des quatre coins du monde, des personnes qui ont besoin de soin pour leurs probl\u00e8mes de sant\u00e9, trait\u00e9s \u00e0 partir de la perspective \u00e9nerg\u00e9tique et phytoth\u00e9rapeutique. Des personnes qui souhaitent d\u00e9velopper leur potentiel, leur pl\u00e9nitude et trouver le sens de leur vie. Des personnes ayant des probl\u00e8mes d\u2019addiction.<\/p><p>Nous travaillons selon un mod\u00e8le de soins qui nous est propre, adapt\u00e9 \u00e0 chaque patient, qui int\u00e8gre \u00e0 la m\u00e9decine traditionnelle andino-amazonienne (MTAAZ) la psychologie et la psychoth\u00e9rapie modernes. Deux approches diff\u00e9rentes mais compl\u00e9mentaires, ce qui permet de traiter de mani\u00e8re holistique la sant\u00e9 physique, mentale, situationnelle et spirituelle des personnes.<\/p><p>La m\u00e9decine traditionnelle andino-amazonienne (MTAAZ) aide \u00e0 ouvrir et \u00e0 lib\u00e9rer les blocages \u00e9nerg\u00e9tiques du corps afin que la personne puisse se connecter \u00e0 sa source d\u2019\u00e9nergie int\u00e9rieure, r\u00e9alisant ainsi un \u00e9quilibre \u00e9nerg\u00e9tique qui la guide vers la sant\u00e9 et le bien-\u00eatre.<\/p>\t\t\t\t\t\t\t\t<\/div>\n\t\t\t\t<\/div>\n\t\t\t\t<div class=\"elementor-element elementor-element-1ce90453 elementor-widget elementor-widget-heading\" data-id=\"1ce90453\" data-element_type=\"widget\" data-e-type=\"widget\" id=\"titulo\" data-widget_type=\"heading.default\">\n\t\t\t\t<div class=\"elementor-widget-container\">\n\t\t\t\t\t<h2 class=\"elementor-heading-title elementor-size-default\">Qu\u2019est-ce que l\u2019ayahuasca ?<\/h2>\t\t\t\t<\/div>\n\t\t\t\t<\/div>\n\t\t\t\t<div class=\"elementor-element elementor-element-4591500f elementor-widget-divider--view-line elementor-widget elementor-widget-divider\" data-id=\"4591500f\" data-element_type=\"widget\" data-e-type=\"widget\" data-widget_type=\"divider.default\">\n\t\t\t\t<div class=\"elementor-widget-container\">\n\t\t\t\t\t\t\t<div class=\"elementor-divider\">\n\t\t\t<span class=\"elementor-divider-separator\">\n\t\t\t\t\t\t<\/span>\n\t\t<\/div>\n\t\t\t\t\t\t<\/div>\n\t\t\t\t<\/div>\n\t\t\t\t<div class=\"elementor-element elementor-element-047e311 elementor-widget elementor-widget-text-editor\" data-id=\"047e311\" data-element_type=\"widget\" data-e-type=\"widget\" id=\"parrafo\" data-widget_type=\"text-editor.default\">\n\t\t\t\t<div class=\"elementor-widget-container\">\n\t\t\t\t\t\t\t\t\t<p>La plante m\u00e9dicinale qui joue le r\u00f4le principal dans une c\u00e9r\u00e9monie de M\u00e9decine traditionnelle Andino-Amazonienne (MTAAZ) est l\u2019ayahuasca.<\/p><p>L\u2019ayahuasca (Banisteriopsis caapi) est une plante sacr\u00e9e, pas dans le sens th\u00e9ologique mais comme \u00ab une grande s\u0153ur \u00bb dans la cosmovision indig\u00e8ne. C\u2019est une liane consid\u00e9r\u00e9e comme la \u00ab corde des esprits \u00bb ou la corde qui facilite le contact avec l\u2019\u00e9nergie int\u00e9rieure de chacun. C\u2019est aussi la plante qui est utilis\u00e9e pour faire le diagnostic au sein du protocole de la MTAAZ.<\/p><p>L\u2019ayahuasca est une plante qui agit sur le syst\u00e8me \u00e9nerg\u00e9tique de la personne, aux niveaux physique, \u00e9motionnel, mental, spirituel et situationnel. C\u2019est aussi une plante \u00e0 la tradition mill\u00e9naire qui doit \u00eatre appliqu\u00e9e dans le respect des techniques \u00e9prouv\u00e9es et utilis\u00e9e depuis des mill\u00e9naires par les chamans. Elle doit \u00eatre administr\u00e9e selon la quantit\u00e9 et la fr\u00e9quence ad\u00e9quates, en accord avec les caract\u00e9ristiques et les besoins de chacun, selon les indications d\u2019un chaman form\u00e9 dans la tradition m\u00e9dicale indig\u00e8ne. Un chaman est un chirurgien d\u2019\u00e9nergies. De m\u00eame que les chirurgiens quand ils op\u00e8rent, il se charge d\u2019ouvrir des n\u0153uds d\u2019\u00e9nergie, de voir, d\u2019observer, de nettoyer, de faciliter la gu\u00e9rison et de refermer sans qu\u2019il y ait de dangers d\u2019infection, ni de contamination par d\u2019autres \u00e9nergies.<\/p>\t\t\t\t\t\t\t\t<\/div>\n\t\t\t\t<\/div>\n\t\t\t\t<div class=\"elementor-element elementor-element-ee3b78c elementor-widget elementor-widget-video\" data-id=\"ee3b78c\" data-element_type=\"widget\" data-e-type=\"widget\" data-settings=\"{&quot;youtube_url&quot;:&quot;https:\\\/\\\/www.youtube.com\\\/watch?v=KspHT9o3QSY&amp;t=1s&quot;,&quot;video_type&quot;:&quot;youtube&quot;,&quot;controls&quot;:&quot;yes&quot;}\" data-widget_type=\"video.default\">\n\t\t\t\t<div class=\"elementor-widget-container\">\n\t\t\t\t\t\t\t<div class=\"elementor-wrapper elementor-open-inline\">\n\t\t\t<div class=\"elementor-video\"><\/div>\t\t<\/div>\n\t\t\t\t\t\t<\/div>\n\t\t\t\t<\/div>\n\t\t\t\t<div class=\"elementor-element elementor-element-0fbd729 elementor-widget elementor-widget-heading\" data-id=\"0fbd729\" data-element_type=\"widget\" data-e-type=\"widget\" id=\"titulo\" data-widget_type=\"heading.default\">\n\t\t\t\t<div class=\"elementor-widget-container\">\n\t\t\t\t\t<h2 class=\"elementor-heading-title elementor-size-default\">Nettoyage Pr\u00e9alable<\/h2>\t\t\t\t<\/div>\n\t\t\t\t<\/div>\n\t\t\t\t<div class=\"elementor-element elementor-element-5893db6 elementor-widget-divider--view-line elementor-widget elementor-widget-divider\" data-id=\"5893db6\" data-element_type=\"widget\" data-e-type=\"widget\" data-widget_type=\"divider.default\">\n\t\t\t\t<div class=\"elementor-widget-container\">\n\t\t\t\t\t\t\t<div class=\"elementor-divider\">\n\t\t\t<span class=\"elementor-divider-separator\">\n\t\t\t\t\t\t<\/span>\n\t\t<\/div>\n\t\t\t\t\t\t<\/div>\n\t\t\t\t<\/div>\n\t\t\t\t<div class=\"elementor-element elementor-element-4d22528 elementor-widget elementor-widget-text-editor\" data-id=\"4d22528\" data-element_type=\"widget\" data-e-type=\"widget\" id=\"parrafo\" data-widget_type=\"text-editor.default\">\n\t\t\t\t<div class=\"elementor-widget-container\">\n\t\t\t\t\t\t\t\t\t<p>Selon le protocole ancien, tous les participants doivent participer \u00e0 un nettoyage pr\u00e9alable.<\/p><p>Ces nettoyages \u2013 connues comme purges vomitives \u2013 sont excellents en tant que nettoyage \u00e9nerg\u00e9tique au niveau \u00e9motionnel, mental et spirituel. Les r\u00e9sultats sont quasiment imm\u00e9diats et procurent une sensation de soulagement. Les purges sont quelquefois un pr\u00e9requis pour commencer des traitements avec d\u2019autres plantes. De plus, elles ne pr\u00e9sentent pratiquement pas de contre-indications avec des m\u00e9dicaments.<\/p><p>Les purges sont n\u00e9cessaires avant une c\u00e9r\u00e9monie, une di\u00e8te ou une retraite. En plus de la purification physique des toxines induite, elles aident \u00e0 rendre, l\u00e2cher et expulser les \u00e9motions n\u00e9gatives qui ont \u00e9t\u00e9 accumul\u00e9es au cours du temps. En outre, la capacit\u00e9 onirique est stimul\u00e9e.<\/p><p>Il existe plus de 70 types de plantes purgatives qu\u2019on utilise selon le besoin de chaque participant. Les purges durent de 1 \u00e0 3 heures. Aucune pr\u00e9paration sp\u00e9ciale n\u2019est n\u00e9cessaire, on recommande seulement de la faire avec l\u2019estomac vide (ne pas avoir mang\u00e9 dans les 4 heures pr\u00e9c\u00e9dant le nettoyage). \u00c0 l\u2019issue de la purge, on peut retourner \u00e0 la vie normale.<\/p>\t\t\t\t\t\t\t\t<\/div>\n\t\t\t\t<\/div>\n\t\t\t\t\t<\/div>\n\t\t<\/div>\n\t\t\t\t\t<\/div>\n\t\t<\/section>\n\t\t\t\t<section class=\"elementor-section elementor-top-section elementor-element elementor-element-6a171913 elementor-section-boxed elementor-section-height-default elementor-section-height-default\" data-id=\"6a171913\" data-element_type=\"section\" data-e-type=\"section\" data-settings=\"{&quot;background_background&quot;:&quot;classic&quot;}\">\n\t\t\t\t\t\t<div class=\"elementor-container elementor-column-gap-default\">\n\t\t\t\t\t<div class=\"elementor-column elementor-col-100 elementor-top-column elementor-element elementor-element-72d9cc73\" data-id=\"72d9cc73\" data-element_type=\"column\" data-e-type=\"column\">\n\t\t\t<div class=\"elementor-widget-wrap elementor-element-populated\">\n\t\t\t\t\t\t<div class=\"elementor-element elementor-element-1ab4ea2 elementor-cta--skin-classic elementor-animated-content elementor-widget elementor-widget-call-to-action\" data-id=\"1ab4ea2\" data-element_type=\"widget\" data-e-type=\"widget\" data-widget_type=\"call-to-action.default\">\n\t\t\t\t<div class=\"elementor-widget-container\">\n\t\t\t\t\t\t\t<div class=\"elementor-cta\">\n\t\t\t\t\t\t\t<div class=\"elementor-cta__content\">\n\t\t\t\t\n\t\t\t\t\t\t\t\t\t<h2 class=\"elementor-cta__title elementor-cta__content-item elementor-content-item\">\n\t\t\t\t\t\tVoulez-vous que nous vous aidons \u00e0 savoir autre chose?\t\t\t\t\t<\/h2>\n\t\t\t\t\n\t\t\t\t\n\t\t\t\t\t\t\t\t\t<div class=\"elementor-cta__button-wrapper elementor-cta__content-item elementor-content-item \">\n\t\t\t\t\t<a class=\"elementor-cta__button elementor-button elementor-size-lg\" href=\"https:\/\/sachaqente.com\/fr\/consultations\/\">\n\t\t\t\t\t\t\u00c9CRIVEZ-NOUS\t\t\t\t\t<\/a>\n\t\t\t\t\t<\/div>\n\t\t\t\t\t\t\t<\/div>\n\t\t\t\t\t\t<\/div>\n\t\t\t\t\t\t<\/div>\n\t\t\t\t<\/div>\n\t\t\t\t\t<\/div>\n\t\t<\/div>\n\t\t\t\t\t<\/div>\n\t\t<\/section>\n\t\t\t\t<\/div>\n\t\t","protected":false},"excerpt":{"rendered":"<p>C\u00e9r\u00e9monies d&#8217;Ayahuasca Ceremonias de Medicina Tradicional Condiciones C\u00e9r\u00e9monies d&#8217;Ayahuasca \u00abChez Sacha Q&#8217;ente, nous aidons les personnes \u00e0 se connecter \u00e0 elles-m\u00eames, \u00e0 leur source d\u2019\u00e9nergie pour se soigner et \u00e9voluer\u00bb. Nous recevons des personnes venant des quatre coins du monde, des personnes qui ont besoin de soin pour leurs probl\u00e8mes de sant\u00e9, trait\u00e9s \u00e0 partir &hellip;<\/p>\n<p class=\"read-more\"> <a class=\"\" href=\"https:\/\/sachaqente.com\/fr\/ceremonies-d-ayahuasca\/\"> <span class=\"screen-reader-text\">C\u00e9r\u00e9monies d&#8217;Ayahuasca<\/span> Leer m\u00e1s &raquo;<\/a><\/p>\n","protected":false},"author":1,"featured_media":0,"parent":0,"menu_order":0,"comment_status":"closed","ping_status":"closed","template":"","meta":{"site-sidebar-layout":"no-sidebar","site-content-layout":"page-builder","ast-main-header-display":"","ast-hfb-above-header-display":"","ast-hfb-below-header-display":"","ast-hfb-mobile-header-display":"","site-post-title":"disabled","ast-breadcrumbs-content":"","ast-featured-img":"","footer-sml-layout":"","theme-transparent-header-meta":"default","adv-header-id-meta":"","stick-header-meta":"","header-above-stick-meta":"","header-main-stick-meta":"","header-below-stick-meta":"","footnotes":""},"class_list":["post-1643","page","type-page","status-publish","hentry"],"_links":{"self":[{"href":"https:\/\/sachaqente.com\/fr\/wp-json\/wp\/v2\/pages\/1643","targetHints":{"allow":["GET"]}}],"collection":[{"href":"https:\/\/sachaqente.com\/fr\/wp-json\/wp\/v2\/pages"}],"about":[{"href":"https:\/\/sachaqente.com\/fr\/wp-json\/wp\/v2\/types\/page"}],"author":[{"embeddable":true,"href":"https:\/\/sachaqente.com\/fr\/wp-json\/wp\/v2\/users\/1"}],"replies":[{"embeddable":true,"href":"https:\/\/sachaqente.com\/fr\/wp-json\/wp\/v2\/comments?post=1643"}],"version-history":[{"count":51,"href":"https:\/\/sachaqente.com\/fr\/wp-json\/wp\/v2\/pages\/1643\/revisions"}],"predecessor-version":[{"id":2695,"href":"https:\/\/sachaqente.com\/fr\/wp-json\/wp\/v2\/pages\/1643\/revisions\/2695"}],"wp:attachment":[{"href":"https:\/\/sachaqente.com\/fr\/wp-json\/wp\/v2\/media?parent=1643"}],"curies":[{"name":"wp","href":"https:\/\/api.w.org\/{rel}","templated":true}]}}