{"id":1305,"date":"2021-10-15T00:14:08","date_gmt":"2021-10-15T00:14:08","guid":{"rendered":"http:\/\/sachaqente.com\/fr\/?page_id=1305"},"modified":"2022-03-26T23:12:51","modified_gmt":"2022-03-26T23:12:51","slug":"dietes","status":"publish","type":"page","link":"https:\/\/sachaqente.com\/fr\/retraites-dietes\/dietes\/","title":{"rendered":"Di\u00e8tes"},"content":{"rendered":"\t\t<div data-elementor-type=\"wp-page\" data-elementor-id=\"1305\" class=\"elementor elementor-1305\" data-elementor-post-type=\"page\">\n\t\t\t\t\t\t<section class=\"elementor-section elementor-top-section elementor-element elementor-element-35253a30 elementor-section-boxed elementor-section-height-default elementor-section-height-default\" data-id=\"35253a30\" data-element_type=\"section\" data-e-type=\"section\">\n\t\t\t\t\t\t<div class=\"elementor-container elementor-column-gap-default\">\n\t\t\t\t\t<div class=\"elementor-column elementor-col-50 elementor-top-column elementor-element elementor-element-5323bfc1\" data-id=\"5323bfc1\" data-element_type=\"column\" data-e-type=\"column\">\n\t\t\t<div class=\"elementor-widget-wrap elementor-element-populated\">\n\t\t\t\t\t\t<div class=\"elementor-element elementor-element-6fe8622a eael_simple_menu_hamburger_disable_selected_menu_no eael-simple-menu-hamburger-align-right eael-hamburger--tablet elementor-widget elementor-widget-eael-simple-menu\" data-id=\"6fe8622a\" data-element_type=\"widget\" data-e-type=\"widget\" data-settings=\"{&quot;sticky&quot;:&quot;top&quot;,&quot;sticky_on&quot;:[&quot;desktop&quot;,&quot;tablet&quot;],&quot;sticky_offset&quot;:20,&quot;sticky_effects_offset&quot;:0,&quot;sticky_anchor_link_offset&quot;:0}\" data-widget_type=\"eael-simple-menu.default\">\n\t\t\t\t<div class=\"elementor-widget-container\">\n\t\t\t\t\t<style>\n                        @media screen and (max-width: 1024px) {\n                            .eael-hamburger--tablet {\n                                .eael-simple-menu-horizontal,\n                                .eael-simple-menu-vertical {\n                                    display: none;\n                                }\n                            }\n                            .eael-hamburger--tablet {\n                                .eael-simple-menu-container .eael-simple-menu-toggle {\n                                    display: block;\n                                }\n                            }\n                        }\n                    <\/style>            <div data-hamburger-icon=\"&lt;i aria-hidden=&quot;true&quot; class=&quot;fas fa-bars&quot;&gt;&lt;\/i&gt;\" data-indicator-icon=\"&lt;i aria-hidden=&quot;true&quot; class=&quot;fas fa-angle-down&quot;&gt;&lt;\/i&gt;\" data-dropdown-indicator-icon=\"&lt;i class=&quot;fas fa-angle-down&quot;&gt;&lt;\/i&gt;\" class=\"eael-simple-menu-container eael-simple-menu-align-left eael-simple-menu-dropdown-align-left preset-1\" data-hamburger-breakpoints=\"{&quot;mobile&quot;:&quot;M\\u00f3vil vertical (&gt; 767px)&quot;,&quot;tablet&quot;:&quot;Tableta vertical (&gt; 1024px)&quot;,&quot;desktop&quot;:&quot;Escritorio (&gt; 2400px)&quot;,&quot;none&quot;:&quot;Ninguno&quot;}\" data-hamburger-device=\"tablet\">\n                <ul id=\"menu-retiros-dietas\" class=\"eael-simple-menu eael-simple-menu-dropdown-animate-to-top eael-simple-menu-indicator eael-simple-menu-vertical\"><li id=\"menu-item-1415\" class=\"menu-item menu-item-type-post_type menu-item-object-page menu-item-1415\"><a href=\"https:\/\/sachaqente.com\/fr\/retraites-dietes\/retraites\/\" class=\"menu-link\">Retraites<\/a><\/li>\n<li id=\"menu-item-1307\" class=\"menu-item menu-item-type-post_type menu-item-object-page menu-item-1307\"><a href=\"https:\/\/sachaqente.com\/fr\/retraites-dietes\/dietes\/\" class=\"menu-link\">Di\u00e8tes<\/a><\/li>\n<li id=\"menu-item-1317\" class=\"menu-item menu-item-type-post_type menu-item-object-page menu-item-1317\"><a href=\"https:\/\/sachaqente.com\/fr\/retraites-dietes\/dietes\/conditions\/\" class=\"menu-link\">\u25cb Conditions<\/a><\/li>\n<li id=\"menu-item-1316\" class=\"menu-item menu-item-type-post_type menu-item-object-page menu-item-1316\"><a href=\"https:\/\/sachaqente.com\/fr\/retraites-dietes\/dietes\/programme\/\" class=\"menu-link\">\u25cb Programme<\/a><\/li>\n<li id=\"menu-item-1320\" class=\"menu-item menu-item-type-post_type menu-item-object-page menu-item-1320\"><a href=\"https:\/\/sachaqente.com\/fr\/retraites-dietes\/avertissements\/\" class=\"menu-link\">\u25cb Avertissements<\/a><\/li>\n<\/ul>                <button class=\"eael-simple-menu-toggle\">\n                    <span class=\"sr-only \">Men\u00fa conmutador hamburguesa<\/span>\n                    <i aria-hidden=\"true\" class=\"fas fa-bars\"><\/i>                <\/button>\n            <\/div>\n            \t\t\t\t<\/div>\n\t\t\t\t<\/div>\n\t\t\t\t\t<\/div>\n\t\t<\/div>\n\t\t\t\t<div class=\"elementor-column elementor-col-50 elementor-top-column elementor-element elementor-element-7254430e\" data-id=\"7254430e\" data-element_type=\"column\" data-e-type=\"column\">\n\t\t\t<div class=\"elementor-widget-wrap elementor-element-populated\">\n\t\t\t\t\t\t<div class=\"elementor-element elementor-element-1f970ae2 elementor-widget elementor-widget-image\" data-id=\"1f970ae2\" data-element_type=\"widget\" data-e-type=\"widget\" data-widget_type=\"image.default\">\n\t\t\t\t<div class=\"elementor-widget-container\">\n\t\t\t\t\t\t\t\t\t\t\t\t\t\t\t<img fetchpriority=\"high\" decoding=\"async\" width=\"850\" height=\"638\" src=\"https:\/\/sachaqente.com\/fr\/wp-content\/uploads\/2022\/01\/dietas-sachaqente-2.jpg\" class=\"attachment-large size-large wp-image-2403\" alt=\"\" srcset=\"https:\/\/sachaqente.com\/fr\/wp-content\/uploads\/2022\/01\/dietas-sachaqente-2.jpg 850w, https:\/\/sachaqente.com\/fr\/wp-content\/uploads\/2022\/01\/dietas-sachaqente-2-300x225.jpg 300w, https:\/\/sachaqente.com\/fr\/wp-content\/uploads\/2022\/01\/dietas-sachaqente-2-768x576.jpg 768w\" sizes=\"(max-width: 850px) 100vw, 850px\" \/>\t\t\t\t\t\t\t\t\t\t\t\t\t\t\t<\/div>\n\t\t\t\t<\/div>\n\t\t\t\t<div class=\"elementor-element elementor-element-28bcdd76 elementor-widget elementor-widget-heading\" data-id=\"28bcdd76\" data-element_type=\"widget\" data-e-type=\"widget\" id=\"titulo\" data-widget_type=\"heading.default\">\n\t\t\t\t<div class=\"elementor-widget-container\">\n\t\t\t\t\t<h2 class=\"elementor-heading-title elementor-size-default\">Qu'est-ce qu'une di\u00e8te et \u00e0 quoi sert-elle?<\/h2>\t\t\t\t<\/div>\n\t\t\t\t<\/div>\n\t\t\t\t<div class=\"elementor-element elementor-element-39aa6969 elementor-widget-divider--view-line elementor-widget elementor-widget-divider\" data-id=\"39aa6969\" data-element_type=\"widget\" data-e-type=\"widget\" data-widget_type=\"divider.default\">\n\t\t\t\t<div class=\"elementor-widget-container\">\n\t\t\t\t\t\t\t<div class=\"elementor-divider\">\n\t\t\t<span class=\"elementor-divider-separator\">\n\t\t\t\t\t\t<\/span>\n\t\t<\/div>\n\t\t\t\t\t\t<\/div>\n\t\t\t\t<\/div>\n\t\t\t\t<div class=\"elementor-element elementor-element-519e17d elementor-widget elementor-widget-text-editor\" data-id=\"519e17d\" data-element_type=\"widget\" data-e-type=\"widget\" id=\"parrafo\" data-widget_type=\"text-editor.default\">\n\t\t\t\t<div class=\"elementor-widget-container\">\n\t\t\t\t\t\t\t\t\t<p>Traditionnellement, les di\u00e8tes \u00e9taient uniquement r\u00e9alis\u00e9es pour la formation et l\u2019apprentissage des futurs m\u00e9decins indig\u00e8nes ou chamans et duraient longtemps. La di\u00e8te est consid\u00e9r\u00e9e comme une des techniques les plus efficaces et puissantes de travail personnel de gu\u00e9rison, d\u2019initiation et d\u2019apprentissage des gu\u00e9risseurs et maestros d\u2019Amazonie.<\/p><p>Les di\u00e8tes plus courtes conviennent parfaitement aux besoins des personnes pour purifier leur propre \u00eatre. La di\u00e8te est un espace de recueillement, d\u2019introspection, de r\u00e9flexion et de repos pendant lequel on ing\u00e8re des plantes maitresses (sans effet psychoactif) qui induisent des \u00e9tats de connaissance de soi, d\u2019auto-gu\u00e9rison tr\u00e8s profonds et adapt\u00e9s \u00e0 la probl\u00e9matique de chacun, selon la plante maitresse ing\u00e9r\u00e9e.<\/p><p>Il y a des plantes pour nettoyer les substances et exp\u00e9riences toxiques, des plantes de soin, des plantes de d\u00e9fense et des plantes exclusivement destin\u00e9es \u00e0 la formation des chamans.<\/p>\t\t\t\t\t\t\t\t<\/div>\n\t\t\t\t<\/div>\n\t\t\t\t<div class=\"elementor-element elementor-element-7eb99edf elementor-widget elementor-widget-heading\" data-id=\"7eb99edf\" data-element_type=\"widget\" data-e-type=\"widget\" id=\"titulo\" data-widget_type=\"heading.default\">\n\t\t\t\t<div class=\"elementor-widget-container\">\n\t\t\t\t\t<h2 class=\"elementor-heading-title elementor-size-default\">En quoi consiste une Di\u00e8te?<\/h2>\t\t\t\t<\/div>\n\t\t\t\t<\/div>\n\t\t\t\t<div class=\"elementor-element elementor-element-2da700a elementor-widget elementor-widget-text-editor\" data-id=\"2da700a\" data-element_type=\"widget\" data-e-type=\"widget\" id=\"parrafo\" data-widget_type=\"text-editor.default\">\n\t\t\t\t<div class=\"elementor-widget-container\">\n\t\t\t\t\t\t\t\t\t<p>Les di\u00e8tes commencent par un nettoyage pr\u00e9alable, aussi appel\u00e9 purge, pour le d\u00e9blocage \u00e9nerg\u00e9tique. Cela est suivi par un entretien personnel, et normalement par deux c\u00e9r\u00e9monies d\u2019ayahuasca au commencement de la di\u00e8te. Apr\u00e8s les c\u00e9r\u00e9monies, les personnes entrent en di\u00e8te avec leurs plantes maitresses sp\u00e9cifiques, en silence et isolement, avec une alimentation naturelle adapt\u00e9e (sans sel, ni sucre). \u00c0 la fin de la di\u00e8te ont lieu deux c\u00e9r\u00e9monies ainsi que des entretiens personnels.<\/p><p>La dur\u00e9e minimum d\u2019une di\u00e8te est de 7 jours. La dur\u00e9e de la di\u00e8te d\u00e9pend des plantes propos\u00e9es et du probl\u00e8me \u00e0 r\u00e9soudre. La di\u00e8te se fait dans une hutte isol\u00e9e, appel\u00e9e tambo situ\u00e9e dans la for\u00eat. La personne n\u2019a aucun contact pendant la di\u00e8te, sauf avec le chaman ou avec la personne qui lui apporte son repas.<\/p><p>La plante m\u00e9dicinale choisie pour la di\u00e8te est adapt\u00e9e \u00e0 chaque cas. L\u2019ordre dans lequel on prend les plantes de di\u00e8te dans notre centre est tr\u00e8s important et doit correspondre au processus de chacun.<\/p><p>L\u2019objectif est de provoquer une d\u00e9puration profonde \u00e0 tous les niveaux pour \u00e9liminer les aspects qui bloquent la personne, pour stimuler sa capacit\u00e9 onirique et am\u00e9liorer le travail d\u2019introspection.<\/p>\t\t\t\t\t\t\t\t<\/div>\n\t\t\t\t<\/div>\n\t\t\t\t<div class=\"elementor-element elementor-element-5ce1dcc3 elementor-widget elementor-widget-video\" data-id=\"5ce1dcc3\" data-element_type=\"widget\" data-e-type=\"widget\" data-settings=\"{&quot;youtube_url&quot;:&quot;https:\\\/\\\/www.youtube.com\\\/watch?v=Mcyz8997rH8&quot;,&quot;video_type&quot;:&quot;youtube&quot;,&quot;controls&quot;:&quot;yes&quot;}\" data-widget_type=\"video.default\">\n\t\t\t\t<div class=\"elementor-widget-container\">\n\t\t\t\t\t\t\t<div class=\"elementor-wrapper elementor-open-inline\">\n\t\t\t<div class=\"elementor-video\"><\/div>\t\t<\/div>\n\t\t\t\t\t\t<\/div>\n\t\t\t\t<\/div>\n\t\t\t\t\t<\/div>\n\t\t<\/div>\n\t\t\t\t\t<\/div>\n\t\t<\/section>\n\t\t\t\t<section class=\"elementor-section elementor-top-section elementor-element elementor-element-31b71074 elementor-section-boxed elementor-section-height-default elementor-section-height-default\" data-id=\"31b71074\" data-element_type=\"section\" data-e-type=\"section\" data-settings=\"{&quot;background_background&quot;:&quot;classic&quot;}\">\n\t\t\t\t\t\t<div class=\"elementor-container elementor-column-gap-default\">\n\t\t\t\t\t<div class=\"elementor-column elementor-col-100 elementor-top-column elementor-element elementor-element-6b7cbbcc\" data-id=\"6b7cbbcc\" data-element_type=\"column\" data-e-type=\"column\">\n\t\t\t<div class=\"elementor-widget-wrap elementor-element-populated\">\n\t\t\t\t\t\t<div class=\"elementor-element elementor-element-afa5be0 elementor-cta--skin-classic elementor-animated-content elementor-widget elementor-widget-call-to-action\" data-id=\"afa5be0\" data-element_type=\"widget\" data-e-type=\"widget\" data-widget_type=\"call-to-action.default\">\n\t\t\t\t<div class=\"elementor-widget-container\">\n\t\t\t\t\t\t\t<div class=\"elementor-cta\">\n\t\t\t\t\t\t\t<div class=\"elementor-cta__content\">\n\t\t\t\t\n\t\t\t\t\t\t\t\t\t<h2 class=\"elementor-cta__title elementor-cta__content-item elementor-content-item\">\n\t\t\t\t\t\tVoulez-vous que nous vous aidons \u00e0 savoir autre chose?\t\t\t\t\t<\/h2>\n\t\t\t\t\n\t\t\t\t\n\t\t\t\t\t\t\t\t\t<div class=\"elementor-cta__button-wrapper elementor-cta__content-item elementor-content-item \">\n\t\t\t\t\t<a class=\"elementor-cta__button elementor-button elementor-size-lg\" href=\"https:\/\/sachaqente.com\/fr\/consultations\/\">\n\t\t\t\t\t\t\u00c9CRIVEZ-NOUS\t\t\t\t\t<\/a>\n\t\t\t\t\t<\/div>\n\t\t\t\t\t\t\t<\/div>\n\t\t\t\t\t\t<\/div>\n\t\t\t\t\t\t<\/div>\n\t\t\t\t<\/div>\n\t\t\t\t\t<\/div>\n\t\t<\/div>\n\t\t\t\t\t<\/div>\n\t\t<\/section>\n\t\t\t\t<\/div>\n\t\t","protected":false},"excerpt":{"rendered":"<p>Retraites Di\u00e8tes \u25cb Condiciones \u25cb Programa \u25cb Advertencia Qu&#8217;est-ce qu&#8217;une di\u00e8te et \u00e0 quoi sert-elle? Traditionnellement, les di\u00e8tes \u00e9taient uniquement r\u00e9alis\u00e9es pour la formation et l\u2019apprentissage des futurs m\u00e9decins indig\u00e8nes ou chamans et duraient longtemps. La di\u00e8te est consid\u00e9r\u00e9e comme une des techniques les plus efficaces et puissantes de travail personnel de gu\u00e9rison, d\u2019initiation et &hellip;<\/p>\n<p class=\"read-more\"> <a class=\"\" href=\"https:\/\/sachaqente.com\/fr\/retraites-dietes\/dietes\/\"> <span class=\"screen-reader-text\">Di\u00e8tes<\/span> Leer m\u00e1s &raquo;<\/a><\/p>\n","protected":false},"author":1,"featured_media":0,"parent":489,"menu_order":0,"comment_status":"closed","ping_status":"closed","template":"","meta":{"site-sidebar-layout":"no-sidebar","site-content-layout":"page-builder","ast-main-header-display":"","ast-hfb-above-header-display":"","ast-hfb-below-header-display":"","ast-hfb-mobile-header-display":"","site-post-title":"disabled","ast-breadcrumbs-content":"","ast-featured-img":"disabled","footer-sml-layout":"","theme-transparent-header-meta":"default","adv-header-id-meta":"","stick-header-meta":"","header-above-stick-meta":"","header-main-stick-meta":"","header-below-stick-meta":"","footnotes":""},"class_list":["post-1305","page","type-page","status-publish","hentry"],"_links":{"self":[{"href":"https:\/\/sachaqente.com\/fr\/wp-json\/wp\/v2\/pages\/1305","targetHints":{"allow":["GET"]}}],"collection":[{"href":"https:\/\/sachaqente.com\/fr\/wp-json\/wp\/v2\/pages"}],"about":[{"href":"https:\/\/sachaqente.com\/fr\/wp-json\/wp\/v2\/types\/page"}],"author":[{"embeddable":true,"href":"https:\/\/sachaqente.com\/fr\/wp-json\/wp\/v2\/users\/1"}],"replies":[{"embeddable":true,"href":"https:\/\/sachaqente.com\/fr\/wp-json\/wp\/v2\/comments?post=1305"}],"version-history":[{"count":28,"href":"https:\/\/sachaqente.com\/fr\/wp-json\/wp\/v2\/pages\/1305\/revisions"}],"predecessor-version":[{"id":2764,"href":"https:\/\/sachaqente.com\/fr\/wp-json\/wp\/v2\/pages\/1305\/revisions\/2764"}],"up":[{"embeddable":true,"href":"https:\/\/sachaqente.com\/fr\/wp-json\/wp\/v2\/pages\/489"}],"wp:attachment":[{"href":"https:\/\/sachaqente.com\/fr\/wp-json\/wp\/v2\/media?parent=1305"}],"curies":[{"name":"wp","href":"https:\/\/api.w.org\/{rel}","templated":true}]}}