{"id":1300,"date":"2021-10-15T00:13:31","date_gmt":"2021-10-15T00:13:31","guid":{"rendered":"http:\/\/sachaqente.com\/fr\/?page_id=1300"},"modified":"2022-03-26T22:55:06","modified_gmt":"2022-03-26T22:55:06","slug":"retraites","status":"publish","type":"page","link":"https:\/\/sachaqente.com\/fr\/retraites-dietes\/retraites\/","title":{"rendered":"Retraites"},"content":{"rendered":"\t\t<div data-elementor-type=\"wp-page\" data-elementor-id=\"1300\" class=\"elementor elementor-1300\" data-elementor-post-type=\"page\">\n\t\t\t\t\t\t<section class=\"elementor-section elementor-top-section elementor-element elementor-element-3ba16963 elementor-section-boxed elementor-section-height-default elementor-section-height-default\" data-id=\"3ba16963\" data-element_type=\"section\" data-e-type=\"section\">\n\t\t\t\t\t\t<div class=\"elementor-container elementor-column-gap-default\">\n\t\t\t\t\t<div class=\"elementor-column elementor-col-50 elementor-top-column elementor-element elementor-element-233bdba5\" data-id=\"233bdba5\" data-element_type=\"column\" data-e-type=\"column\">\n\t\t\t<div class=\"elementor-widget-wrap elementor-element-populated\">\n\t\t\t\t\t\t<div class=\"elementor-element elementor-element-17f43694 eael_simple_menu_hamburger_disable_selected_menu_no eael-simple-menu-hamburger-align-right eael-hamburger--tablet elementor-widget elementor-widget-eael-simple-menu\" data-id=\"17f43694\" data-element_type=\"widget\" data-e-type=\"widget\" data-settings=\"{&quot;sticky&quot;:&quot;top&quot;,&quot;sticky_on&quot;:[&quot;desktop&quot;,&quot;tablet&quot;],&quot;sticky_offset&quot;:20,&quot;sticky_effects_offset&quot;:0,&quot;sticky_anchor_link_offset&quot;:0}\" data-widget_type=\"eael-simple-menu.default\">\n\t\t\t\t<div class=\"elementor-widget-container\">\n\t\t\t\t\t<style>\n                        @media screen and (max-width: 1024px) {\n                            .eael-hamburger--tablet {\n                                .eael-simple-menu-horizontal,\n                                .eael-simple-menu-vertical {\n                                    display: none;\n                                }\n                            }\n                            .eael-hamburger--tablet {\n                                .eael-simple-menu-container .eael-simple-menu-toggle {\n                                    display: block;\n                                }\n                            }\n                        }\n                    <\/style>            <div data-hamburger-icon=\"&lt;i aria-hidden=&quot;true&quot; class=&quot;fas fa-bars&quot;&gt;&lt;\/i&gt;\" data-indicator-icon=\"&lt;i aria-hidden=&quot;true&quot; class=&quot;fas fa-angle-down&quot;&gt;&lt;\/i&gt;\" data-dropdown-indicator-icon=\"&lt;i class=&quot;fas fa-angle-down&quot;&gt;&lt;\/i&gt;\" class=\"eael-simple-menu-container eael-simple-menu-align-left eael-simple-menu-dropdown-align-left preset-1\" data-hamburger-breakpoints=\"{&quot;mobile&quot;:&quot;M\\u00f3vil vertical (&gt; 767px)&quot;,&quot;tablet&quot;:&quot;Tableta vertical (&gt; 1024px)&quot;,&quot;desktop&quot;:&quot;Escritorio (&gt; 2400px)&quot;,&quot;none&quot;:&quot;Ninguno&quot;}\" data-hamburger-device=\"tablet\">\n                <ul id=\"menu-retiros-dietas\" class=\"eael-simple-menu eael-simple-menu-dropdown-animate-to-top eael-simple-menu-indicator eael-simple-menu-vertical\"><li id=\"menu-item-1415\" class=\"menu-item menu-item-type-post_type menu-item-object-page menu-item-1415\"><a href=\"https:\/\/sachaqente.com\/fr\/retraites-dietes\/retraites\/\" class=\"menu-link\">Retraites<\/a><\/li>\n<li id=\"menu-item-1307\" class=\"menu-item menu-item-type-post_type menu-item-object-page menu-item-1307\"><a href=\"https:\/\/sachaqente.com\/fr\/retraites-dietes\/dietes\/\" class=\"menu-link\">Di\u00e8tes<\/a><\/li>\n<li id=\"menu-item-1317\" class=\"menu-item menu-item-type-post_type menu-item-object-page menu-item-1317\"><a href=\"https:\/\/sachaqente.com\/fr\/retraites-dietes\/dietes\/conditions\/\" class=\"menu-link\">\u25cb Conditions<\/a><\/li>\n<li id=\"menu-item-1316\" class=\"menu-item menu-item-type-post_type menu-item-object-page menu-item-1316\"><a href=\"https:\/\/sachaqente.com\/fr\/retraites-dietes\/dietes\/programme\/\" class=\"menu-link\">\u25cb Programme<\/a><\/li>\n<li id=\"menu-item-1320\" class=\"menu-item menu-item-type-post_type menu-item-object-page menu-item-1320\"><a href=\"https:\/\/sachaqente.com\/fr\/retraites-dietes\/avertissements\/\" class=\"menu-link\">\u25cb Avertissements<\/a><\/li>\n<\/ul>                <button class=\"eael-simple-menu-toggle\">\n                    <span class=\"sr-only \">Men\u00fa conmutador hamburguesa<\/span>\n                    <i aria-hidden=\"true\" class=\"fas fa-bars\"><\/i>                <\/button>\n            <\/div>\n            \t\t\t\t<\/div>\n\t\t\t\t<\/div>\n\t\t\t\t\t<\/div>\n\t\t<\/div>\n\t\t\t\t<div class=\"elementor-column elementor-col-50 elementor-top-column elementor-element elementor-element-54376c1c\" data-id=\"54376c1c\" data-element_type=\"column\" data-e-type=\"column\">\n\t\t\t<div class=\"elementor-widget-wrap elementor-element-populated\">\n\t\t\t\t\t\t<div class=\"elementor-element elementor-element-7b7df6d elementor-widget elementor-widget-image\" data-id=\"7b7df6d\" data-element_type=\"widget\" data-e-type=\"widget\" data-widget_type=\"image.default\">\n\t\t\t\t<div class=\"elementor-widget-container\">\n\t\t\t\t\t\t\t\t\t\t\t\t\t\t\t<img fetchpriority=\"high\" decoding=\"async\" width=\"800\" height=\"600\" src=\"https:\/\/sachaqente.com\/fr\/wp-content\/uploads\/2021\/12\/retiros-sachaqente-2.jpg\" class=\"attachment-large size-large wp-image-2038\" alt=\"\" srcset=\"https:\/\/sachaqente.com\/fr\/wp-content\/uploads\/2021\/12\/retiros-sachaqente-2.jpg 800w, https:\/\/sachaqente.com\/fr\/wp-content\/uploads\/2021\/12\/retiros-sachaqente-2-300x225.jpg 300w, https:\/\/sachaqente.com\/fr\/wp-content\/uploads\/2021\/12\/retiros-sachaqente-2-768x576.jpg 768w\" sizes=\"(max-width: 800px) 100vw, 800px\" \/>\t\t\t\t\t\t\t\t\t\t\t\t\t\t\t<\/div>\n\t\t\t\t<\/div>\n\t\t\t\t<div class=\"elementor-element elementor-element-6ef95476 elementor-widget elementor-widget-heading\" data-id=\"6ef95476\" data-element_type=\"widget\" data-e-type=\"widget\" id=\"titulo\" data-widget_type=\"heading.default\">\n\t\t\t\t<div class=\"elementor-widget-container\">\n\t\t\t\t\t<h2 class=\"elementor-heading-title elementor-size-default\">Qu\u2019est-ce qu\u2019une retraite et \u00e0 quoi sert-elle?<\/h2>\t\t\t\t<\/div>\n\t\t\t\t<\/div>\n\t\t\t\t<div class=\"elementor-element elementor-element-1f496b62 elementor-widget-divider--view-line elementor-widget elementor-widget-divider\" data-id=\"1f496b62\" data-element_type=\"widget\" data-e-type=\"widget\" data-widget_type=\"divider.default\">\n\t\t\t\t<div class=\"elementor-widget-container\">\n\t\t\t\t\t\t\t<div class=\"elementor-divider\">\n\t\t\t<span class=\"elementor-divider-separator\">\n\t\t\t\t\t\t<\/span>\n\t\t<\/div>\n\t\t\t\t\t\t<\/div>\n\t\t\t\t<\/div>\n\t\t\t\t<div class=\"elementor-element elementor-element-4c6f4abf elementor-widget elementor-widget-text-editor\" data-id=\"4c6f4abf\" data-element_type=\"widget\" data-e-type=\"widget\" id=\"parrafo\" data-widget_type=\"text-editor.default\">\n\t\t\t\t<div class=\"elementor-widget-container\">\n\t\t\t\t\t\t\t\t\t<p>Lors d\u2019une retraite les protocoles de MTAAZ se combinent avec des techniques compl\u00e9mentaires.<\/p><p>Pendant une retraite ont lieu 3 ou 4 c\u00e9r\u00e9monies de MTAAZ avec la plante ayahuasca, on emploiera des techniques de nettoyage ou d\u00e9blocages, des bains m\u00e9dicinaux et des entretiens personnels avant et apr\u00e8s les c\u00e9r\u00e9monies. Les objectifs vis\u00e9s seront fix\u00e9s lors des entretiens et tous les moyens th\u00e9rapeutiques utilis\u00e9s seront orient\u00e9s pour les atteindre.<\/p><p>Chaque retraite dure entre 5 jours et une semaine, cependant la dur\u00e9e totale sera confirm\u00e9e lors de l\u2019entretien pr\u00e9alable.<\/p>\t\t\t\t\t\t\t\t<\/div>\n\t\t\t\t<\/div>\n\t\t\t\t<div class=\"elementor-element elementor-element-76a75cbb elementor-widget elementor-widget-image\" data-id=\"76a75cbb\" data-element_type=\"widget\" data-e-type=\"widget\" data-widget_type=\"image.default\">\n\t\t\t\t<div class=\"elementor-widget-container\">\n\t\t\t\t\t\t\t\t\t\t\t\t\t\t\t<img decoding=\"async\" width=\"800\" height=\"525\" src=\"https:\/\/sachaqente.com\/fr\/wp-content\/uploads\/2021\/12\/retiros-sachaqente-1.jpg\" class=\"attachment-large size-large wp-image-2037\" alt=\"\" srcset=\"https:\/\/sachaqente.com\/fr\/wp-content\/uploads\/2021\/12\/retiros-sachaqente-1.jpg 800w, https:\/\/sachaqente.com\/fr\/wp-content\/uploads\/2021\/12\/retiros-sachaqente-1-300x197.jpg 300w, https:\/\/sachaqente.com\/fr\/wp-content\/uploads\/2021\/12\/retiros-sachaqente-1-768x504.jpg 768w\" sizes=\"(max-width: 800px) 100vw, 800px\" \/>\t\t\t\t\t\t\t\t\t\t\t\t\t\t\t<\/div>\n\t\t\t\t<\/div>\n\t\t\t\t<div class=\"elementor-element elementor-element-58a797a elementor-widget elementor-widget-image\" data-id=\"58a797a\" data-element_type=\"widget\" data-e-type=\"widget\" data-widget_type=\"image.default\">\n\t\t\t\t<div class=\"elementor-widget-container\">\n\t\t\t\t\t\t\t\t\t\t\t\t\t\t\t<img decoding=\"async\" width=\"800\" height=\"533\" src=\"https:\/\/sachaqente.com\/fr\/wp-content\/uploads\/2021\/12\/retiros-sachaqente-3.jpg\" class=\"attachment-large size-large wp-image-2039\" alt=\"\" srcset=\"https:\/\/sachaqente.com\/fr\/wp-content\/uploads\/2021\/12\/retiros-sachaqente-3.jpg 800w, https:\/\/sachaqente.com\/fr\/wp-content\/uploads\/2021\/12\/retiros-sachaqente-3-300x200.jpg 300w, https:\/\/sachaqente.com\/fr\/wp-content\/uploads\/2021\/12\/retiros-sachaqente-3-768x512.jpg 768w\" sizes=\"(max-width: 800px) 100vw, 800px\" \/>\t\t\t\t\t\t\t\t\t\t\t\t\t\t\t<\/div>\n\t\t\t\t<\/div>\n\t\t\t\t<div class=\"elementor-element elementor-element-a3eb72d elementor-widget elementor-widget-video\" data-id=\"a3eb72d\" data-element_type=\"widget\" data-e-type=\"widget\" data-settings=\"{&quot;youtube_url&quot;:&quot;https:\\\/\\\/www.youtube.com\\\/watch?v=o5-QwtOAN8g&quot;,&quot;video_type&quot;:&quot;youtube&quot;,&quot;controls&quot;:&quot;yes&quot;}\" data-widget_type=\"video.default\">\n\t\t\t\t<div class=\"elementor-widget-container\">\n\t\t\t\t\t\t\t<div class=\"elementor-wrapper elementor-open-inline\">\n\t\t\t<div class=\"elementor-video\"><\/div>\t\t<\/div>\n\t\t\t\t\t\t<\/div>\n\t\t\t\t<\/div>\n\t\t\t\t<div class=\"elementor-element elementor-element-9e6b769 elementor-widget elementor-widget-heading\" data-id=\"9e6b769\" data-element_type=\"widget\" data-e-type=\"widget\" id=\"titulo\" data-widget_type=\"heading.default\">\n\t\t\t\t<div class=\"elementor-widget-container\">\n\t\t\t\t\t<h2 class=\"elementor-heading-title elementor-size-default\">Programme court: retraite de 4 ou 5 jours <\/h2>\t\t\t\t<\/div>\n\t\t\t\t<\/div>\n\t\t\t\t<div class=\"elementor-element elementor-element-2fe51a7 elementor-widget elementor-widget-heading\" data-id=\"2fe51a7\" data-element_type=\"widget\" data-e-type=\"widget\" data-widget_type=\"heading.default\">\n\t\t\t\t<div class=\"elementor-widget-container\">\n\t\t\t\t\t<h2 class=\"elementor-heading-title elementor-size-default\">(Selon qu\u2019il y ait 2 ou 3 c\u00e9r\u00e9monies)<\/h2>\t\t\t\t<\/div>\n\t\t\t\t<\/div>\n\t\t\t\t<div class=\"elementor-element elementor-element-d0f3c83 elementor-icon-list--layout-traditional elementor-list-item-link-full_width elementor-widget elementor-widget-icon-list\" data-id=\"d0f3c83\" data-element_type=\"widget\" data-e-type=\"widget\" data-widget_type=\"icon-list.default\">\n\t\t\t\t<div class=\"elementor-widget-container\">\n\t\t\t\t\t\t\t<ul class=\"elementor-icon-list-items\">\n\t\t\t\t\t\t\t<li class=\"elementor-icon-list-item\">\n\t\t\t\t\t\t\t\t\t\t\t<span class=\"elementor-icon-list-icon\">\n\t\t\t\t\t\t\t<i aria-hidden=\"true\" class=\"far fa-calendar-check\"><\/i>\t\t\t\t\t\t<\/span>\n\t\t\t\t\t\t\t\t\t\t<span class=\"elementor-icon-list-text\">Jour 1: regroupement des participants \u00e0 Cusco et transfert du groupe au Centre SQ (7 heures de voyage). Installation et purge vomitive avec une plante m\u00e9dicinale. Explication du travail<\/span>\n\t\t\t\t\t\t\t\t\t<\/li>\n\t\t\t\t\t\t\t\t<li class=\"elementor-icon-list-item\">\n\t\t\t\t\t\t\t\t\t\t\t<span class=\"elementor-icon-list-icon\">\n\t\t\t\t\t\t\t<i aria-hidden=\"true\" class=\"far fa-calendar-check\"><\/i>\t\t\t\t\t\t<\/span>\n\t\t\t\t\t\t\t\t\t\t<span class=\"elementor-icon-list-text\">Jour 2: pr\u00e9paration d\u2019offrandes, pri\u00e8res et br\u00fblage. Entretien personnel avec le Dr Pio, bains m\u00e9dicinaux et premi\u00e8re c\u00e9r\u00e9monie d\u2019ayahuasca<\/span>\n\t\t\t\t\t\t\t\t\t<\/li>\n\t\t\t\t\t\t\t\t<li class=\"elementor-icon-list-item\">\n\t\t\t\t\t\t\t\t\t\t\t<span class=\"elementor-icon-list-icon\">\n\t\t\t\t\t\t\t<i aria-hidden=\"true\" class=\"far fa-calendar-check\"><\/i>\t\t\t\t\t\t<\/span>\n\t\t\t\t\t\t\t\t\t\t<span class=\"elementor-icon-list-text\">Jour 3: entretien personnel avec le Dr Pio, bains m\u00e9dicinaux et deuxi\u00e8me c\u00e9r\u00e9monie d\u2019ayahuasca<\/span>\n\t\t\t\t\t\t\t\t\t<\/li>\n\t\t\t\t\t\t\t\t<li class=\"elementor-icon-list-item\">\n\t\t\t\t\t\t\t\t\t\t\t<span class=\"elementor-icon-list-icon\">\n\t\t\t\t\t\t\t<i aria-hidden=\"true\" class=\"far fa-calendar-check\"><\/i>\t\t\t\t\t\t<\/span>\n\t\t\t\t\t\t\t\t\t\t<span class=\"elementor-icon-list-text\">Jour 4: entretien personnel avec le Dr Pio, troisi\u00e8me c\u00e9r\u00e9monie d\u2019ayahuasca<\/span>\n\t\t\t\t\t\t\t\t\t<\/li>\n\t\t\t\t\t\t\t\t<li class=\"elementor-icon-list-item\">\n\t\t\t\t\t\t\t\t\t\t\t<span class=\"elementor-icon-list-icon\">\n\t\t\t\t\t\t\t<i aria-hidden=\"true\" class=\"far fa-calendar-check\"><\/i>\t\t\t\t\t\t<\/span>\n\t\t\t\t\t\t\t\t\t\t<span class=\"elementor-icon-list-text\">Jour 5: dernier jour, d\u00e9part apr\u00e8s le petit d\u00e9jeuner<\/span>\n\t\t\t\t\t\t\t\t\t<\/li>\n\t\t\t\t\t\t<\/ul>\n\t\t\t\t\t\t<\/div>\n\t\t\t\t<\/div>\n\t\t\t\t<div class=\"elementor-element elementor-element-4602ddf elementor-widget elementor-widget-heading\" data-id=\"4602ddf\" data-element_type=\"widget\" data-e-type=\"widget\" data-widget_type=\"heading.default\">\n\t\t\t\t<div class=\"elementor-widget-container\">\n\t\t\t\t\t<h2 class=\"elementor-heading-title elementor-size-default\">Programme long: retraite de 7 jours avec 4 c\u00e9r\u00e9monies\n<\/h2>\t\t\t\t<\/div>\n\t\t\t\t<\/div>\n\t\t\t\t<div class=\"elementor-element elementor-element-2b34639 elementor-icon-list--layout-traditional elementor-list-item-link-full_width elementor-widget elementor-widget-icon-list\" data-id=\"2b34639\" data-element_type=\"widget\" data-e-type=\"widget\" data-widget_type=\"icon-list.default\">\n\t\t\t\t<div class=\"elementor-widget-container\">\n\t\t\t\t\t\t\t<ul class=\"elementor-icon-list-items\">\n\t\t\t\t\t\t\t<li class=\"elementor-icon-list-item\">\n\t\t\t\t\t\t\t\t\t\t\t<span class=\"elementor-icon-list-icon\">\n\t\t\t\t\t\t\t<i aria-hidden=\"true\" class=\"far fa-calendar-check\"><\/i>\t\t\t\t\t\t<\/span>\n\t\t\t\t\t\t\t\t\t\t<span class=\"elementor-icon-list-text\">Jour 1: regroupement des participants \u00e0 Cusco et transfert du groupe au Centre SQ (7 heures de voyage). Installation et purge vomitive avec une plante m\u00e9dicinale. Explication du travail<\/span>\n\t\t\t\t\t\t\t\t\t<\/li>\n\t\t\t\t\t\t\t\t<li class=\"elementor-icon-list-item\">\n\t\t\t\t\t\t\t\t\t\t\t<span class=\"elementor-icon-list-icon\">\n\t\t\t\t\t\t\t<i aria-hidden=\"true\" class=\"far fa-calendar-check\"><\/i>\t\t\t\t\t\t<\/span>\n\t\t\t\t\t\t\t\t\t\t<span class=\"elementor-icon-list-text\">Jour 2: pr\u00e9paration d\u2019offrandes, pri\u00e8res et br\u00fblage. Entretien personnel avec le Dr Pio, bains m\u00e9dicinaux et premi\u00e8re c\u00e9r\u00e9monie d\u2019ayahuasca<\/span>\n\t\t\t\t\t\t\t\t\t<\/li>\n\t\t\t\t\t\t\t\t<li class=\"elementor-icon-list-item\">\n\t\t\t\t\t\t\t\t\t\t\t<span class=\"elementor-icon-list-icon\">\n\t\t\t\t\t\t\t<i aria-hidden=\"true\" class=\"far fa-calendar-check\"><\/i>\t\t\t\t\t\t<\/span>\n\t\t\t\t\t\t\t\t\t\t<span class=\"elementor-icon-list-text\">Jour 3: entretien personnel avec le Dr Pio, bains m\u00e9dicinaux et deuxi\u00e8me c\u00e9r\u00e9monie d\u2019ayahuasca<\/span>\n\t\t\t\t\t\t\t\t\t<\/li>\n\t\t\t\t\t\t\t\t<li class=\"elementor-icon-list-item\">\n\t\t\t\t\t\t\t\t\t\t\t<span class=\"elementor-icon-list-icon\">\n\t\t\t\t\t\t\t<i aria-hidden=\"true\" class=\"far fa-calendar-check\"><\/i>\t\t\t\t\t\t<\/span>\n\t\t\t\t\t\t\t\t\t\t<span class=\"elementor-icon-list-text\">Jour 4: repos<\/span>\n\t\t\t\t\t\t\t\t\t<\/li>\n\t\t\t\t\t\t\t\t<li class=\"elementor-icon-list-item\">\n\t\t\t\t\t\t\t\t\t\t\t<span class=\"elementor-icon-list-icon\">\n\t\t\t\t\t\t\t<i aria-hidden=\"true\" class=\"far fa-calendar-check\"><\/i>\t\t\t\t\t\t<\/span>\n\t\t\t\t\t\t\t\t\t\t<span class=\"elementor-icon-list-text\">Jour 5: entretien personnel avec le Dr Pio, troisi\u00e8me c\u00e9r\u00e9monie d\u2019ayahuasca<\/span>\n\t\t\t\t\t\t\t\t\t<\/li>\n\t\t\t\t\t\t\t\t<li class=\"elementor-icon-list-item\">\n\t\t\t\t\t\t\t\t\t\t\t<span class=\"elementor-icon-list-icon\">\n\t\t\t\t\t\t\t<i aria-hidden=\"true\" class=\"far fa-calendar-check\"><\/i>\t\t\t\t\t\t<\/span>\n\t\t\t\t\t\t\t\t\t\t<span class=\"elementor-icon-list-text\">Jour 6: entretien personnel avec le Dr Pio, quatri\u00e8me c\u00e9r\u00e9monie d\u2019ayahuasca<\/span>\n\t\t\t\t\t\t\t\t\t<\/li>\n\t\t\t\t\t\t\t\t<li class=\"elementor-icon-list-item\">\n\t\t\t\t\t\t\t\t\t\t\t<span class=\"elementor-icon-list-icon\">\n\t\t\t\t\t\t\t<i aria-hidden=\"true\" class=\"far fa-calendar-check\"><\/i>\t\t\t\t\t\t<\/span>\n\t\t\t\t\t\t\t\t\t\t<span class=\"elementor-icon-list-text\">Jour 7: d\u00e9part apr\u00e8s le petit d\u00e9jeuner<\/span>\n\t\t\t\t\t\t\t\t\t<\/li>\n\t\t\t\t\t\t<\/ul>\n\t\t\t\t\t\t<\/div>\n\t\t\t\t<\/div>\n\t\t\t\t<div class=\"elementor-element elementor-element-68d4da0 elementor-widget elementor-widget-heading\" data-id=\"68d4da0\" data-element_type=\"widget\" data-e-type=\"widget\" id=\"titulo\" data-widget_type=\"heading.default\">\n\t\t\t\t<div class=\"elementor-widget-container\">\n\t\t\t\t\t<h2 class=\"elementor-heading-title elementor-size-default\">Pr\u00e9cisions pour les Retraites<\/h2>\t\t\t\t<\/div>\n\t\t\t\t<\/div>\n\t\t\t\t<div class=\"elementor-element elementor-element-9c82637 elementor-widget-divider--view-line elementor-widget elementor-widget-divider\" data-id=\"9c82637\" data-element_type=\"widget\" data-e-type=\"widget\" data-widget_type=\"divider.default\">\n\t\t\t\t<div class=\"elementor-widget-container\">\n\t\t\t\t\t\t\t<div class=\"elementor-divider\">\n\t\t\t<span class=\"elementor-divider-separator\">\n\t\t\t\t\t\t<\/span>\n\t\t<\/div>\n\t\t\t\t\t\t<\/div>\n\t\t\t\t<\/div>\n\t\t\t\t<div class=\"elementor-element elementor-element-738b492 elementor-widget elementor-widget-heading\" data-id=\"738b492\" data-element_type=\"widget\" data-e-type=\"widget\" id=\"titulo\" data-widget_type=\"heading.default\">\n\t\t\t\t<div class=\"elementor-widget-container\">\n\t\t\t\t\t<h2 class=\"elementor-heading-title elementor-size-default\">Ce qui est inclus<\/h2>\t\t\t\t<\/div>\n\t\t\t\t<\/div>\n\t\t\t\t<div class=\"elementor-element elementor-element-c85f292 elementor-widget elementor-widget-text-editor\" data-id=\"c85f292\" data-element_type=\"widget\" data-e-type=\"widget\" id=\"parrafo\" data-widget_type=\"text-editor.default\">\n\t\t\t\t<div class=\"elementor-widget-container\">\n\t\t\t\t\t\t\t\t\t<p>Le nettoyage purgatif, l\u2019explication du travail \u00e0 faire, les entretiens avec le Dr Pio, les c\u00e9r\u00e9monies, l\u2019alimentation sp\u00e9cifique, l\u2019h\u00e9bergement, les tickets de bus Cusco \u2013 Logement \u2013 Cusco et la pr\u00e9paration des offrandes.<\/p>\t\t\t\t\t\t\t\t<\/div>\n\t\t\t\t<\/div>\n\t\t\t\t<div class=\"elementor-element elementor-element-63a5850 elementor-widget elementor-widget-heading\" data-id=\"63a5850\" data-element_type=\"widget\" data-e-type=\"widget\" id=\"titulo\" data-widget_type=\"heading.default\">\n\t\t\t\t<div class=\"elementor-widget-container\">\n\t\t\t\t\t<h2 class=\"elementor-heading-title elementor-size-default\">Ce qui n\u2019est pas inclus<\/h2>\t\t\t\t<\/div>\n\t\t\t\t<\/div>\n\t\t\t\t<div class=\"elementor-element elementor-element-1d2e54e elementor-widget elementor-widget-text-editor\" data-id=\"1d2e54e\" data-element_type=\"widget\" data-e-type=\"widget\" id=\"parrafo\" data-widget_type=\"text-editor.default\">\n\t\t\t\t<div class=\"elementor-widget-container\">\n\t\t\t\t\t\t\t\t\t<p>Les vols nationaux, l\u2019h\u00f4tel \u00e0 Cusco pour les jours additionnels hors retraite, tout transfert, les frais encourus hors programmation et les frais pour formalit\u00e9s bancaires.<\/p>\t\t\t\t\t\t\t\t<\/div>\n\t\t\t\t<\/div>\n\t\t\t\t<div class=\"elementor-element elementor-element-0ef331d elementor-widget elementor-widget-heading\" data-id=\"0ef331d\" data-element_type=\"widget\" data-e-type=\"widget\" id=\"titulo\" data-widget_type=\"heading.default\">\n\t\t\t\t<div class=\"elementor-widget-container\">\n\t\t\t\t\t<h2 class=\"elementor-heading-title elementor-size-default\">Admission et Co\u00fbt<\/h2>\t\t\t\t<\/div>\n\t\t\t\t<\/div>\n\t\t\t\t<div class=\"elementor-element elementor-element-b63b372 elementor-widget elementor-widget-text-editor\" data-id=\"b63b372\" data-element_type=\"widget\" data-e-type=\"widget\" id=\"parrafo\" data-widget_type=\"text-editor.default\">\n\t\t\t\t<div class=\"elementor-widget-container\">\n\t\t\t\t\t\t\t\t\t<p>Pour recevoir l\u2019information sur les prochaines dates de di\u00e8tes et le co\u00fbt, s\u2019adresser \u00e0: sachaquente@gmail.com<\/p>\t\t\t\t\t\t\t\t<\/div>\n\t\t\t\t<\/div>\n\t\t\t\t<div class=\"elementor-element elementor-element-185b71e elementor-widget elementor-widget-video\" data-id=\"185b71e\" data-element_type=\"widget\" data-e-type=\"widget\" data-settings=\"{&quot;youtube_url&quot;:&quot;https:\\\/\\\/www.youtube.com\\\/watch?v=YM0kmzQm7vw&quot;,&quot;video_type&quot;:&quot;youtube&quot;,&quot;controls&quot;:&quot;yes&quot;}\" data-widget_type=\"video.default\">\n\t\t\t\t<div class=\"elementor-widget-container\">\n\t\t\t\t\t\t\t<div class=\"elementor-wrapper elementor-open-inline\">\n\t\t\t<div class=\"elementor-video\"><\/div>\t\t<\/div>\n\t\t\t\t\t\t<\/div>\n\t\t\t\t<\/div>\n\t\t\t\t\t<\/div>\n\t\t<\/div>\n\t\t\t\t\t<\/div>\n\t\t<\/section>\n\t\t\t\t<section class=\"elementor-section elementor-top-section elementor-element elementor-element-591aa43d elementor-section-boxed elementor-section-height-default elementor-section-height-default\" data-id=\"591aa43d\" data-element_type=\"section\" data-e-type=\"section\" data-settings=\"{&quot;background_background&quot;:&quot;classic&quot;}\">\n\t\t\t\t\t\t<div class=\"elementor-container elementor-column-gap-default\">\n\t\t\t\t\t<div class=\"elementor-column elementor-col-100 elementor-top-column elementor-element elementor-element-71f67a72\" data-id=\"71f67a72\" data-element_type=\"column\" data-e-type=\"column\">\n\t\t\t<div class=\"elementor-widget-wrap elementor-element-populated\">\n\t\t\t\t\t\t<div class=\"elementor-element elementor-element-3d47fc46 elementor-cta--skin-classic elementor-animated-content elementor-widget elementor-widget-call-to-action\" data-id=\"3d47fc46\" data-element_type=\"widget\" data-e-type=\"widget\" data-widget_type=\"call-to-action.default\">\n\t\t\t\t<div class=\"elementor-widget-container\">\n\t\t\t\t\t\t\t<div class=\"elementor-cta\">\n\t\t\t\t\t\t\t<div class=\"elementor-cta__content\">\n\t\t\t\t\n\t\t\t\t\t\t\t\t\t<h2 class=\"elementor-cta__title elementor-cta__content-item elementor-content-item\">\n\t\t\t\t\t\tVoulez-vous que nous vous aidons \u00e0 savoir autre chose?\t\t\t\t\t<\/h2>\n\t\t\t\t\n\t\t\t\t\n\t\t\t\t\t\t\t\t\t<div class=\"elementor-cta__button-wrapper elementor-cta__content-item elementor-content-item \">\n\t\t\t\t\t<a class=\"elementor-cta__button elementor-button elementor-size-lg\" href=\"https:\/\/sachaqente.com\/fr\/consultations\/\">\n\t\t\t\t\t\t\u00c9CRIVEZ-NOUS\t\t\t\t\t<\/a>\n\t\t\t\t\t<\/div>\n\t\t\t\t\t\t\t<\/div>\n\t\t\t\t\t\t<\/div>\n\t\t\t\t\t\t<\/div>\n\t\t\t\t<\/div>\n\t\t\t\t\t<\/div>\n\t\t<\/div>\n\t\t\t\t\t<\/div>\n\t\t<\/section>\n\t\t\t\t<\/div>\n\t\t","protected":false},"excerpt":{"rendered":"<p>Retraites Di\u00e8tes \u25cb Condiciones \u25cb Programa \u25cb Advertencia Qu\u2019est-ce qu\u2019une retraite et \u00e0 quoi sert-elle? Lors d\u2019une retraite les protocoles de MTAAZ se combinent avec des techniques compl\u00e9mentaires. Pendant une retraite ont lieu 3 ou 4 c\u00e9r\u00e9monies de MTAAZ avec la plante ayahuasca, on emploiera des techniques de nettoyage ou d\u00e9blocages, des bains m\u00e9dicinaux et &hellip;<\/p>\n<p class=\"read-more\"> <a class=\"\" href=\"https:\/\/sachaqente.com\/fr\/retraites-dietes\/retraites\/\"> <span class=\"screen-reader-text\">Retraites<\/span> Leer m\u00e1s &raquo;<\/a><\/p>\n","protected":false},"author":1,"featured_media":0,"parent":489,"menu_order":0,"comment_status":"closed","ping_status":"closed","template":"","meta":{"site-sidebar-layout":"no-sidebar","site-content-layout":"page-builder","ast-main-header-display":"","ast-hfb-above-header-display":"","ast-hfb-below-header-display":"","ast-hfb-mobile-header-display":"","site-post-title":"disabled","ast-breadcrumbs-content":"","ast-featured-img":"","footer-sml-layout":"","theme-transparent-header-meta":"default","adv-header-id-meta":"","stick-header-meta":"","header-above-stick-meta":"","header-main-stick-meta":"","header-below-stick-meta":"","footnotes":""},"class_list":["post-1300","page","type-page","status-publish","hentry"],"_links":{"self":[{"href":"https:\/\/sachaqente.com\/fr\/wp-json\/wp\/v2\/pages\/1300","targetHints":{"allow":["GET"]}}],"collection":[{"href":"https:\/\/sachaqente.com\/fr\/wp-json\/wp\/v2\/pages"}],"about":[{"href":"https:\/\/sachaqente.com\/fr\/wp-json\/wp\/v2\/types\/page"}],"author":[{"embeddable":true,"href":"https:\/\/sachaqente.com\/fr\/wp-json\/wp\/v2\/users\/1"}],"replies":[{"embeddable":true,"href":"https:\/\/sachaqente.com\/fr\/wp-json\/wp\/v2\/comments?post=1300"}],"version-history":[{"count":86,"href":"https:\/\/sachaqente.com\/fr\/wp-json\/wp\/v2\/pages\/1300\/revisions"}],"predecessor-version":[{"id":2761,"href":"https:\/\/sachaqente.com\/fr\/wp-json\/wp\/v2\/pages\/1300\/revisions\/2761"}],"up":[{"embeddable":true,"href":"https:\/\/sachaqente.com\/fr\/wp-json\/wp\/v2\/pages\/489"}],"wp:attachment":[{"href":"https:\/\/sachaqente.com\/fr\/wp-json\/wp\/v2\/media?parent=1300"}],"curies":[{"name":"wp","href":"https:\/\/api.w.org\/{rel}","templated":true}]}}